{"id":3,"date":"2024-02-03T01:22:36","date_gmt":"2024-02-03T01:22:36","guid":{"rendered":"https:\/\/nordic-chefs.com\/?page_id=3"},"modified":"2025-03-23T00:55:41","modified_gmt":"2025-03-22T22:55:41","slug":"privatlivspolitik","status":"publish","type":"page","link":"https:\/\/nordic-chefs.com\/da\/privacy-policy\/","title":{"rendered":"Politik for beskyttelse af personlige oplysninger"},"content":{"rendered":"<div data-elementor-type=\"wp-page\" data-elementor-id=\"3\" class=\"elementor elementor-3\" data-elementor-post-type=\"page\">\n\t\t\t\t<div class=\"elementor-element elementor-element-2266a8ea e-flex e-con-boxed e-con e-parent\" data-id=\"2266a8ea\" data-element_type=\"container\" data-e-type=\"container\">\n\t\t\t\t\t<div class=\"e-con-inner\">\n\t\t<div class=\"elementor-element elementor-element-0903ec7 e-con-full e-flex e-con e-child\" data-id=\"0903ec7\" data-element_type=\"container\" data-e-type=\"container\" data-settings=\"{&quot;background_background&quot;:&quot;classic&quot;}\">\n\t\t\t\t<div class=\"elementor-element elementor-element-970617f elementor-widget elementor-widget-heading\" data-id=\"970617f\" data-element_type=\"widget\" data-e-type=\"widget\" data-widget_type=\"heading.default\">\n\t\t\t\t<div class=\"elementor-widget-container\">\n\t\t\t\t\t<h1 class=\"elementor-heading-title elementor-size-default\">Politik for beskyttelse af personlige oplysninger<\/h1>\t\t\t\t<\/div>\n\t\t\t\t<\/div>\n\t\t\t\t<div class=\"elementor-element elementor-element-3156e34f elementor-widget elementor-widget-text-editor\" data-id=\"3156e34f\" data-element_type=\"widget\" data-e-type=\"widget\" data-widget_type=\"text-editor.default\">\n\t\t\t\t<div class=\"elementor-widget-container\">\n\t\t\t\t\t\t\t\t\t<p>Denne privatlivspolitik beskriver politikkerne for Nordic Chefs, M\u00f8llevej 17, Kirke Hyllinge 4070, Danmark, e-mail: info@nordic-chefs.com, telefon: 29429089 om indsamling, brug og videregivelse af dine oplysninger, som vi indsamler, n\u00e5r du bruger vores hjemmeside ( https:\/\/nordic-chefs.com\/ ). (\"Tjenesten\").<\/p>\n<p>\u00a0<\/p>\n<p>Ved at f\u00e5 adgang til eller bruge tjenesten giver du samtykke til indsamling, brug og videregivelse af dine oplysninger i overensstemmelse med denne fortrolighedspolitik. Hvis du ikke giver samtykke til det samme, skal du ikke f\u00e5 adgang til eller bruge tjenesten. Vi kan til enhver tid \u00e6ndre denne fortrolighedspolitik uden forudg\u00e5ende varsel til dig og vil offentligg\u00f8re den reviderede fortrolighedspolitik p\u00e5 tjenesten.<\/p>\n<p>\u00a0<\/p>\n<p>Den reviderede politik tr\u00e6der i kraft 180 dage efter, at den reviderede politik er offentliggjort i tjenesten, og din fortsatte adgang til eller brug af tjenesten efter dette tidspunkt vil udg\u00f8re din accept af den reviderede privatlivspolitik. Vi anbefaler derfor, at du j\u00e6vnligt gennemg\u00e5r denne side.<\/p>\t\t\t\t\t\t\t\t<\/div>\n\t\t\t\t<\/div>\n\t\t\t\t<\/div>\n\t\t<div class=\"elementor-element elementor-element-2c69aa5 e-con-full e-flex e-con e-child\" data-id=\"2c69aa5\" data-element_type=\"container\" data-e-type=\"container\" data-settings=\"{&quot;background_background&quot;:&quot;classic&quot;}\">\n\t\t<div class=\"elementor-element elementor-element-151780a e-con-full e-flex e-con e-child\" data-id=\"151780a\" data-element_type=\"container\" data-e-type=\"container\">\n\t\t\t\t<div class=\"elementor-element elementor-element-9b61484 elementor-widget__width-inherit elementor-widget elementor-widget-heading\" data-id=\"9b61484\" data-element_type=\"widget\" data-e-type=\"widget\" data-widget_type=\"heading.default\">\n\t\t\t\t<div class=\"elementor-widget-container\">\n\t\t\t\t\t<h2 class=\"elementor-heading-title elementor-size-default\">Oplysninger, vi indsamler:<\/h2>\t\t\t\t<\/div>\n\t\t\t\t<\/div>\n\t\t\t\t<div class=\"elementor-element elementor-element-a6edb82 elementor-widget elementor-widget-text-editor\" data-id=\"a6edb82\" data-element_type=\"widget\" data-e-type=\"widget\" data-widget_type=\"text-editor.default\">\n\t\t\t\t<div class=\"elementor-widget-container\">\n\t\t\t\t\t\t\t\t\t<p class=\"privacy-policy-p\">Vi vil indsamle og behandle f\u00f8lgende personlige oplysninger om dig:<\/p>\n<ol class=\"privacy-policy-ol\">\n<li>Navn<\/li>\n<li>E-mail<\/li>\n<li>Adresse<\/li>\n<li>Arbejdsadresse<\/li>\n<li>Info om betaling<\/li>\n<\/ol>\t\t\t\t\t\t\t\t<\/div>\n\t\t\t\t<\/div>\n\t\t\t\t<\/div>\n\t\t<div class=\"elementor-element elementor-element-19bf55b e-con-full e-flex e-con e-child\" data-id=\"19bf55b\" data-element_type=\"container\" data-e-type=\"container\">\n\t\t\t\t<div class=\"elementor-element elementor-element-5238cb0 elementor-widget__width-inherit elementor-widget elementor-widget-heading\" data-id=\"5238cb0\" data-element_type=\"widget\" data-e-type=\"widget\" data-widget_type=\"heading.default\">\n\t\t\t\t<div class=\"elementor-widget-container\">\n\t\t\t\t\t<h2 class=\"elementor-heading-title elementor-size-default\">Hvordan vi bruger dine oplysninger:<\/h2>\t\t\t\t<\/div>\n\t\t\t\t<\/div>\n\t\t\t\t<div class=\"elementor-element elementor-element-748de27 elementor-widget elementor-widget-text-editor\" data-id=\"748de27\" data-element_type=\"widget\" data-e-type=\"widget\" data-widget_type=\"text-editor.default\">\n\t\t\t\t<div class=\"elementor-widget-container\">\n\t\t\t\t\t\t\t\t\t<p class=\"privacy-policy-p\">Vi vil bruge de oplysninger, vi indsamler om dig, til f\u00f8lgende form\u00e5l:<\/p>\n<ol class=\"privacy-policy-ol\">\n<li>Marketing\/promotion<\/li>\n<li>St\u00f8tte<\/li>\n<li>M\u00e5lrettet annoncering<\/li>\n<li>Administrer kundeordrer<\/li>\n<li>L\u00f8sning af tvister<\/li>\n<\/ol>\t\t\t\t\t\t\t\t<\/div>\n\t\t\t\t<\/div>\n\t\t\t\t<\/div>\n\t\t\t\t<\/div>\n\t\t<div class=\"elementor-element elementor-element-789cf86 e-con-full e-flex e-con e-child\" data-id=\"789cf86\" data-element_type=\"container\" data-e-type=\"container\" data-settings=\"{&quot;background_background&quot;:&quot;classic&quot;}\">\n\t\t\t\t<div class=\"elementor-element elementor-element-14a1709 elementor-widget__width-inherit elementor-widget elementor-widget-heading\" data-id=\"14a1709\" data-element_type=\"widget\" data-e-type=\"widget\" data-widget_type=\"heading.default\">\n\t\t\t\t<div class=\"elementor-widget-container\">\n\t\t\t\t\t<h2 class=\"elementor-heading-title elementor-size-default\">Hvordan vi deler dine oplysninger<\/h2>\t\t\t\t<\/div>\n\t\t\t\t<\/div>\n\t\t<div class=\"elementor-element elementor-element-2449bf3 e-con-full e-flex e-con e-child\" data-id=\"2449bf3\" data-element_type=\"container\" data-e-type=\"container\">\n\t\t\t\t<div class=\"elementor-element elementor-element-b75a790 elementor-widget elementor-widget-text-editor\" data-id=\"b75a790\" data-element_type=\"widget\" data-e-type=\"widget\" data-widget_type=\"text-editor.default\">\n\t\t\t\t<div class=\"elementor-widget-container\">\n\t\t\t\t\t\t\t\t\t<p class=\"privacy-policy-p\">Vi overf\u00f8rer ikke dine personlige oplysninger til nogen tredjepart uden at indhente dit samtykke, undtagen under begr\u00e6nsede omst\u00e6ndigheder som beskrevet nedenfor:<\/p>\n<p>\u00a0<\/p>\n<ol class=\"privacy-policy-ol\">\n<li>Annonce-service<\/li>\n<li>Analyse<\/li>\n<li>Inddrivelse af betalinger<\/li>\n<li>Dataindsamling og -proces<\/li>\n<\/ol>\t\t\t\t\t\t\t\t<\/div>\n\t\t\t\t<\/div>\n\t\t\t\t<\/div>\n\t\t<div class=\"elementor-element elementor-element-57a333e e-con-full e-flex e-con e-child\" data-id=\"57a333e\" data-element_type=\"container\" data-e-type=\"container\">\n\t\t\t\t<div class=\"elementor-element elementor-element-80b9904 elementor-widget elementor-widget-text-editor\" data-id=\"80b9904\" data-element_type=\"widget\" data-e-type=\"widget\" data-widget_type=\"text-editor.default\">\n\t\t\t\t<div class=\"elementor-widget-container\">\n\t\t\t\t\t\t\t\t\t<p>Vi kr\u00e6ver, at s\u00e5danne tredjeparter kun bruger de personlige oplysninger, vi overf\u00f8rer til dem, til det form\u00e5l, de blev overf\u00f8rt til, og ikke opbevarer dem l\u00e6ngere, end det er n\u00f8dvendigt for at opfylde det n\u00e6vnte form\u00e5l.<\/p>\n<p>\u00a0<\/p>\n<p>Vi kan ogs\u00e5 videregive dine personlige oplysninger til f\u00f8lgende: (1) for at overholde g\u00e6ldende lov, regulering, retskendelse eller anden juridisk proces; (2) for at h\u00e5ndh\u00e6ve dine aftaler med os, herunder denne fortrolighedspolitik; eller (3) for at reagere p\u00e5 p\u00e5stande om, at din brug af tjenesten kr\u00e6nker tredjeparts rettigheder. Hvis tjenesten eller vores virksomhed fusioneres eller opk\u00f8bes med en anden virksomhed, vil dine oplysninger v\u00e6re et af de aktiver, der overf\u00f8res til den nye ejer.<\/p>\t\t\t\t\t\t\t\t<\/div>\n\t\t\t\t<\/div>\n\t\t\t\t<\/div>\n\t\t\t\t<\/div>\n\t\t<div class=\"elementor-element elementor-element-ddadaf5 e-con-full e-flex e-con e-child\" data-id=\"ddadaf5\" data-element_type=\"container\" data-e-type=\"container\" data-settings=\"{&quot;background_background&quot;:&quot;classic&quot;}\">\n\t\t\t\t<div class=\"elementor-element elementor-element-50d6d8d elementor-widget__width-inherit elementor-widget elementor-widget-heading\" data-id=\"50d6d8d\" data-element_type=\"widget\" data-e-type=\"widget\" data-widget_type=\"heading.default\">\n\t\t\t\t<div class=\"elementor-widget-container\">\n\t\t\t\t\t<h2 class=\"elementor-heading-title elementor-size-default\">Opbevaring af dine oplysninger<\/h2>\t\t\t\t<\/div>\n\t\t\t\t<\/div>\n\t\t<div class=\"elementor-element elementor-element-546bd9b e-flex e-con-boxed e-con e-child\" data-id=\"546bd9b\" data-element_type=\"container\" data-e-type=\"container\">\n\t\t\t\t\t<div class=\"e-con-inner\">\n\t\t\t\t<div class=\"elementor-element elementor-element-5d7748b elementor-widget elementor-widget-text-editor\" data-id=\"5d7748b\" data-element_type=\"widget\" data-e-type=\"widget\" data-widget_type=\"text-editor.default\">\n\t\t\t\t<div class=\"elementor-widget-container\">\n\t\t\t\t\t\t\t\t\t<p class=\"privacy-policy-p\">Vi opbevarer dine personlige oplysninger hos os i 90 dage til 2 \u00e5r efter, at brugerne har opsagt deres konti, eller s\u00e5 l\u00e6nge vi har brug for dem til at opfylde de form\u00e5l, som de blev indsamlet til, som beskrevet i denne privatlivspolitik. Vi kan v\u00e6re n\u00f8dt til at opbevare visse oplysninger i l\u00e6ngere perioder, f.eks. til registrering\/rapportering i overensstemmelse med g\u00e6ldende lovgivning eller af andre legitime \u00e5rsager som f.eks. h\u00e5ndh\u00e6velse af juridiske rettigheder, forebyggelse af svindel osv. Resterende anonyme oplysninger og samlede oplysninger, hvoraf ingen identificerer dig (direkte eller indirekte), kan gemmes p\u00e5 ubestemt tid.<\/p>\t\t\t\t\t\t\t\t<\/div>\n\t\t\t\t<\/div>\n\t\t\t\t\t<\/div>\n\t\t\t\t<\/div>\n\t\t\t\t<\/div>\n\t\t<div class=\"elementor-element elementor-element-db05d39 e-con-full e-flex e-con e-child\" data-id=\"db05d39\" data-element_type=\"container\" data-e-type=\"container\" data-settings=\"{&quot;background_background&quot;:&quot;classic&quot;}\">\n\t\t\t\t<div class=\"elementor-element elementor-element-2af5058 elementor-widget__width-inherit elementor-widget elementor-widget-heading\" data-id=\"2af5058\" data-element_type=\"widget\" data-e-type=\"widget\" data-widget_type=\"heading.default\">\n\t\t\t\t<div class=\"elementor-widget-container\">\n\t\t\t\t\t<h2 class=\"elementor-heading-title elementor-size-default\">Dine rettigheder<\/h2>\t\t\t\t<\/div>\n\t\t\t\t<\/div>\n\t\t<div class=\"elementor-element elementor-element-922716c e-flex e-con-boxed e-con e-child\" data-id=\"922716c\" data-element_type=\"container\" data-e-type=\"container\">\n\t\t\t\t\t<div class=\"e-con-inner\">\n\t\t\t\t<div class=\"elementor-element elementor-element-440447f elementor-widget elementor-widget-text-editor\" data-id=\"440447f\" data-element_type=\"widget\" data-e-type=\"widget\" data-widget_type=\"text-editor.default\">\n\t\t\t\t<div class=\"elementor-widget-container\">\n\t\t\t\t\t\t\t\t\tAfh\u00e6ngigt af den g\u00e6ldende lovgivning kan du have ret til at f\u00e5 adgang til og rette eller slette dine personlige data eller modtage en kopi af dine personlige data, begr\u00e6nse eller g\u00f8re indsigelse mod den aktive behandling af dine data, bede os om at dele (overf\u00f8re) dine personlige oplysninger til en anden enhed, tr\u00e6kke ethvert samtykke, du har givet os til at behandle dine data, tilbage, en ret til at indgive en klage til en lovbestemt myndighed og s\u00e5danne andre rettigheder, som kan v\u00e6re relevante i henhold til g\u00e6ldende lovgivning. For at ud\u00f8ve disse rettigheder kan du skrive til os p\u00e5 info@nordic-chefs.com. Vi vil besvare din anmodning i overensstemmelse med g\u00e6ldende lovgivning.\n\nDu kan frav\u00e6lge direkte markedsf\u00f8ringskommunikation eller den profilering, vi udf\u00f8rer til markedsf\u00f8ringsform\u00e5l, ved at skrive til os p\u00e5 info@nordic-chefs.com.\n\nBem\u00e6rk, at hvis du ikke tillader os at indsamle eller behandle de kr\u00e6vede personlige oplysninger eller tr\u00e6kker dit samtykke til at behandle dem til de kr\u00e6vede form\u00e5l tilbage, kan du muligvis ikke f\u00e5 adgang til eller bruge de tjenester, som dine oplysninger blev s\u00f8gt til.\t\t\t\t\t\t\t\t<\/div>\n\t\t\t\t<\/div>\n\t\t\t\t\t<\/div>\n\t\t\t\t<\/div>\n\t\t\t\t<\/div>\n\t\t\t\t\t<\/div>\n\t\t\t\t<\/div>\n\t\t\t\t<\/div>","protected":false},"excerpt":{"rendered":"<p>Privacy Policy This Privacy Policy describes the policies of Nordic Chefs, M\u00f8llevej 17, Kirke Hyllinge 4070, Denmark, email: info@nordic-chefs.com, phone: 29429089 on the collection, use and disclosure of your information that we collect when you use our website ( https:\/\/nordic-chefs.com\/ ). (the \u201cService\u201d). \u00a0 By accessing or using the Service, you are consenting to the [&hellip;]<\/p>\n","protected":false},"author":1,"featured_media":0,"parent":0,"menu_order":0,"comment_status":"closed","ping_status":"closed","template":"","meta":{"_acf_changed":false,"_seopress_robots_primary_cat":"","_seopress_titles_title":"","_seopress_titles_desc":"","_seopress_robots_index":"","footnotes":""},"class_list":["post-3","page","type-page","status-publish","hentry"],"acf":[],"_links":{"self":[{"href":"https:\/\/nordic-chefs.com\/da\/wp-json\/wp\/v2\/pages\/3","targetHints":{"allow":["GET"]}}],"collection":[{"href":"https:\/\/nordic-chefs.com\/da\/wp-json\/wp\/v2\/pages"}],"about":[{"href":"https:\/\/nordic-chefs.com\/da\/wp-json\/wp\/v2\/types\/page"}],"author":[{"embeddable":true,"href":"https:\/\/nordic-chefs.com\/da\/wp-json\/wp\/v2\/users\/1"}],"replies":[{"embeddable":true,"href":"https:\/\/nordic-chefs.com\/da\/wp-json\/wp\/v2\/comments?post=3"}],"version-history":[{"count":0,"href":"https:\/\/nordic-chefs.com\/da\/wp-json\/wp\/v2\/pages\/3\/revisions"}],"wp:attachment":[{"href":"https:\/\/nordic-chefs.com\/da\/wp-json\/wp\/v2\/media?parent=3"}],"curies":[{"name":"wp","href":"https:\/\/api.w.org\/{rel}","templated":true}]}}