{"id":10069,"date":"2024-10-12T14:24:16","date_gmt":"2024-10-12T12:24:16","guid":{"rendered":"https:\/\/nordic-chefs.com\/?post_type=product&#038;p=10069"},"modified":"2026-05-04T10:52:03","modified_gmt":"2026-05-04T08:52:03","slug":"almindelig-diskform","status":"publish","type":"product","link":"https:\/\/nordic-chefs.com\/da\/shop\/plain-disk-mold\/","title":{"rendered":"Almindelig diskform"},"content":{"rendered":"<p>Vores almindelige diskform er designet til kokke, der synes, at traditionelle diskforme er for store til deres behov - denne er anderledes. Med en pr\u00e6cis st\u00f8rrelse p\u00e5 80 mm i diameter og 15 mm i h\u00f8jden er den det perfekte valg til at skabe elegante, perfekt portionerede desserter hver gang.<\/p>\n<p>Designet og produceret i Danmark, fremstillet af 100% f\u00f8devaregodkendt silikone.<\/p>\n<p>Hver ordre indeholder 1 silikoneform med 3 almindelige diskforme, der kan modst\u00e5 temperaturer fra -50C til +250C.<\/p>\n<p><strong>\u00a0<\/strong><\/p>","protected":false},"excerpt":{"rendered":"<p style=\"text-align: center;\">Vores almindelige diskform er designet til kokke, der finder traditionelle diskforme for store til deres behov - denne er anderledes. Med en pr\u00e6cis st\u00f8rrelse p\u00e5 80 mm i diameter og 15 mm i h\u00f8jden er den det perfekte valg til at skabe elegante, perfekt portionerede desserter hver gang.<\/p>\n<p style=\"text-align: center;\">","protected":false},"featured_media":14883,"template":"","meta":{"_acf_changed":false,"_seopress_robots_primary_cat":"none","_seopress_titles_title":"Plain Disk silicone mold for creating desserts for chefs","_seopress_titles_desc":"Create stunning desserts with our smaller disk mold - perfect for restaurants like desserts that needs the simplistic look. perfect for any desserts","_seopress_robots_index":"","wprm-recipe-roundup-name":"","wprm-recipe-roundup-description":""},"product_brand":[],"product_cat":[91,104],"product_tag":[128,129],"class_list":{"0":"post-10069","1":"product","2":"type-product","3":"status-publish","4":"has-post-thumbnail","6":"product_cat-silicone-molds","7":"product_cat-silicone-molds-3d","8":"product_tag-molds","9":"product_tag-silicone","10":"product-type-simple","11":"tm-no-options","13":"first","14":"instock","15":"taxable","16":"shipping-taxable","17":"purchasable"},"acf":[],"_links":{"self":[{"href":"https:\/\/nordic-chefs.com\/da\/wp-json\/wp\/v2\/product\/10069","targetHints":{"allow":["GET"]}}],"collection":[{"href":"https:\/\/nordic-chefs.com\/da\/wp-json\/wp\/v2\/product"}],"about":[{"href":"https:\/\/nordic-chefs.com\/da\/wp-json\/wp\/v2\/types\/product"}],"version-history":[{"count":1,"href":"https:\/\/nordic-chefs.com\/da\/wp-json\/wp\/v2\/product\/10069\/revisions"}],"predecessor-version":[{"id":20357,"href":"https:\/\/nordic-chefs.com\/da\/wp-json\/wp\/v2\/product\/10069\/revisions\/20357"}],"wp:featuredmedia":[{"embeddable":true,"href":"https:\/\/nordic-chefs.com\/da\/wp-json\/wp\/v2\/media\/14883"}],"wp:attachment":[{"href":"https:\/\/nordic-chefs.com\/da\/wp-json\/wp\/v2\/media?parent=10069"}],"wp:term":[{"taxonomy":"product_brand","embeddable":true,"href":"https:\/\/nordic-chefs.com\/da\/wp-json\/wp\/v2\/product_brand?post=10069"},{"taxonomy":"product_cat","embeddable":true,"href":"https:\/\/nordic-chefs.com\/da\/wp-json\/wp\/v2\/product_cat?post=10069"},{"taxonomy":"product_tag","embeddable":true,"href":"https:\/\/nordic-chefs.com\/da\/wp-json\/wp\/v2\/product_tag?post=10069"}],"curies":[{"name":"wp","href":"https:\/\/api.w.org\/{rel}","templated":true}]}}