{"id":10485,"date":"2024-11-15T12:07:29","date_gmt":"2024-11-15T10:07:29","guid":{"rendered":"https:\/\/nordic-chefs.com\/?post_type=product&#038;p=10485"},"modified":"2025-11-28T15:17:28","modified_gmt":"2025-11-28T13:17:28","slug":"blomstertuile","status":"publish","type":"product","link":"https:\/\/nordic-chefs.com\/da\/shop\/bloom-tuile\/","title":{"rendered":"Bloom Tuile"},"content":{"rendered":"<p>Med vores Bloom tuile kan du lave seks blomstertuiler ad gangen. Det elegante design g\u00f8r denne form alsidig til at lave smukke kreationer. Den er designet og produceret i Danmark og er fremstillet af 100% f\u00f8devaregodkendt silikone i vores karakteristiske m\u00f8rke skovgr\u00f8nne farve, som afspejler det nordiske landskab. Disse holdbare silikoneforme til bagning kan modst\u00e5 temperaturer fra -50 \u00b0C til +250 \u00b0C og er ideelle til brug i enhver fryser eller ovn.<\/p>","protected":false},"excerpt":{"rendered":"<p style=\"text-align: center;\">Our Bloom tuile lets you create six flower tuille at a time. Its elegant design makes this mold versatile for making beautiful creations.<\/p>","protected":false},"featured_media":14901,"template":"","meta":{"_acf_changed":false,"_seopress_robots_primary_cat":"none","_seopress_titles_title":"Bloom tuile silicone mold - Made in Denmark by Nordic Chefs","_seopress_titles_desc":"Our Flower Tuille is made for professional chefs and works in both desserts and snacks I our silicon molds is made in our unique dark forest green","_seopress_robots_index":""},"product_brand":[],"product_cat":[91,102],"product_tag":[],"class_list":{"0":"post-10485","1":"product","2":"type-product","3":"status-publish","4":"has-post-thumbnail","6":"product_cat-silicone-molds","7":"product_cat-silicone-molds-2d","8":"product-type-simple","9":"tm-no-options","11":"first","12":"instock","13":"taxable","14":"shipping-taxable","15":"purchasable"},"acf":[],"_links":{"self":[{"href":"https:\/\/nordic-chefs.com\/da\/wp-json\/wp\/v2\/product\/10485","targetHints":{"allow":["GET"]}}],"collection":[{"href":"https:\/\/nordic-chefs.com\/da\/wp-json\/wp\/v2\/product"}],"about":[{"href":"https:\/\/nordic-chefs.com\/da\/wp-json\/wp\/v2\/types\/product"}],"version-history":[{"count":0,"href":"https:\/\/nordic-chefs.com\/da\/wp-json\/wp\/v2\/product\/10485\/revisions"}],"wp:featuredmedia":[{"embeddable":true,"href":"https:\/\/nordic-chefs.com\/da\/wp-json\/wp\/v2\/media\/14901"}],"wp:attachment":[{"href":"https:\/\/nordic-chefs.com\/da\/wp-json\/wp\/v2\/media?parent=10485"}],"wp:term":[{"taxonomy":"product_brand","embeddable":true,"href":"https:\/\/nordic-chefs.com\/da\/wp-json\/wp\/v2\/product_brand?post=10485"},{"taxonomy":"product_cat","embeddable":true,"href":"https:\/\/nordic-chefs.com\/da\/wp-json\/wp\/v2\/product_cat?post=10485"},{"taxonomy":"product_tag","embeddable":true,"href":"https:\/\/nordic-chefs.com\/da\/wp-json\/wp\/v2\/product_tag?post=10485"}],"curies":[{"name":"wp","href":"https:\/\/api.w.org\/{rel}","templated":true}]}}