{"id":10779,"date":"2024-12-18T16:10:17","date_gmt":"2024-12-18T14:10:17","guid":{"rendered":"https:\/\/nordic-chefs.com\/?post_type=product&#038;p=10779"},"modified":"2026-02-20T23:42:14","modified_gmt":"2026-02-20T21:42:14","slug":"tartelettsaet-med-hummerhale","status":"publish","type":"product","link":"https:\/\/nordic-chefs.com\/da\/shop\/lobster-tail-tartelette-set\/","title":{"rendered":"Tartelette-s\u00e6t med hummerhale"},"content":{"rendered":"<p>Vores silikoneform g\u00f8r det nemt at lave fem elegante hummerhaletarteletter p\u00e5 \u00e9n gang. S\u00e6ttet indeholder en udstikker til at tilpasse dejen perfekt til formen, s\u00e5 du f\u00e5r et ensartet resultat hver gang. Brug den til at lave t\u00e6rter eller til at lave en dessert - ligesom vores ven Claus p\u00e5 Restaurant MOTA. <a href=\"https:\/\/nordic-chefs.com\/da\/opskrift-pa-dessert-med-hummerhale\/\">OPSKRIFT HER!<\/a><\/p>\n<p>Den er lavet af 100% f\u00f8devaregodkendt silikone, formen er holdbar og t\u00e5ler temperaturer fra -50\u00b0C til +250\u00b0C. Den er velegnet til ovne, frysere og chokfrysning, hvilket g\u00f8r den ideel til b\u00e5de s\u00f8de og salte opskrifter.<\/p>\n<h5><strong><em>Denne form er designet og produceret i Danmark og er et praktisk og p\u00e5lideligt v\u00e6rkt\u00f8j til kokke og hjemmekokke, der \u00f8nsker at skabe fantastiske retter i restaurantkvalitet.<\/em><\/strong><\/h5>","protected":false},"excerpt":{"rendered":"<p style=\"text-align: center\">Vores silikoneform g\u00f8r det nemt at lave fem elegante hummerhaletarteletter p\u00e5 \u00e9n gang. S\u00e6ttet indeholder en udstikker til at tilpasse dejen perfekt til formen, s\u00e5 du f\u00e5r et ensartet resultat hver gang. Brug den til at lave t\u00e6rter eller til at lave en dessert - ligesom vores ven Claus p\u00e5 Restaurant MOTA. <a href=\"https:\/\/nordic-chefs.com\/da\/opskrift-pa-dessert-med-hummerhale\/\">OPSKRIFT HER!<\/a><\/p>","protected":false},"featured_media":14863,"template":"","meta":{"_acf_changed":false,"_seopress_robots_primary_cat":"none","_seopress_titles_title":"Lobster silicone mold - Create lobster tarts","_seopress_titles_desc":"Lobster tartelette mold design and made in Denmark. Create stunning snacks or desserts with this popular silicone mold","_seopress_robots_index":""},"product_brand":[],"product_cat":[91,136],"product_tag":[137,128,139,129,138],"class_list":{"0":"post-10779","1":"product","2":"type-product","3":"status-publish","4":"has-post-thumbnail","6":"product_cat-silicone-molds","7":"product_cat-tartelette-silicone-molds","8":"product_tag-lobster","9":"product_tag-molds","10":"product_tag-realistic","11":"product_tag-silicone","12":"product_tag-tail","13":"product-type-simple","14":"tm-no-options","16":"first","17":"instock","18":"taxable","19":"shipping-taxable","20":"purchasable"},"acf":[],"_links":{"self":[{"href":"https:\/\/nordic-chefs.com\/da\/wp-json\/wp\/v2\/product\/10779","targetHints":{"allow":["GET"]}}],"collection":[{"href":"https:\/\/nordic-chefs.com\/da\/wp-json\/wp\/v2\/product"}],"about":[{"href":"https:\/\/nordic-chefs.com\/da\/wp-json\/wp\/v2\/types\/product"}],"version-history":[{"count":0,"href":"https:\/\/nordic-chefs.com\/da\/wp-json\/wp\/v2\/product\/10779\/revisions"}],"wp:featuredmedia":[{"embeddable":true,"href":"https:\/\/nordic-chefs.com\/da\/wp-json\/wp\/v2\/media\/14863"}],"wp:attachment":[{"href":"https:\/\/nordic-chefs.com\/da\/wp-json\/wp\/v2\/media?parent=10779"}],"wp:term":[{"taxonomy":"product_brand","embeddable":true,"href":"https:\/\/nordic-chefs.com\/da\/wp-json\/wp\/v2\/product_brand?post=10779"},{"taxonomy":"product_cat","embeddable":true,"href":"https:\/\/nordic-chefs.com\/da\/wp-json\/wp\/v2\/product_cat?post=10779"},{"taxonomy":"product_tag","embeddable":true,"href":"https:\/\/nordic-chefs.com\/da\/wp-json\/wp\/v2\/product_tag?post=10779"}],"curies":[{"name":"wp","href":"https:\/\/api.w.org\/{rel}","templated":true}]}}