{"id":11501,"date":"2025-01-31T12:32:44","date_gmt":"2025-01-31T10:32:44","guid":{"rendered":"https:\/\/nordic-chefs.com\/?post_type=product&#038;p=11501"},"modified":"2026-05-04T10:15:24","modified_gmt":"2026-05-04T08:15:24","slug":"form-til-kammuslingetarteletter","status":"publish","type":"product","link":"https:\/\/nordic-chefs.com\/da\/shop\/scallop-tartelette-mold\/","title":{"rendered":"Tartelette-s\u00e6t Kammusling"},"content":{"rendered":"<p><strong>Lav dine egne kammuslingetarteletter!<\/strong><br \/>\nScallop Tartelette Mold er designet til kokke, der kr\u00e6ver pr\u00e6cision, kreativitet og elegance i deres anretninger. Inspireret af kammuslingeskallenes naturlige sk\u00f8nhed giver denne f\u00f8rsteklasses silikoneform dig mulighed for at lave fem spr\u00f8de tarteletter p\u00e5 samme tid. Uanset om det drejer sig om retter inspireret af fisk og skaldyr, delikate desserter eller fine amuse-bouches, er dette kammuslingetarteletts\u00e6t et must-have.<\/p>\n<p>\u2714 Scallop tart shell molds \u2013 The perfect chefs tool for creating unique shell-shaped tartelettes<br \/>\n\u2714 Professional quality baking accessories\u2013 Made from 100% food-grade silicone, heat-resistant (-40\u00b0C to +200\u00b0C)<br \/>\n\u2714 Easy &amp; precise baking \u2013 Includes a cutter to perfectly size your dough<br \/>\n\u2714 Oven &amp; freezer safe \u2013 Designed for both hot and cold applications<\/p>\n<p>Fra professionelle k\u00f8kkener til hjemmegourmetentusiaster leverer kammuslinget\u00e6rteformene gode resultater, hvilket g\u00f8r dem til perfekte kokkeredskaber.<\/p>\n<p><strong><em>Denne form er designet og produceret i Danmark og er et praktisk og p\u00e5lideligt v\u00e6rkt\u00f8j til kokke og hjemmekokke, der \u00f8nsker at skabe fantastiske retter i restaurantkvalitet.<\/em><\/strong><\/p>","protected":false},"excerpt":{"rendered":"<p>Bag fem elegante kammuslinget\u00e6rter p\u00e5 \u00e9n gang med denne professionelle silikoneform. Indeholder en udstikker til pr\u00e6cis udformning af dejen. Lavet af 100 % f\u00f8devaregodkendt silikone (% ), den t\u00e5ler fryser og ovn (-40\u00b0C til +200\u00b0C), hvilket sikrer spr\u00f8de t\u00e6rter i restaurantkvalitet hver gang.<\/p>\n<p class=\"p1\">Length 4,8 cm Wide 4,8 Height: 1,9 cm<\/p>","protected":false},"featured_media":14867,"template":"","meta":{"_acf_changed":false,"_seopress_robots_primary_cat":"none","_seopress_titles_title":"Scallop Tartelette Mold - Silicone Mold I Crispy Tartelettes","_seopress_titles_desc":"Create stunning scallop-shaped tarts with this high-quality silicone molds. Bake five tartelettes at once - Made to impress your guests!","_seopress_robots_index":"","wprm-recipe-roundup-name":"","wprm-recipe-roundup-description":""},"product_brand":[],"product_cat":[91,136],"product_tag":[],"class_list":{"0":"post-11501","1":"product","2":"type-product","3":"status-publish","4":"has-post-thumbnail","6":"product_cat-silicone-molds","7":"product_cat-tartelette-silicone-molds","8":"product-type-simple","9":"tm-no-options","11":"first","12":"instock","13":"taxable","14":"shipping-taxable","15":"purchasable"},"acf":[],"_links":{"self":[{"href":"https:\/\/nordic-chefs.com\/da\/wp-json\/wp\/v2\/product\/11501","targetHints":{"allow":["GET"]}}],"collection":[{"href":"https:\/\/nordic-chefs.com\/da\/wp-json\/wp\/v2\/product"}],"about":[{"href":"https:\/\/nordic-chefs.com\/da\/wp-json\/wp\/v2\/types\/product"}],"version-history":[{"count":4,"href":"https:\/\/nordic-chefs.com\/da\/wp-json\/wp\/v2\/product\/11501\/revisions"}],"predecessor-version":[{"id":20348,"href":"https:\/\/nordic-chefs.com\/da\/wp-json\/wp\/v2\/product\/11501\/revisions\/20348"}],"wp:featuredmedia":[{"embeddable":true,"href":"https:\/\/nordic-chefs.com\/da\/wp-json\/wp\/v2\/media\/14867"}],"wp:attachment":[{"href":"https:\/\/nordic-chefs.com\/da\/wp-json\/wp\/v2\/media?parent=11501"}],"wp:term":[{"taxonomy":"product_brand","embeddable":true,"href":"https:\/\/nordic-chefs.com\/da\/wp-json\/wp\/v2\/product_brand?post=11501"},{"taxonomy":"product_cat","embeddable":true,"href":"https:\/\/nordic-chefs.com\/da\/wp-json\/wp\/v2\/product_cat?post=11501"},{"taxonomy":"product_tag","embeddable":true,"href":"https:\/\/nordic-chefs.com\/da\/wp-json\/wp\/v2\/product_tag?post=11501"}],"curies":[{"name":"wp","href":"https:\/\/api.w.org\/{rel}","templated":true}]}}