{"id":12093,"date":"2025-02-19T21:55:39","date_gmt":"2025-02-19T19:55:39","guid":{"rendered":"https:\/\/nordic-chefs.com\/?post_type=product&#038;p=12093"},"modified":"2026-04-24T15:30:51","modified_gmt":"2026-04-24T13:30:51","slug":"fivemount-krustadejern","status":"publish","type":"product","link":"https:\/\/nordic-chefs.com\/da\/shop\/fivemount-croustade-iron\/","title":{"rendered":"FiveMount Krustadejern"},"content":{"rendered":"<p>Vi pr\u00e6senterer FiveMount Croustade Iron, det ultimative kokkeredskab til at lave gourmet-minit\u00e6rter og en r\u00e6kke forskellige snacks. Dette alsidige jern er perfekt til det franske k\u00f8kken, asiatiske l\u00e6kkerier eller s\u00f8de desserter og er fremstillet af rustfrit st\u00e5l af h\u00f8j kvalitet, hvilket g\u00f8r det holdbart, nemt at reng\u00f8re og let til b\u00e5de professionelle k\u00f8kkener og hjemmek\u00f8kkener.<\/p>\n<p>Med et system med fem monteringer kan du producere fem perfekte t\u00e6rteforme p\u00e5 samme tid og maksimere effektiviteten. Med forme, der er nemme at udskifte, som Pie Tee og Kueh Pie Tee, er mulighederne uendelige.<\/p>\n<p>Du kan nu g\u00f8re h\u00e5ndtaget personligt med brugerdefineret gravering.<\/p>\n<p><strong>Dette produkt indeholder:<\/strong><\/p>\n<p>5 x croustade-forme<\/p>\n<p>1 x enkelt h\u00e5ndtag<\/p>\n<p>1 x FiveMount<\/p>\n<p>Klar til stegning!<\/p>","protected":false},"excerpt":{"rendered":"<p class=\"p1\"><b>Dette produkt indeholder:<\/b><\/p>\n<p class=\"p1\">5 x Croustade jernforme<\/p>\n<p class=\"p1\">1 x Enkelt h\u00e5ndtag<\/p>\n<p class=\"p1\">1 x FiveMount<\/p>","protected":false},"featured_media":20052,"template":"","meta":{"_acf_changed":false,"_seopress_robots_primary_cat":"none","_seopress_titles_title":"FiveMount Croustade Iron - Create croustade like a pro","_seopress_titles_desc":"Our FiveMount Croustade Iron makes you create fried snacks 5x as fast! New croustade iron edition for chefs!","_seopress_robots_index":"","wprm-recipe-roundup-name":"","wprm-recipe-roundup-description":""},"product_brand":[],"product_cat":[278,152,170],"product_tag":[],"class_list":{"0":"post-12093","1":"product","2":"type-product","3":"status-publish","4":"has-post-thumbnail","6":"product_cat-20-off-croustade","7":"product_cat-croustade-iron-and-rosette-iron","8":"product_cat-fivemount-croustade-iron","9":"product-type-simple","10":"tm-no-options","12":"first","13":"instock","14":"sale","15":"featured","16":"taxable","17":"shipping-taxable","18":"purchasable"},"acf":[],"_links":{"self":[{"href":"https:\/\/nordic-chefs.com\/da\/wp-json\/wp\/v2\/product\/12093","targetHints":{"allow":["GET"]}}],"collection":[{"href":"https:\/\/nordic-chefs.com\/da\/wp-json\/wp\/v2\/product"}],"about":[{"href":"https:\/\/nordic-chefs.com\/da\/wp-json\/wp\/v2\/types\/product"}],"version-history":[{"count":2,"href":"https:\/\/nordic-chefs.com\/da\/wp-json\/wp\/v2\/product\/12093\/revisions"}],"predecessor-version":[{"id":19747,"href":"https:\/\/nordic-chefs.com\/da\/wp-json\/wp\/v2\/product\/12093\/revisions\/19747"}],"wp:featuredmedia":[{"embeddable":true,"href":"https:\/\/nordic-chefs.com\/da\/wp-json\/wp\/v2\/media\/20052"}],"wp:attachment":[{"href":"https:\/\/nordic-chefs.com\/da\/wp-json\/wp\/v2\/media?parent=12093"}],"wp:term":[{"taxonomy":"product_brand","embeddable":true,"href":"https:\/\/nordic-chefs.com\/da\/wp-json\/wp\/v2\/product_brand?post=12093"},{"taxonomy":"product_cat","embeddable":true,"href":"https:\/\/nordic-chefs.com\/da\/wp-json\/wp\/v2\/product_cat?post=12093"},{"taxonomy":"product_tag","embeddable":true,"href":"https:\/\/nordic-chefs.com\/da\/wp-json\/wp\/v2\/product_tag?post=12093"}],"curies":[{"name":"wp","href":"https:\/\/api.w.org\/{rel}","templated":true}]}}