{"id":12268,"date":"2025-02-25T12:30:25","date_gmt":"2025-02-25T10:30:25","guid":{"rendered":"https:\/\/nordic-chefs.com\/?post_type=product&#038;p=12268"},"modified":"2026-03-03T16:46:04","modified_gmt":"2026-03-03T14:46:04","slug":"fivemount","status":"publish","type":"product","link":"https:\/\/nordic-chefs.com\/da\/shop\/fivemount\/","title":{"rendered":"FiveMount krustadejern"},"content":{"rendered":"<p>Vi pr\u00e6senterer FiveMount-f\u00e6stet - det ultimative kokkev\u00e6rkt\u00f8j til at lave stegte t\u00e6rtebunde. Beslaget er fremstillet af rustfrit st\u00e5l af h\u00f8j kvalitet, hvilket g\u00f8r det holdbart, nemt at reng\u00f8re og let for kokke, der bruger det dagligt.<\/p>\n<p>Med et system med fem monteringer kan du producere fem croustader p\u00e5 samme tid og dermed maksimere effektiviteten. Med st\u00f8beforme, der er nemme at udskifte, kender du fra Pie Tee og Kueh Pie Tee, og mulighederne er uendelige.<\/p>\n<p>1 x Fivemount<\/p>\n<p><strong>Buy handle seperate<\/strong><\/p>\n<p>&nbsp;<\/p>","protected":false},"excerpt":{"rendered":"<p style=\"text-align: left\">Vi pr\u00e6senterer FiveMount-f\u00e6stet - det ultimative kokkev\u00e6rkt\u00f8j til at lave stegte t\u00e6rtebunde. Beslaget er fremstillet af rustfrit st\u00e5l af h\u00f8j kvalitet, hvilket g\u00f8r det holdbart, nemt at reng\u00f8re og let for kokke, der bruger det dagligt.<\/p>\n<p style=\"text-align: left\">Med et system med fem monteringer kan du producere fem croustader p\u00e5 samme tid og dermed maksimere effektiviteten. Med st\u00f8beforme, der er nemme at udskifte, kender du fra Pie Tee og Kueh Pie Tee, og mulighederne er uendelige.<\/p>\n<p style=\"text-align: left\">1 x Fivemount<\/p>\n<p style=\"text-align: left\"><strong>Buy handle seperate<\/strong><\/p>\n<p style=\"text-align: left\">","protected":false},"featured_media":12099,"template":"","meta":{"_acf_changed":false,"_seopress_robots_primary_cat":"none","_seopress_titles_title":"FiveMount attachement for croustade making 5x times as fast","_seopress_titles_desc":"Create 5 crispy snacks in no time with our FiveMount attachement. Choose your handle and your molds and you can start creating fried tarts in no time!","_seopress_robots_index":""},"product_brand":[],"product_cat":[152,170,167],"product_tag":[],"class_list":{"0":"post-12268","1":"product","2":"type-product","3":"status-publish","4":"has-post-thumbnail","6":"product_cat-croustade-iron-and-rosette-iron","7":"product_cat-fivemount-croustade-iron","8":"product_cat-single-iron","9":"product-type-simple","10":"tm-no-options","12":"first","13":"instock","14":"taxable","15":"shipping-taxable","16":"purchasable"},"acf":[],"_links":{"self":[{"href":"https:\/\/nordic-chefs.com\/da\/wp-json\/wp\/v2\/product\/12268","targetHints":{"allow":["GET"]}}],"collection":[{"href":"https:\/\/nordic-chefs.com\/da\/wp-json\/wp\/v2\/product"}],"about":[{"href":"https:\/\/nordic-chefs.com\/da\/wp-json\/wp\/v2\/types\/product"}],"version-history":[{"count":1,"href":"https:\/\/nordic-chefs.com\/da\/wp-json\/wp\/v2\/product\/12268\/revisions"}],"predecessor-version":[{"id":19519,"href":"https:\/\/nordic-chefs.com\/da\/wp-json\/wp\/v2\/product\/12268\/revisions\/19519"}],"wp:featuredmedia":[{"embeddable":true,"href":"https:\/\/nordic-chefs.com\/da\/wp-json\/wp\/v2\/media\/12099"}],"wp:attachment":[{"href":"https:\/\/nordic-chefs.com\/da\/wp-json\/wp\/v2\/media?parent=12268"}],"wp:term":[{"taxonomy":"product_brand","embeddable":true,"href":"https:\/\/nordic-chefs.com\/da\/wp-json\/wp\/v2\/product_brand?post=12268"},{"taxonomy":"product_cat","embeddable":true,"href":"https:\/\/nordic-chefs.com\/da\/wp-json\/wp\/v2\/product_cat?post=12268"},{"taxonomy":"product_tag","embeddable":true,"href":"https:\/\/nordic-chefs.com\/da\/wp-json\/wp\/v2\/product_tag?post=12268"}],"curies":[{"name":"wp","href":"https:\/\/api.w.org\/{rel}","templated":true}]}}