{"id":1232,"date":"2023-06-15T17:38:48","date_gmt":"2023-06-15T15:38:48","guid":{"rendered":"https:\/\/nordic-chefs.gullevdesigns.studio\/?post_type=product&#038;p=1232"},"modified":"2026-04-04T22:35:43","modified_gmt":"2026-04-04T20:35:43","slug":"nordic-chefs-kokkekniv-21-cm","status":"publish","type":"product","link":"https:\/\/nordic-chefs.com\/da\/shop\/nordic-chefs-chefs-knife-21cm\/","title":{"rendered":"Nordic Chefs - Kokkekniv 20 cm"},"content":{"rendered":"<p><strong>Kompromisl\u00f8s kvalitet og skarphed<\/strong><br \/>\nFremstillet af <strong>tysk 1.4116 rustfrit st\u00e5l<\/strong>, vores <strong>20 cm kokkekniv<\/strong> er designet til at klare alle dine daglige k\u00f8kkenopgaver med lethed. St\u00e5let gennemg\u00e5r en h\u00f8jtemperaturbehandling, der sikrer en h\u00e5rdhed p\u00e5 <strong>56-58 HRC<\/strong> der bevarer en knivskarp kant. Dens <strong>15\u00b0 dobbelt skr\u00e5 vinkel<\/strong> giver mulighed for pr\u00e6cis og ubesv\u00e6ret udsk\u00e6ring, mens <strong>Ergonomisk ibenholt-h\u00e5ndtag<\/strong> giver et sikkert greb.<\/p>\n<p><strong>Vigtige funktioner<\/strong><\/p>\n<ul>\n<li><strong>F\u00f8rsteklasses tysk st\u00e5l<\/strong>: Korrosionsbestandig og nem at vedligeholde.<\/li>\n<li><strong>Exceptionel fastholdelse af kanter<\/strong>: Nyd flere m\u00e5neders skarphed, f\u00f8r den skal slibes igen.<\/li>\n<li><strong>Ergonomisk h\u00e5ndtag i ibenholt<\/strong>: Afbalanceret design til professionelle eller hjemmekokke.<\/li>\n<li><strong>Alsidig ydeevne<\/strong>: Ideel til gr\u00f8ntsager, k\u00f8d og meget mere.<\/li>\n<\/ul>\n<blockquote><p>\"God kvalitet beh\u00f8ver ikke at koste en formue. Det her er flotte arbejdsknive af h\u00f8j kvalitet til hverdagsbrug.\"<\/p><\/blockquote>","protected":false},"excerpt":{"rendered":"<p style=\"text-align: center\">The Nordic Chefs Chef Knife is an ideal tool for larger kitchen tasks, such as preparing roasts and slicing larger vegetables. Its size and weight make it perfect for these types of jobs. Crafted from German 1.4116 stainless steel, this knife boasts a sharpness rating of 56-58 HRC, a unique design, and a razor-sharp edge with a 15-degree angle on both sides. It is also rust and corrosion-resistant, ensuring longevity and reliable performance. Overall, the Nordic Chef&#8217;s Chef&#8217;s Knife is a reliable and versatile kitchen tool that is ideal for larger kitchen tasks.<\/p>","protected":false},"featured_media":11135,"template":"","meta":{"_acf_changed":false,"_seopress_robots_primary_cat":"none","_seopress_titles_title":"Professional & sharp Chef Knife in Premium German Steel","_seopress_titles_desc":"Elevate your cooking with our 20 cm Chef Knife. Our kitchen knife offers a perfectly balanced ebony handle for effortless slicing and dicing.","_seopress_robots_index":""},"product_brand":[],"product_cat":[15],"product_tag":[],"class_list":{"0":"post-1232","1":"product","2":"type-product","3":"status-publish","4":"has-post-thumbnail","6":"product_cat-ukategoriseret","7":"product-type-simple","8":"tm-no-options","10":"first","11":"instock","12":"taxable","13":"shipping-taxable","14":"purchasable"},"acf":[],"_links":{"self":[{"href":"https:\/\/nordic-chefs.com\/da\/wp-json\/wp\/v2\/product\/1232","targetHints":{"allow":["GET"]}}],"collection":[{"href":"https:\/\/nordic-chefs.com\/da\/wp-json\/wp\/v2\/product"}],"about":[{"href":"https:\/\/nordic-chefs.com\/da\/wp-json\/wp\/v2\/types\/product"}],"version-history":[{"count":1,"href":"https:\/\/nordic-chefs.com\/da\/wp-json\/wp\/v2\/product\/1232\/revisions"}],"predecessor-version":[{"id":19888,"href":"https:\/\/nordic-chefs.com\/da\/wp-json\/wp\/v2\/product\/1232\/revisions\/19888"}],"wp:featuredmedia":[{"embeddable":true,"href":"https:\/\/nordic-chefs.com\/da\/wp-json\/wp\/v2\/media\/11135"}],"wp:attachment":[{"href":"https:\/\/nordic-chefs.com\/da\/wp-json\/wp\/v2\/media?parent=1232"}],"wp:term":[{"taxonomy":"product_brand","embeddable":true,"href":"https:\/\/nordic-chefs.com\/da\/wp-json\/wp\/v2\/product_brand?post=1232"},{"taxonomy":"product_cat","embeddable":true,"href":"https:\/\/nordic-chefs.com\/da\/wp-json\/wp\/v2\/product_cat?post=1232"},{"taxonomy":"product_tag","embeddable":true,"href":"https:\/\/nordic-chefs.com\/da\/wp-json\/wp\/v2\/product_tag?post=1232"}],"curies":[{"name":"wp","href":"https:\/\/api.w.org\/{rel}","templated":true}]}}