{"id":1233,"date":"2023-06-15T15:38:49","date_gmt":"2023-06-15T15:38:49","guid":{"rendered":"https:\/\/nordic-chefs.gullevdesigns.studio\/?post_type=product&#038;p=1233"},"modified":"2026-04-04T22:36:04","modified_gmt":"2026-04-04T20:36:04","slug":"nordic-chefs-universalkniv","status":"publish","type":"product","link":"https:\/\/nordic-chefs.com\/da\/shop\/nordic-chefs-utility-knife\/","title":{"rendered":"Nordic Chefs - Brugskniv 14 cm"},"content":{"rendered":"<p><strong>Praktisk og pr\u00e6cis<\/strong><br \/>\nIdeel til at sk\u00e6re frugt i skiver, trimme k\u00f8d eller klare hurtig k\u00f8kkenforberedelse. <strong>14 cm universalkniv<\/strong> mejet\u00e6rskere <strong>skarp ydeevne<\/strong> med et kompakt design. Fremstillet af <strong>tysk 1.4116 rustfrit st\u00e5l<\/strong>holder den en skarp kant i m\u00e5nedsvis, og dens <strong>Letv\u00e6gtsh\u00e5ndtag i ibenholt<\/strong> giver dig total kontrol. Uanset om du udforsker nye <strong>Typer af kokkeknive<\/strong> eller bare har brug for en <strong>universal kokkekniv<\/strong> Til hverdagsbrug passer denne perfekt.<\/p>\n<p><strong>Vigtige funktioner<\/strong><\/p>\n<ul>\n<li><strong>Kompakt alsidighed<\/strong>: Praktisk st\u00f8rrelse til detaljeret forberedelsesarbejde.<\/li>\n<li><strong>High-End st\u00e5l<\/strong>: Holdbar og rustbestandig.<\/li>\n<li><strong>Ergonomisk h\u00e5ndtag i ibenholt<\/strong>: Sikkert greb til pr\u00e6cisionssk\u00e6ring.<\/li>\n<li><strong>Let at vedligeholde<\/strong>: En simpel h\u00e5ndvask f\u00e5r den til at se godt ud og fungere optimalt.<\/li>\n<\/ul>\n<blockquote><p>\"Professionel eller glad amat\u00f8rkok - du vil finde disse knive som de perfekte ledsagere.\"<\/p><\/blockquote>","protected":false},"excerpt":{"rendered":"<p><strong>Praktisk og pr\u00e6cis<\/strong><br \/>\nIdeel til at sk\u00e6re frugt i skiver, trimme k\u00f8d eller klare hurtig k\u00f8kkenforberedelse. <strong>14 cm universalkniv<\/strong> mejet\u00e6rskere <strong>skarp ydeevne<\/strong> med et kompakt design. Fremstillet af <strong>tysk 1.4116 rustfrit st\u00e5l<\/strong>holder den en skarp kant i m\u00e5nedsvis, og dens <strong>Letv\u00e6gtsh\u00e5ndtag i ibenholt<\/strong> giver dig total kontrol. Uanset om du udforsker nye <strong>Typer af kokkeknive<\/strong> eller bare har brug for en <strong>universal kokkekniv<\/strong> Til hverdagsbrug passer denne perfekt.<\/p>\n<p><strong>Vigtige funktioner<\/strong><\/p>\n<ul>\n<li><strong>Kompakt alsidighed<\/strong>: Praktisk st\u00f8rrelse til detaljeret forberedelsesarbejde.<\/li>\n<li><strong>High-End st\u00e5l<\/strong>: Holdbar og rustbestandig.<\/li>\n<li><strong>Ergonomisk h\u00e5ndtag i ibenholt<\/strong>: Sikkert greb til pr\u00e6cisionssk\u00e6ring.<\/li>\n<li><strong>Let at vedligeholde<\/strong>: En simpel h\u00e5ndvask f\u00e5r den til at se godt ud og fungere optimalt.<\/li>\n<\/ul>\n<blockquote><p>\"Professionel eller glad amat\u00f8rkok - du vil finde disse knive som de perfekte ledsagere.\"<\/p><\/blockquote>","protected":false},"featured_media":11136,"template":"","meta":{"_acf_changed":false,"_seopress_robots_primary_cat":"none","_seopress_titles_title":"Nordic Chefs 14cm Utility Knife a precise tool for all chefs","_seopress_titles_desc":"Handles mall kitchen tasks with ease using the 14 cm utility Knife. Made from German 1.4116 steel, its perfect in any kitchen, for chefs and home chefs","_seopress_robots_index":"","wprm-recipe-roundup-name":"","wprm-recipe-roundup-description":""},"product_brand":[],"product_cat":[15],"product_tag":[],"class_list":{"0":"post-1233","1":"product","2":"type-product","3":"status-publish","4":"has-post-thumbnail","6":"product_cat-ukategoriseret","7":"product-type-simple","8":"tm-no-options","10":"first","11":"instock","12":"taxable","13":"shipping-taxable","14":"purchasable"},"acf":[],"_links":{"self":[{"href":"https:\/\/nordic-chefs.com\/da\/wp-json\/wp\/v2\/product\/1233","targetHints":{"allow":["GET"]}}],"collection":[{"href":"https:\/\/nordic-chefs.com\/da\/wp-json\/wp\/v2\/product"}],"about":[{"href":"https:\/\/nordic-chefs.com\/da\/wp-json\/wp\/v2\/types\/product"}],"version-history":[{"count":0,"href":"https:\/\/nordic-chefs.com\/da\/wp-json\/wp\/v2\/product\/1233\/revisions"}],"wp:featuredmedia":[{"embeddable":true,"href":"https:\/\/nordic-chefs.com\/da\/wp-json\/wp\/v2\/media\/11136"}],"wp:attachment":[{"href":"https:\/\/nordic-chefs.com\/da\/wp-json\/wp\/v2\/media?parent=1233"}],"wp:term":[{"taxonomy":"product_brand","embeddable":true,"href":"https:\/\/nordic-chefs.com\/da\/wp-json\/wp\/v2\/product_brand?post=1233"},{"taxonomy":"product_cat","embeddable":true,"href":"https:\/\/nordic-chefs.com\/da\/wp-json\/wp\/v2\/product_cat?post=1233"},{"taxonomy":"product_tag","embeddable":true,"href":"https:\/\/nordic-chefs.com\/da\/wp-json\/wp\/v2\/product_tag?post=1233"}],"curies":[{"name":"wp","href":"https:\/\/api.w.org\/{rel}","templated":true}]}}