{"id":1242,"date":"2023-06-15T15:38:49","date_gmt":"2023-06-15T15:38:49","guid":{"rendered":"https:\/\/nordic-chefs.gullevdesigns.studio\/?post_type=product&#038;p=1242"},"modified":"2025-08-18T15:47:14","modified_gmt":"2025-08-18T13:47:14","slug":"quenelle-ske-curvey-l","status":"publish","type":"product","link":"https:\/\/nordic-chefs.com\/da\/shop\/quenelle-spoon-curvey-l\/","title":{"rendered":"Quenelle ske Curvey L - Jet Black"},"content":{"rendered":"<p>Fordyb dig i raffinement og funktionalitet med Curvey Handle Rocher-skeen, der m\u00e5ler 20 cm i l\u00e6ngden. Denne quenelle-ske er fremstillet af rustfrit st\u00e5l af h\u00f8j kvalitet og belagt med vores Jet Black-farve.<\/p>\n<p>Rocher-skeen er ikke kun en visuelt fantastisk tilf\u00f8jelse til dit k\u00f8kken, men dens unikke form er specielt designet til at l\u00f8fte dine kulinariske kreationer, s\u00e5 du kan producere smukke formede rocher-skeer, der vil imponere alle ved bordet.<\/p>\n<p>Denne ske er foretrukket af mange kokke i dessertbranchen og er et must-have-redskab i ethvert k\u00f8kken, der \u00f8nsker at opn\u00e5 ekspertise inden for dessertfremstilling.<\/p>","protected":false},"excerpt":{"rendered":"<p>Immerse yourself in sophistication and functionality with the Curvey Handle Rocher spoon, measuring 20cm in length. This quenelle spoon is crafted from high a quality stainless steel and coated with our Jet Black color. Not only is the Rocher Spoon a visually stunning addition to your kitchen, but its unique shape is specifically designed to [&hellip;]<\/p>\n","protected":false},"featured_media":10062,"template":"","meta":{"_acf_changed":false,"_seopress_robots_primary_cat":"none","_seopress_titles_title":"Quenelle Spoon curvey - for perfect quenelle scoops","_seopress_titles_desc":"Improve your chef skills with our 20cm quenelle spoon made from top-grade stainless steel. Its jet black finish adds elegance to every scoop.","_seopress_robots_index":""},"product_brand":[],"product_cat":[22],"product_tag":[],"class_list":{"0":"post-1242","1":"product","2":"type-product","3":"status-publish","4":"has-post-thumbnail","6":"product_cat-quenelle-spoon","7":"product-type-simple","8":"tm-no-options","10":"first","11":"instock","12":"taxable","13":"shipping-taxable","14":"purchasable"},"acf":[],"_links":{"self":[{"href":"https:\/\/nordic-chefs.com\/da\/wp-json\/wp\/v2\/product\/1242","targetHints":{"allow":["GET"]}}],"collection":[{"href":"https:\/\/nordic-chefs.com\/da\/wp-json\/wp\/v2\/product"}],"about":[{"href":"https:\/\/nordic-chefs.com\/da\/wp-json\/wp\/v2\/types\/product"}],"version-history":[{"count":0,"href":"https:\/\/nordic-chefs.com\/da\/wp-json\/wp\/v2\/product\/1242\/revisions"}],"wp:featuredmedia":[{"embeddable":true,"href":"https:\/\/nordic-chefs.com\/da\/wp-json\/wp\/v2\/media\/10062"}],"wp:attachment":[{"href":"https:\/\/nordic-chefs.com\/da\/wp-json\/wp\/v2\/media?parent=1242"}],"wp:term":[{"taxonomy":"product_brand","embeddable":true,"href":"https:\/\/nordic-chefs.com\/da\/wp-json\/wp\/v2\/product_brand?post=1242"},{"taxonomy":"product_cat","embeddable":true,"href":"https:\/\/nordic-chefs.com\/da\/wp-json\/wp\/v2\/product_cat?post=1242"},{"taxonomy":"product_tag","embeddable":true,"href":"https:\/\/nordic-chefs.com\/da\/wp-json\/wp\/v2\/product_tag?post=1242"}],"curies":[{"name":"wp","href":"https:\/\/api.w.org\/{rel}","templated":true}]}}