{"id":1259,"date":"2023-06-15T15:38:50","date_gmt":"2023-06-15T15:38:50","guid":{"rendered":"https:\/\/nordic-chefs.gullevdesigns.studio\/?post_type=product&#038;p=1259"},"modified":"2025-12-08T08:11:02","modified_gmt":"2025-12-08T06:11:02","slug":"quenelle-ske-tecture-l","status":"publish","type":"product","link":"https:\/\/nordic-chefs.com\/da\/shop\/quenelle-spoon-tecture-l\/","title":{"rendered":"Quenelle ske Texture L - Jet Black"},"content":{"rendered":"<p>Vores popul\u00e6re quenelle-ske er fremstillet af rustfrit st\u00e5l af h\u00f8j kvalitet med vores kulsorte bel\u00e6gning.<\/p>\n<p>Det, der adskiller Quenelle\/ Rocher-skeen, er dens unikke form, som er lavet til at hj\u00e6lpe dig med at skabe den perfekte rocher- eller quenelle-ske hver gang. Uanset om du er professionel kok eller hjemmekok, vil denne ske tage dit dessertspil til det n\u00e6ste niveau!<\/p>\n<p>Men tag ikke bare vores ord for det - pr\u00f8v det selv, og oplev forskellen med egne \u00f8jne. Du vil blive forbl\u00f8ffet over den perfekte form og tekstur p\u00e5 dine roches, som er muliggjort af Spoon's s\u00e6rlige design.<\/p>\n<p>Opgrader dine k\u00f8kkenredskaber med vores dessertske, og begynd at skabe desserter, der er lige s\u00e5 smukke, som de er l\u00e6kre.<\/p>\n<p>Har du set vores <a href=\"https:\/\/nordic-chefs.com\/da\/butik\/kokkenredskaber-2\/quenelle-ske\/quenellespoonkit\/\">quenelle kit?<\/a><\/p>","protected":false},"excerpt":{"rendered":"<p>Our popular quenelle Spoon is made from high quality stainless steel with our jet black coating. What sets the Quenelle\/ Rocher Spoon apart is its unique shape, which has been made to help you create the perfect rocher or quenelle scoop every time. Whether you&#8217;re a professional chef or a home cook, this spoon will [&hellip;]<\/p>\n","protected":false},"featured_media":10050,"template":"","meta":{"_acf_changed":false,"_seopress_robots_primary_cat":"none","_seopress_titles_title":"Quenelle spoon 20cm texture handle by Nordic Chefs","_seopress_titles_desc":"Create stunning desserts with our Rocher Spoon used by professionals world wide! \r\nMade for Chefs","_seopress_robots_index":"","wprm-recipe-roundup-name":"","wprm-recipe-roundup-description":""},"product_brand":[],"product_cat":[22],"product_tag":[],"class_list":{"0":"post-1259","1":"product","2":"type-product","3":"status-publish","4":"has-post-thumbnail","6":"product_cat-quenelle-spoon","7":"product-type-simple","8":"tm-no-options","10":"first","11":"onbackorder","12":"taxable","13":"shipping-taxable","14":"purchasable"},"acf":[],"_links":{"self":[{"href":"https:\/\/nordic-chefs.com\/da\/wp-json\/wp\/v2\/product\/1259","targetHints":{"allow":["GET"]}}],"collection":[{"href":"https:\/\/nordic-chefs.com\/da\/wp-json\/wp\/v2\/product"}],"about":[{"href":"https:\/\/nordic-chefs.com\/da\/wp-json\/wp\/v2\/types\/product"}],"version-history":[{"count":0,"href":"https:\/\/nordic-chefs.com\/da\/wp-json\/wp\/v2\/product\/1259\/revisions"}],"wp:featuredmedia":[{"embeddable":true,"href":"https:\/\/nordic-chefs.com\/da\/wp-json\/wp\/v2\/media\/10050"}],"wp:attachment":[{"href":"https:\/\/nordic-chefs.com\/da\/wp-json\/wp\/v2\/media?parent=1259"}],"wp:term":[{"taxonomy":"product_brand","embeddable":true,"href":"https:\/\/nordic-chefs.com\/da\/wp-json\/wp\/v2\/product_brand?post=1259"},{"taxonomy":"product_cat","embeddable":true,"href":"https:\/\/nordic-chefs.com\/da\/wp-json\/wp\/v2\/product_cat?post=1259"},{"taxonomy":"product_tag","embeddable":true,"href":"https:\/\/nordic-chefs.com\/da\/wp-json\/wp\/v2\/product_tag?post=1259"}],"curies":[{"name":"wp","href":"https:\/\/api.w.org\/{rel}","templated":true}]}}