{"id":1283,"date":"2023-06-15T17:39:04","date_gmt":"2023-06-15T15:39:04","guid":{"rendered":"https:\/\/nordic-chefs.gullevdesigns.studio\/?post_type=product&#038;p=1283"},"modified":"2026-04-20T09:34:05","modified_gmt":"2026-04-20T07:34:05","slug":"sfaerisk-ske","status":"publish","type":"product","link":"https:\/\/nordic-chefs.com\/da\/shop\/spherification-spoon\/","title":{"rendered":"Spherification Spoon - Jet Black"},"content":{"rendered":"<p>Vores ske i rustfrit st\u00e5l er designet til at h\u00e5ndtere delikat kugleformet \"kaviar\" eller enhver anden type mad, der skal sigtes, mens den stadig er i stand til at bev\u00e6ge sig hurtigt. Den er lavet af rustfrit st\u00e5l af h\u00f8j kvalitet og belagt med vores Jet Black-farve. Denne ske giver mulighed for forsigtig overf\u00f8rsel af sf\u00e6riske v\u00e6sker uden at skade deres sarte struktur.<\/p>\n<p>Med Chef Spoon kan du trygt h\u00e5ndtere kugleformede v\u00e6sker uden at bekymre dig om at beskadige dem, hvilket g\u00f8r den til et vigtigt redskab for ethvert k\u00f8kken, der str\u00e6ber efter at opn\u00e5 ekspertise inden for molekyl\u00e6r gastronomi.<\/p>\n<p>Den passer godt sammen med vores <a href=\"https:\/\/nordic-chefs.com\/da\/butik\/madpincet-2\/madpincet-saet\/nordic-chefs-fuldt-redskabssaet-med-taender\/\">Madpincet<\/a><\/p>","protected":false},"excerpt":{"rendered":"<p>Vores ske i rustfrit st\u00e5l er designet til at h\u00e5ndtere delikat kugleformet \"kaviar\" eller enhver anden type mad, der skal sigtes, mens den stadig er i stand til at bev\u00e6ge sig hurtigt. Den er lavet af rustfrit st\u00e5l af h\u00f8j kvalitet og belagt med vores Jet Black-farve. Denne ske giver mulighed for forsigtig overf\u00f8rsel af sf\u00e6riske v\u00e6sker uden at skade deres sarte struktur.<\/p>","protected":false},"featured_media":10058,"template":"","meta":{"_acf_changed":false,"_seopress_robots_primary_cat":"none","_seopress_titles_title":"Spherification Spoon for molecular gastronomy for Chefs","_seopress_titles_desc":"Handle delicate spherified liquids perfectly with our Stainless Steel Spoon. Ideal for molecular gastronomy and a great chef tool for any kitchens","_seopress_robots_index":""},"product_brand":[],"product_cat":[22],"product_tag":[],"class_list":{"0":"post-1283","1":"product","2":"type-product","3":"status-publish","4":"has-post-thumbnail","6":"product_cat-quenelle-spoon","7":"product-type-simple","8":"tm-no-options","10":"first","11":"onbackorder","12":"taxable","13":"shipping-taxable","14":"purchasable"},"acf":[],"_links":{"self":[{"href":"https:\/\/nordic-chefs.com\/da\/wp-json\/wp\/v2\/product\/1283","targetHints":{"allow":["GET"]}}],"collection":[{"href":"https:\/\/nordic-chefs.com\/da\/wp-json\/wp\/v2\/product"}],"about":[{"href":"https:\/\/nordic-chefs.com\/da\/wp-json\/wp\/v2\/types\/product"}],"version-history":[{"count":0,"href":"https:\/\/nordic-chefs.com\/da\/wp-json\/wp\/v2\/product\/1283\/revisions"}],"wp:featuredmedia":[{"embeddable":true,"href":"https:\/\/nordic-chefs.com\/da\/wp-json\/wp\/v2\/media\/10058"}],"wp:attachment":[{"href":"https:\/\/nordic-chefs.com\/da\/wp-json\/wp\/v2\/media?parent=1283"}],"wp:term":[{"taxonomy":"product_brand","embeddable":true,"href":"https:\/\/nordic-chefs.com\/da\/wp-json\/wp\/v2\/product_brand?post=1283"},{"taxonomy":"product_cat","embeddable":true,"href":"https:\/\/nordic-chefs.com\/da\/wp-json\/wp\/v2\/product_cat?post=1283"},{"taxonomy":"product_tag","embeddable":true,"href":"https:\/\/nordic-chefs.com\/da\/wp-json\/wp\/v2\/product_tag?post=1283"}],"curies":[{"name":"wp","href":"https:\/\/api.w.org\/{rel}","templated":true}]}}