{"id":1286,"date":"2023-06-15T15:39:04","date_gmt":"2023-06-15T15:39:04","guid":{"rendered":"https:\/\/nordic-chefs.gullevdesigns.studio\/?post_type=product&#038;p=1286"},"modified":"2026-01-08T00:16:35","modified_gmt":"2026-01-07T22:16:35","slug":"smageske-pincet","status":"publish","type":"product","link":"https:\/\/nordic-chefs.com\/da\/shop\/tasting-spoon-tweezer\/","title":{"rendered":"Smageske\/pincet 19 cm - Jet Black"},"content":{"rendered":"<p>Vi pr\u00e6senterer vores Tweezer\/Spoon - et alsidigt v\u00e6rkt\u00f8j, der vil revolutionere din kulinariske oplevelse. Med dette multifunktionelle v\u00e6rkt\u00f8j kan du ubesv\u00e6ret tjekke krydderierne i supper og saucer, smage ingredienser til med pr\u00e6cision, finpudse retter og tilf\u00f8je pynt - alt sammen med et enkelt instrument.<\/p>\n<p>Udstyret med b\u00e5de pincet- og skeende er dette v\u00e6rkt\u00f8j perfekt til forsigtig h\u00e5ndtering af ingredienser og til at sikre, at dine retter er krydret til perfektion. Derudover g\u00f8r skeenden det nemt at anrette og pynte, hvilket giver din ret et professionelt og poleret udseende.<\/p>\n<p>Uanset om du er professionel kok eller hjemmekok, er Tweezer\/Spoon et must-have-v\u00e6rkt\u00f8j, der vil l\u00f8fte dine kulinariske kreationer til det n\u00e6ste niveau.<\/p>\n<p>&nbsp;<\/p>","protected":false},"excerpt":{"rendered":"<p>Vi pr\u00e6senterer vores Tweezer\/Spoon - et alsidigt v\u00e6rkt\u00f8j, der vil revolutionere din kulinariske oplevelse. Med dette multifunktionelle v\u00e6rkt\u00f8j kan du ubesv\u00e6ret tjekke krydderierne i supper og saucer, smage ingredienser til med pr\u00e6cision, finpudse retter og tilf\u00f8je pynt - alt sammen med et enkelt instrument.<\/p>","protected":false},"featured_media":10054,"template":"","meta":{"_acf_changed":false,"_seopress_robots_primary_cat":"none","_seopress_titles_title":"Tweezer\/spoon - The best Multifunctional chef tool","_seopress_titles_desc":"Elevate dishes with Nordic Chefs' Tweezer\/Spoon - a versatile tool for seasoning, plating, and garnishing. A must-have for chefs and home cooks!","_seopress_robots_index":""},"product_brand":[],"product_cat":[22],"product_tag":[],"class_list":{"0":"post-1286","1":"product","2":"type-product","3":"status-publish","4":"has-post-thumbnail","6":"product_cat-quenelle-spoon","7":"product-type-simple","8":"tm-no-options","10":"first","11":"onbackorder","12":"taxable","13":"shipping-taxable","14":"purchasable"},"acf":[],"_links":{"self":[{"href":"https:\/\/nordic-chefs.com\/da\/wp-json\/wp\/v2\/product\/1286","targetHints":{"allow":["GET"]}}],"collection":[{"href":"https:\/\/nordic-chefs.com\/da\/wp-json\/wp\/v2\/product"}],"about":[{"href":"https:\/\/nordic-chefs.com\/da\/wp-json\/wp\/v2\/types\/product"}],"version-history":[{"count":0,"href":"https:\/\/nordic-chefs.com\/da\/wp-json\/wp\/v2\/product\/1286\/revisions"}],"wp:featuredmedia":[{"embeddable":true,"href":"https:\/\/nordic-chefs.com\/da\/wp-json\/wp\/v2\/media\/10054"}],"wp:attachment":[{"href":"https:\/\/nordic-chefs.com\/da\/wp-json\/wp\/v2\/media?parent=1286"}],"wp:term":[{"taxonomy":"product_brand","embeddable":true,"href":"https:\/\/nordic-chefs.com\/da\/wp-json\/wp\/v2\/product_brand?post=1286"},{"taxonomy":"product_cat","embeddable":true,"href":"https:\/\/nordic-chefs.com\/da\/wp-json\/wp\/v2\/product_cat?post=1286"},{"taxonomy":"product_tag","embeddable":true,"href":"https:\/\/nordic-chefs.com\/da\/wp-json\/wp\/v2\/product_tag?post=1286"}],"curies":[{"name":"wp","href":"https:\/\/api.w.org\/{rel}","templated":true}]}}