{"id":13189,"date":"2025-03-13T16:21:20","date_gmt":"2025-03-13T14:21:20","guid":{"rendered":"https:\/\/nordic-chefs.com\/?post_type=product&#038;p=13189"},"modified":"2026-02-20T23:34:41","modified_gmt":"2026-02-20T21:34:41","slug":"fivemount-mini-rosetjern","status":"publish","type":"product","link":"https:\/\/nordic-chefs.com\/da\/shop\/fivemount-mini-rosette-iron\/","title":{"rendered":"FiveMount Lille rosette krustadejern"},"content":{"rendered":"<p class=\"p1\">Vi pr\u00e6senterer FiveMount Small Rosette Iron, det ultimative bunuelos-v\u00e6rkt\u00f8j til at lave sm\u00e5 bunuelos og en r\u00e6kke forskellige snacks. Perfekt til mexicanske snacks, der kan spises i \u00e9n mundfuld. Vores kokkev\u00e6rkt\u00f8j er fremstillet af rustfrit st\u00e5l af h\u00f8j kvalitet, hvilket g\u00f8r det holdbart, nemt at reng\u00f8re og let til b\u00e5de professionelle k\u00f8kkener og hjemmek\u00f8kkener.<\/p>\n<p class=\"p1\">Med et system med fem monteringer kan du fremstille fem perfekte minit\u00e6rter p\u00e5 samme tid, hvilket maksimerer effektiviteten. Den er nem at udskifte med vores andre forme som Croustade, Small Flat Top og vores Small Oval Croustade.<\/p>\n<p class=\"p1\"><b>Dette produkt indeholder:<\/b><\/p>\n<p class=\"p1\">5 x sm\u00e5 rosetforme<\/p>\n<p class=\"p1\">1 x Single handle<\/p>\n<p class=\"p1\">1 x FiveMount<\/p>","protected":false},"excerpt":{"rendered":"<p class=\"p1\">Vi pr\u00e6senterer FiveMount Small Rosette Iron, det ultimative bunuelos-v\u00e6rkt\u00f8j til at lave sm\u00e5 bunuelos og en r\u00e6kke forskellige snacks. Perfekt til mexicanske snacks, der kan spises i \u00e9n mundfuld. Vores kokkev\u00e6rkt\u00f8j er fremstillet af rustfrit st\u00e5l af h\u00f8j kvalitet, hvilket g\u00f8r det holdbart, nemt at reng\u00f8re og let til b\u00e5de professionelle k\u00f8kkener og hjemmek\u00f8kkener.<\/p>\n<p class=\"p1\">Med et system med fem monteringer kan du fremstille fem perfekte minit\u00e6rter p\u00e5 samme tid, hvilket maksimerer effektiviteten. Den er nem at udskifte med vores andre forme som Croustade, Small Flat Top og vores Small Oval Croustade.<\/p>\n<p>Du kan nu g\u00f8re h\u00e5ndtaget personligt med brugerdefineret gravering.<\/p>\n<p class=\"p1\"><b>Dette produkt indeholder:<\/b><\/p>\n<p class=\"p1\">5 x sm\u00e5 rosetforme<\/p>\n<p class=\"p1\">1 x enkelt h\u00e5ndtag<\/p>\n<p class=\"p1\">1 x FiveMount<\/p>\n<p class=\"p1\">Klar til stegning!<\/p>","protected":false},"featured_media":13196,"template":"","meta":{"_acf_changed":false,"_seopress_robots_primary_cat":"152","_seopress_titles_title":"FiveMount Small Rosette Iron - Create Bunuelos like a pro","_seopress_titles_desc":"Our FiveMount Small Rosette Iron makes you create fried snacks 5x as fast! New Rosette iron edition for professional chefs! World Wide Shipping!","_seopress_robots_index":""},"product_brand":[],"product_cat":[152,170],"product_tag":[],"class_list":{"0":"post-13189","1":"product","2":"type-product","3":"status-publish","4":"has-post-thumbnail","6":"product_cat-croustade-iron-and-rosette-iron","7":"product_cat-fivemount-croustade-iron","8":"product-type-variable","9":"tm-no-options","11":"first","12":"instock","13":"taxable","14":"shipping-taxable","15":"purchasable","17":"has-default-attributes"},"acf":[],"_links":{"self":[{"href":"https:\/\/nordic-chefs.com\/da\/wp-json\/wp\/v2\/product\/13189","targetHints":{"allow":["GET"]}}],"collection":[{"href":"https:\/\/nordic-chefs.com\/da\/wp-json\/wp\/v2\/product"}],"about":[{"href":"https:\/\/nordic-chefs.com\/da\/wp-json\/wp\/v2\/types\/product"}],"version-history":[{"count":0,"href":"https:\/\/nordic-chefs.com\/da\/wp-json\/wp\/v2\/product\/13189\/revisions"}],"wp:featuredmedia":[{"embeddable":true,"href":"https:\/\/nordic-chefs.com\/da\/wp-json\/wp\/v2\/media\/13196"}],"wp:attachment":[{"href":"https:\/\/nordic-chefs.com\/da\/wp-json\/wp\/v2\/media?parent=13189"}],"wp:term":[{"taxonomy":"product_brand","embeddable":true,"href":"https:\/\/nordic-chefs.com\/da\/wp-json\/wp\/v2\/product_brand?post=13189"},{"taxonomy":"product_cat","embeddable":true,"href":"https:\/\/nordic-chefs.com\/da\/wp-json\/wp\/v2\/product_cat?post=13189"},{"taxonomy":"product_tag","embeddable":true,"href":"https:\/\/nordic-chefs.com\/da\/wp-json\/wp\/v2\/product_tag?post=13189"}],"curies":[{"name":"wp","href":"https:\/\/api.w.org\/{rel}","templated":true}]}}