{"id":13210,"date":"2025-03-14T11:06:20","date_gmt":"2025-03-14T09:06:20","guid":{"rendered":"https:\/\/nordic-chefs.com\/?post_type=product&#038;p=13210"},"modified":"2026-04-24T15:31:40","modified_gmt":"2026-04-24T13:31:40","slug":"fivemount-lille-fladjern","status":"publish","type":"product","link":"https:\/\/nordic-chefs.com\/da\/shop\/fivemount-small-flat-top-iron\/","title":{"rendered":"FiveMount lille flat top krustadejern"},"content":{"rendered":"<div data-elementor-type=\"product-post\" data-elementor-id=\"13210\" class=\"elementor elementor-13210\" data-elementor-post-type=\"product\">\n\t\t\t\t<div class=\"elementor-element elementor-element-6a4af23c e-flex e-con-boxed e-con e-parent\" data-id=\"6a4af23c\" data-element_type=\"container\" data-e-type=\"container\">\n\t\t\t\t\t<div class=\"e-con-inner\">\n\t\t\t\t<div class=\"elementor-element elementor-element-69cd8eb8 elementor-widget elementor-widget-text-editor\" data-id=\"69cd8eb8\" data-element_type=\"widget\" data-e-type=\"widget\" data-widget_type=\"text-editor.default\">\n\t\t\t\t<div class=\"elementor-widget-container\">\n\t\t\t\t\t\t\t\t\t<p class=\"p1\">Vi pr\u00e6senterer FiveMount Small Flat Top Iron, det ultimative kokkev\u00e6rkt\u00f8j til at lave sm\u00e5 stegte croustader og en r\u00e6kke forskellige snacks. Perfekt til franske snacks, der kan spises i \u00e9n mundfuld. Vores kokkev\u00e6rkt\u00f8j er fremstillet af rustfrit st\u00e5l af h\u00f8j kvalitet, hvilket g\u00f8r det holdbart, nemt at reng\u00f8re og let til b\u00e5de professionelle k\u00f8kkener og hjemmek\u00f8kkener.<\/p>\r\n<p class=\"p1\">Med et system med fem monteringer kan du producere fem perfekte minit\u00e6rteforme p\u00e5 samme tid, hvilket maksimerer effektiviteten. Den er nem at udskifte med vores andre forme som Croustade, Small Rosette Iron og vores Small Oval Croustade.<\/p>\r\nDu kan nu g\u00f8re h\u00e5ndtaget personligt med brugerdefineret gravering.\r\n<p class=\"p1\"><b>Dette produkt indeholder:<\/b><\/p>\r\n<p class=\"p1\">5 x sm\u00e5 forme med flad top<\/p>\r\n<p class=\"p1\">1 x enkelt h\u00e5ndtag<\/p>\r\n<p class=\"p1\">1 x FiveMount<\/p>\r\n<p class=\"p1\">Klar til stegning!<\/p>\t\t\t\t\t\t\t\t<\/div>\n\t\t\t\t<\/div>\n\t\t\t\t\t<\/div>\n\t\t\t\t<\/div>\n\t\t\t\t<\/div>","protected":false},"excerpt":{"rendered":"<p>Introduktion af FiveMount Small Flat Top Iron, det ultimative k\u00f8kkenredskab til at skabe sm\u00e5 stegte croustade og en r\u00e6kke snacks. Perfekt til franske snacks, der kan spises i \u00e9n bid. Vores kokkeredskaber er fremstillet af rustfrit st\u00e5l af h\u00f8j kvalitet, hvilket g\u00f8r dem holdbare, nemme at reng\u00f8re og lette til b\u00e5de professionelle og hjemmek\u00f8kkener.<\/p>","protected":false},"featured_media":13198,"template":"","meta":{"_acf_changed":false,"_seopress_robots_primary_cat":"none","_seopress_titles_title":"FiveMount Small Flat Top Iron - Be effective & save time!","_seopress_titles_desc":"Our FiveMount Small Flat Top Iron makes you create fried snacks 5x as fast! New & improved cooking tools for chefs around the world! Be Faster","_seopress_robots_index":"","wprm-recipe-roundup-name":"","wprm-recipe-roundup-description":""},"product_brand":[],"product_cat":[278,152,170],"product_tag":[],"class_list":{"0":"post-13210","1":"product","2":"type-product","3":"status-publish","4":"has-post-thumbnail","6":"product_cat-20-off-croustade","7":"product_cat-croustade-iron-and-rosette-iron","8":"product_cat-fivemount-croustade-iron","9":"product-type-variable","10":"tm-no-options","12":"first","13":"instock","14":"sale","15":"taxable","16":"shipping-taxable","17":"purchasable","19":"has-default-attributes"},"acf":[],"_links":{"self":[{"href":"https:\/\/nordic-chefs.com\/da\/wp-json\/wp\/v2\/product\/13210","targetHints":{"allow":["GET"]}}],"collection":[{"href":"https:\/\/nordic-chefs.com\/da\/wp-json\/wp\/v2\/product"}],"about":[{"href":"https:\/\/nordic-chefs.com\/da\/wp-json\/wp\/v2\/types\/product"}],"version-history":[{"count":0,"href":"https:\/\/nordic-chefs.com\/da\/wp-json\/wp\/v2\/product\/13210\/revisions"}],"wp:featuredmedia":[{"embeddable":true,"href":"https:\/\/nordic-chefs.com\/da\/wp-json\/wp\/v2\/media\/13198"}],"wp:attachment":[{"href":"https:\/\/nordic-chefs.com\/da\/wp-json\/wp\/v2\/media?parent=13210"}],"wp:term":[{"taxonomy":"product_brand","embeddable":true,"href":"https:\/\/nordic-chefs.com\/da\/wp-json\/wp\/v2\/product_brand?post=13210"},{"taxonomy":"product_cat","embeddable":true,"href":"https:\/\/nordic-chefs.com\/da\/wp-json\/wp\/v2\/product_cat?post=13210"},{"taxonomy":"product_tag","embeddable":true,"href":"https:\/\/nordic-chefs.com\/da\/wp-json\/wp\/v2\/product_tag?post=13210"}],"curies":[{"name":"wp","href":"https:\/\/api.w.org\/{rel}","templated":true}]}}