{"id":14087,"date":"2025-04-07T21:24:58","date_gmt":"2025-04-07T19:24:58","guid":{"rendered":"https:\/\/nordic-chefs.com\/?post_type=product&#038;p=14087"},"modified":"2026-02-18T00:13:38","modified_gmt":"2026-02-17T22:13:38","slug":"lille-roset-jernform","status":"publish","type":"product","link":"https:\/\/nordic-chefs.com\/da\/shop\/small-rosette-iron-mold\/","title":{"rendered":"Small Rosette Croustade Mold"},"content":{"rendered":"<p>Our Small Rosette Croustade Mold is designed to fit perfectly on both our single, double handles &amp; our new FiveMount . This new Small Rosette croustade mold opens the door to creating shapes you know as \u2013 Fried bu\u00f1uelo, rosettes, crispy fritters or mexican bu\u00f1uelos. Made for professional kitchens with its low weight and comfortably design.<\/p>\n<p>Skift nemt mellem vores forme til bunuelos, og \u00e5bn op for endnu flere muligheder med vores uundv\u00e6rlige bunuelos-v\u00e6rkt\u00f8j.<\/p>","protected":false},"excerpt":{"rendered":"<p style=\"text-align: center\">Our Small Rosette Iron Mold is designed to fit perfectly on both our single, double handles &amp; our new FiveMount<br \/>\nDont forget the handle since, this is the mold only<\/p>\n<p style=\"text-align: center\"><strong>\u201cThis product is the mold only. Don\u2019t forget to add a handle in \u2018Recommended tools\u2019 below.\u201d<\/strong><\/p>","protected":false},"featured_media":18076,"template":"","meta":{"_acf_changed":false,"_seopress_robots_primary_cat":"none","_seopress_titles_title":"Small Rosette iron mold for creating crispy rosset waffles","_seopress_titles_desc":"Small rosset waffles is easy to make with our rosette iron. It can be used with our fivemount to make 5 at the time. perfect for chefs and restaurants","_seopress_robots_index":""},"product_brand":[],"product_cat":[267,152,168,167,15],"product_tag":[],"class_list":{"0":"post-14087","1":"product","2":"type-product","3":"status-publish","4":"has-post-thumbnail","6":"product_cat-croustade-bunuelos-molds","7":"product_cat-croustade-iron-and-rosette-iron","8":"product_cat-double-iron","9":"product_cat-single-iron","10":"product_cat-ukategoriseret","11":"product-type-simple","12":"tm-no-options","14":"first","15":"instock","16":"taxable","17":"shipping-taxable","18":"purchasable"},"acf":[],"_links":{"self":[{"href":"https:\/\/nordic-chefs.com\/da\/wp-json\/wp\/v2\/product\/14087","targetHints":{"allow":["GET"]}}],"collection":[{"href":"https:\/\/nordic-chefs.com\/da\/wp-json\/wp\/v2\/product"}],"about":[{"href":"https:\/\/nordic-chefs.com\/da\/wp-json\/wp\/v2\/types\/product"}],"version-history":[{"count":0,"href":"https:\/\/nordic-chefs.com\/da\/wp-json\/wp\/v2\/product\/14087\/revisions"}],"wp:featuredmedia":[{"embeddable":true,"href":"https:\/\/nordic-chefs.com\/da\/wp-json\/wp\/v2\/media\/18076"}],"wp:attachment":[{"href":"https:\/\/nordic-chefs.com\/da\/wp-json\/wp\/v2\/media?parent=14087"}],"wp:term":[{"taxonomy":"product_brand","embeddable":true,"href":"https:\/\/nordic-chefs.com\/da\/wp-json\/wp\/v2\/product_brand?post=14087"},{"taxonomy":"product_cat","embeddable":true,"href":"https:\/\/nordic-chefs.com\/da\/wp-json\/wp\/v2\/product_cat?post=14087"},{"taxonomy":"product_tag","embeddable":true,"href":"https:\/\/nordic-chefs.com\/da\/wp-json\/wp\/v2\/product_tag?post=14087"}],"curies":[{"name":"wp","href":"https:\/\/api.w.org\/{rel}","templated":true}]}}