{"id":14120,"date":"2025-04-07T23:51:10","date_gmt":"2025-04-07T21:51:10","guid":{"rendered":"https:\/\/nordic-chefs.com\/?post_type=product&#038;p=14120"},"modified":"2026-04-07T16:46:33","modified_gmt":"2026-04-07T14:46:33","slug":"6-dele-dobbelt-rosette-jern-bunuelo-form-saet","status":"publish","type":"product","link":"https:\/\/nordic-chefs.com\/da\/shop\/6-piece-double-rosette-iron-bunuelo-mold-set\/","title":{"rendered":"Dobbelt krustadejern med 6 forskellige krustader"},"content":{"rendered":"<p>Tag dine stegef\u00e6rdigheder til det n\u00e6ste niveau med dette 6-delt s\u00e6t med dobbelt h\u00e5ndtag af rosetjern og bunueloforme fra Nordic Chefs, en uundv\u00e6rlig samling af kokkev\u00e6rkt\u00f8jer til ethvert k\u00f8kken. Dette s\u00e6t er designet til kokke og passionerede hjemmekokke og indeholder to af hver form - i alt tolv udskiftelige hoveder - fremstillet af varmebestandigt aluminium til j\u00e6vn stegning og nem frig\u00f8relse.<\/p>\n<p>De to ergonomiske skridsikre dobbelth\u00e5ndtag giver et sikkert greb og g\u00f8r det nemt at tilberede mexicanske bu\u00f1uelos, franske croustader og andre spr\u00f8de l\u00e6kkerier. Uanset om det er i et professionelt k\u00f8kken eller derhjemme, garanterer dette alsidige v\u00e6rkt\u00f8j ensartede, gyldne resultater hver gang.<\/p>\n<p>Hvad er inkluderet?<\/p>\n<p>\u2714 2x Croustade Mold<\/p>\n<p>\u2714 2x rosetjern<\/p>\n<p>\u2714 2x lille flad topform<\/p>\n<p>\u2714 2x Ring Bunuelo Mold<\/p>\n<p>\u2714 2x Oval Croustade Head<\/p>\n<p>\u2714 2x Croustade-jern med flad top<\/p>\n<p>\u2714 2x dobbelt h\u00e5ndtag<\/p>\n<p>Vigtige fordele:<\/p>\n<p>\u2705 Design med flere anvendelsesmuligheder - Ideel til bu\u00f1uelos, rosetter og minit\u00e6rter<\/p>\n<p>\u2705 Naturligt non-stick - sikrer nem frig\u00f8relse og minimalt svineri<\/p>\n<p>\u2705 Ergonomiske h\u00e5ndtag - skridsikkert greb for pr\u00e6cis kontrol<\/p>\n<p>\u2705 Holdbar og varmebestandig - bygget til hyppig stegebrug<\/p>\n<p>\u2705 Bonus - Indeholder en Michelin-inspireret opskrift<\/p>","protected":false},"excerpt":{"rendered":"<p>Tag dine stegef\u00e6rdigheder til det n\u00e6ste niveau med dette 6-delt s\u00e6t med dobbelt h\u00e5ndtag af rosetjern og bunueloforme fra Nordic Chefs, en uundv\u00e6rlig samling af kokkev\u00e6rkt\u00f8jer til ethvert k\u00f8kken. Dette s\u00e6t er designet til kokke og passionerede hjemmekokke og indeholder to af hver form - i alt tolv udskiftelige hoveder - fremstillet af varmebestandigt aluminium til j\u00e6vn stegning og nem frig\u00f8relse.<\/p>","protected":false},"featured_media":18852,"template":"","meta":{"_acf_changed":false,"_seopress_robots_primary_cat":"none","_seopress_titles_title":"","_seopress_titles_desc":"","_seopress_robots_index":""},"product_brand":[],"product_cat":[151,152,168],"product_tag":[],"class_list":{"0":"post-14120","1":"product","2":"type-product","3":"status-publish","4":"has-post-thumbnail","6":"product_cat-bestsellers","7":"product_cat-croustade-iron-and-rosette-iron","8":"product_cat-double-iron","9":"product-type-variable","10":"tm-no-options","12":"first","13":"instock","14":"taxable","15":"shipping-taxable","16":"purchasable","18":"has-default-attributes"},"acf":[],"_links":{"self":[{"href":"https:\/\/nordic-chefs.com\/da\/wp-json\/wp\/v2\/product\/14120","targetHints":{"allow":["GET"]}}],"collection":[{"href":"https:\/\/nordic-chefs.com\/da\/wp-json\/wp\/v2\/product"}],"about":[{"href":"https:\/\/nordic-chefs.com\/da\/wp-json\/wp\/v2\/types\/product"}],"version-history":[{"count":0,"href":"https:\/\/nordic-chefs.com\/da\/wp-json\/wp\/v2\/product\/14120\/revisions"}],"wp:featuredmedia":[{"embeddable":true,"href":"https:\/\/nordic-chefs.com\/da\/wp-json\/wp\/v2\/media\/18852"}],"wp:attachment":[{"href":"https:\/\/nordic-chefs.com\/da\/wp-json\/wp\/v2\/media?parent=14120"}],"wp:term":[{"taxonomy":"product_brand","embeddable":true,"href":"https:\/\/nordic-chefs.com\/da\/wp-json\/wp\/v2\/product_brand?post=14120"},{"taxonomy":"product_cat","embeddable":true,"href":"https:\/\/nordic-chefs.com\/da\/wp-json\/wp\/v2\/product_cat?post=14120"},{"taxonomy":"product_tag","embeddable":true,"href":"https:\/\/nordic-chefs.com\/da\/wp-json\/wp\/v2\/product_tag?post=14120"}],"curies":[{"name":"wp","href":"https:\/\/api.w.org\/{rel}","templated":true}]}}