{"id":14248,"date":"2025-04-17T20:55:41","date_gmt":"2025-04-17T18:55:41","guid":{"rendered":"https:\/\/nordic-chefs.com\/shop\/uncategorized\/the-ultimate-cutter-set\/"},"modified":"2026-02-20T23:39:36","modified_gmt":"2026-02-20T21:39:36","slug":"det-ultimative-skaeresaet","status":"publish","type":"product","link":"https:\/\/nordic-chefs.com\/da\/shop\/the-ultimate-cutter-set\/","title":{"rendered":"Det ultimative udstikker s\u00e6t"},"content":{"rendered":"<p>Ultimate Cutter Set er den komplette l\u00f8sning til kokke og ambiti\u00f8se hjemmekokke, der kr\u00e6ver pr\u00e6cision og alsidighed i k\u00f8kkenet. Dette s\u00e6t kombinerer fire af vores mest popul\u00e6re sk\u00e6res\u00e6t i \u00e9t - og giver dig det rigtige v\u00e6rkt\u00f8j til enhver opgave, fra delikat anretning til st\u00f8rre tilberedninger og dessertpr\u00e6sentation.<\/p>\n<p>Hver ring er fremstillet af rustfrit st\u00e5l af h\u00f8j kvalitet uden synlig svejsning og giver let glatte, perfekt runde snit. Brug den medf\u00f8lgende presse til at forme retter som tuntatar, kaviar eller raffinerede desserter. Uanset om du arbejder med sm\u00e5 detaljer eller store portioner, sikrer dette s\u00e6t konsistens og elegance under pres.<\/p>\n<p>S\u00e6ttet indeholder:<\/p>\n<p>1 x presse-s\u00e6t til udsk\u00e6rere (8 stk.)<\/p>\n<p>1 x Essential Cutter Kit (11 stk.)<\/p>\n<p>1 x stort sk\u00e6res\u00e6t (6 stk. - tilf\u00f8jelsess\u00e6t)<\/p>\n<p>1 x Lille sk\u00e6res\u00e6t (5 stk. - annoncer p\u00e5 s\u00e6ttet)<\/p>\n<p>Lavet og designet af nordiske kokke<\/p>","protected":false},"excerpt":{"rendered":"<p style=\"text-align: center\">Ultimate Cutter Set er den komplette l\u00f8sning til kokke og ambiti\u00f8se hjemmekokke, der kr\u00e6ver pr\u00e6cision og alsidighed i k\u00f8kkenet. Dette s\u00e6t kombinerer fire af vores mest popul\u00e6re sk\u00e6res\u00e6t i \u00e9t - og giver dig det rigtige v\u00e6rkt\u00f8j til enhver opgave, fra delikat anretning til st\u00f8rre tilberedninger og dessertpr\u00e6sentation.<\/p>\n<p style=\"text-align: center\">S\u00e6ttet indeholder:<\/p>\n<p style=\"text-align: center\">1 x presse-s\u00e6t til udsk\u00e6rere (8 stk.)<\/p>\n<p style=\"text-align: center\">1 x Essential Cutter Kit (11 stk.)<\/p>\n<p style=\"text-align: center\">1 x stort sk\u00e6res\u00e6t (6 stk. - tilf\u00f8jelsess\u00e6t)<\/p>\n<p style=\"text-align: center\">1 x Lille sk\u00e6res\u00e6t (5 stk. - annoncer p\u00e5 s\u00e6ttet)<\/p>\n<p style=\"text-align: center\">Lavet og designet af nordiske kokke<\/p>","protected":false},"featured_media":10025,"template":"","meta":{"_acf_changed":false,"_seopress_robots_primary_cat":"none","_seopress_titles_title":"Ultimate Cutter Set for Professional Chefs and Home Cooks","_seopress_titles_desc":"Stainless Steel Food Rings and Press for Perfect Plating - Desserts, Tartare, and Elegant Presentation. Made from one piece of steel in Jet Black","_seopress_robots_index":""},"product_brand":[],"product_cat":[116,105],"product_tag":[25],"class_list":{"0":"post-14248","1":"product","2":"type-product","3":"status-publish","4":"has-post-thumbnail","6":"product_cat-cutter","7":"product_cat-kitchen-utensils","8":"product_tag-engraving","9":"product-type-simple","10":"tm-has-options","12":"first","13":"instock","14":"taxable","15":"shipping-taxable","16":"purchasable"},"acf":[],"_links":{"self":[{"href":"https:\/\/nordic-chefs.com\/da\/wp-json\/wp\/v2\/product\/14248","targetHints":{"allow":["GET"]}}],"collection":[{"href":"https:\/\/nordic-chefs.com\/da\/wp-json\/wp\/v2\/product"}],"about":[{"href":"https:\/\/nordic-chefs.com\/da\/wp-json\/wp\/v2\/types\/product"}],"version-history":[{"count":0,"href":"https:\/\/nordic-chefs.com\/da\/wp-json\/wp\/v2\/product\/14248\/revisions"}],"wp:featuredmedia":[{"embeddable":true,"href":"https:\/\/nordic-chefs.com\/da\/wp-json\/wp\/v2\/media\/10025"}],"wp:attachment":[{"href":"https:\/\/nordic-chefs.com\/da\/wp-json\/wp\/v2\/media?parent=14248"}],"wp:term":[{"taxonomy":"product_brand","embeddable":true,"href":"https:\/\/nordic-chefs.com\/da\/wp-json\/wp\/v2\/product_brand?post=14248"},{"taxonomy":"product_cat","embeddable":true,"href":"https:\/\/nordic-chefs.com\/da\/wp-json\/wp\/v2\/product_cat?post=14248"},{"taxonomy":"product_tag","embeddable":true,"href":"https:\/\/nordic-chefs.com\/da\/wp-json\/wp\/v2\/product_tag?post=14248"}],"curies":[{"name":"wp","href":"https:\/\/api.w.org\/{rel}","templated":true}]}}