{"id":14929,"date":"2025-06-26T14:24:09","date_gmt":"2025-06-26T12:24:09","guid":{"rendered":"https:\/\/nordic-chefs.com\/?post_type=product&#038;p=14929"},"modified":"2025-12-16T15:12:42","modified_gmt":"2025-12-16T13:12:42","slug":"monaka-tartelette","status":"publish","type":"product","link":"https:\/\/nordic-chefs.com\/da\/shop\/monaka-tartelette\/","title":{"rendered":"Monaka Tartelette-s\u00e6t"},"content":{"rendered":"<p>Vores Monaka tartelets\u00e6t er udviklet i samarbejde med Michelin-kokken Edward Lee fra restaurant Udtryk i K\u00f8benhavn. Han slog d\u00f8rene op i maj 2025 og modtog sin f\u00f8rste michelin-stjerne nogensinde efter 41 dages \u00e5bning.<\/p>\n<p>Denne form best\u00e5r af 5 i \u00e9n og er inspireret af de japanske spr\u00f8de bolsjer lavet af mochi (spr\u00f8de ris). Designet er lavet, s\u00e5 du kan fylde dem op og bruge dem til at lave mochi'er, eller du kan bruge dem som tarteletter, som Edward har gjort.<\/p>\n<p>Formen leveres med 5 mellemstykker til at lave tarteletten og en udstikker til en flot kant.<\/p>\n<p>Silikoneformene er fremstillet i Danmark og kan t\u00e5le mellem -40 og 250+ grader.<\/p>","protected":false},"excerpt":{"rendered":"<p style=\"text-align: center;\">Our <strong>Monaka<\/strong> tartelette set is developed in collaboration with <strong>Michelin chef Edward Lee<\/strong> from restaurant Udtryk in <strong>Copenhagen<\/strong>. He opened his doors may of 2025 and received his first ever <strong>michelin star<\/strong> after 41 days of having been open.<\/p>\n<p style=\"text-align: center;\">Denne form best\u00e5r af 5 i \u00e9n og er inspireret af de japanske spr\u00f8de bolsjer lavet af mochi (spr\u00f8de ris). Designet er lavet, s\u00e5 du kan fylde dem op og bruge dem til at lave mochi'er, eller du kan bruge dem som tarteletter, som Edward har gjort.<\/p>","protected":false},"featured_media":14917,"template":"","meta":{"_acf_changed":false,"_seopress_robots_primary_cat":"none","_seopress_titles_title":"Monaka tartelette set inspired by a japanese sweet","_seopress_titles_desc":"With our japanese inspired tart you are able to create crips monaka shells - made in collaboration with Restaurant Udtryk - 1 michelin star","_seopress_robots_index":""},"product_brand":[],"product_cat":[91,104,136],"product_tag":[],"class_list":{"0":"post-14929","1":"product","2":"type-product","3":"status-publish","4":"has-post-thumbnail","6":"product_cat-silicone-molds","7":"product_cat-silicone-molds-3d","8":"product_cat-tartelette-silicone-molds","9":"product-type-simple","10":"tm-no-options","12":"first","13":"instock","14":"taxable","15":"shipping-taxable","16":"purchasable"},"acf":[],"_links":{"self":[{"href":"https:\/\/nordic-chefs.com\/da\/wp-json\/wp\/v2\/product\/14929","targetHints":{"allow":["GET"]}}],"collection":[{"href":"https:\/\/nordic-chefs.com\/da\/wp-json\/wp\/v2\/product"}],"about":[{"href":"https:\/\/nordic-chefs.com\/da\/wp-json\/wp\/v2\/types\/product"}],"version-history":[{"count":0,"href":"https:\/\/nordic-chefs.com\/da\/wp-json\/wp\/v2\/product\/14929\/revisions"}],"wp:featuredmedia":[{"embeddable":true,"href":"https:\/\/nordic-chefs.com\/da\/wp-json\/wp\/v2\/media\/14917"}],"wp:attachment":[{"href":"https:\/\/nordic-chefs.com\/da\/wp-json\/wp\/v2\/media?parent=14929"}],"wp:term":[{"taxonomy":"product_brand","embeddable":true,"href":"https:\/\/nordic-chefs.com\/da\/wp-json\/wp\/v2\/product_brand?post=14929"},{"taxonomy":"product_cat","embeddable":true,"href":"https:\/\/nordic-chefs.com\/da\/wp-json\/wp\/v2\/product_cat?post=14929"},{"taxonomy":"product_tag","embeddable":true,"href":"https:\/\/nordic-chefs.com\/da\/wp-json\/wp\/v2\/product_tag?post=14929"}],"curies":[{"name":"wp","href":"https:\/\/api.w.org\/{rel}","templated":true}]}}