{"id":15191,"date":"2025-07-25T17:00:18","date_gmt":"2025-07-25T15:00:18","guid":{"rendered":"https:\/\/nordic-chefs.com\/shop\/uncategorized\/scallop-mold-limited-edition\/"},"modified":"2026-04-22T21:07:16","modified_gmt":"2026-04-22T19:07:16","slug":"kammuslingform","status":"publish","type":"product","link":"https:\/\/nordic-chefs.com\/da\/shop\/scallop-mold\/","title":{"rendered":"Kammuslingform"},"content":{"rendered":"<p style=\"text-align: center\">Vores kammuslingform er et professionelt k\u00f8kkenredskab inspireret af den asiatiske pie tee form, men fremstillet af f\u00f8rsteklasses aluminiumsst\u00e5l. Uanset om du laver s\u00f8de snacks eller salte mini-t\u00e6rtebunde, klarer denne croustade det med lethed. Den er designet til brug i Michelin-stjernede restauranter, men den er ogs\u00e5 perfekt til hjemmekokke, der leder efter kvalitetsk\u00f8kkenredskaber. Med sin lette v\u00e6gt og kvalitetsf\u00f8lelse er dette kokkev\u00e6rkt\u00f8j bygget til at holde.<\/p>\n<p class=\"p1\" style=\"font-family: Inter, sans-serif;font-size: 10px;font-style: normal;font-weight: 400;letter-spacing: normal;text-align: center;text-indent: 0px;text-transform: none;text-decoration: none\"><span style=\"font-size: 10pt\"><strong>Bem\u00e6rk venligst:<\/strong><\/span><span style=\"font-size: 10pt\"><span class=\"Apple-converted-space\">&nbsp;<\/span><\/span><span style=\"font-size: 10pt\"><i>Dette produkt omfatter kun formen. H\u00e5ndtag skal k\u00f8bes separat.<\/i><\/span><\/p>","protected":false},"excerpt":{"rendered":"<p style=\"text-align: center\"><strong>BEGR\u00c6NSEDE UDGAVE<\/strong><\/p>\n<p style=\"text-align: center\">Vores kammuslingform er et professionelt k\u00f8kkenredskab inspireret af den asiatiske pie tee form, men fremstillet af f\u00f8rsteklasses aluminiumsst\u00e5l. Uanset om du laver s\u00f8de snacks eller salte mini-t\u00e6rtebunde, klarer denne croustade det med lethed. Den er designet til brug i Michelin-stjernede restauranter, men den er ogs\u00e5 perfekt til hjemmekokke, der leder efter kvalitetsk\u00f8kkenredskaber. Med sin lette v\u00e6gt og kvalitetsf\u00f8lelse er dette kokkev\u00e6rkt\u00f8j bygget til at holde.<\/p>\n<p class=\"p1\" style=\"font-family: Inter, sans-serif;font-size: 10px;font-style: normal;font-weight: 400;letter-spacing: normal;text-align: center;text-indent: 0px;text-transform: none;text-decoration: none\"><span style=\"font-size: 12pt\"><strong>Bem\u00e6rk venligst:<\/strong> <i>Dette produkt omfatter kun formen. H\u00e5ndtag skal k\u00f8bes separat.<\/i><\/span><\/p>","protected":false},"featured_media":18072,"template":"","meta":{"_acf_changed":false,"_seopress_robots_primary_cat":"none","_seopress_titles_title":"Scallop Croustade Mold","_seopress_titles_desc":"LIMITED EDITION - create a stunning croustade snack with our new scallop mold - its deep to fill in your favorite filling.","_seopress_robots_index":"","wprm-recipe-roundup-name":"","wprm-recipe-roundup-description":""},"product_brand":[],"product_cat":[152,168,167],"product_tag":[113],"class_list":{"0":"post-15191","1":"product","2":"type-product","3":"status-publish","4":"has-post-thumbnail","6":"product_cat-croustade-iron-and-rosette-iron","7":"product_cat-double-iron","8":"product_cat-single-iron","9":"product_tag-head","10":"product-type-simple","11":"tm-no-options","13":"first","14":"instock","15":"taxable","16":"shipping-taxable","17":"purchasable"},"acf":[],"_links":{"self":[{"href":"https:\/\/nordic-chefs.com\/da\/wp-json\/wp\/v2\/product\/15191","targetHints":{"allow":["GET"]}}],"collection":[{"href":"https:\/\/nordic-chefs.com\/da\/wp-json\/wp\/v2\/product"}],"about":[{"href":"https:\/\/nordic-chefs.com\/da\/wp-json\/wp\/v2\/types\/product"}],"version-history":[{"count":0,"href":"https:\/\/nordic-chefs.com\/da\/wp-json\/wp\/v2\/product\/15191\/revisions"}],"wp:featuredmedia":[{"embeddable":true,"href":"https:\/\/nordic-chefs.com\/da\/wp-json\/wp\/v2\/media\/18072"}],"wp:attachment":[{"href":"https:\/\/nordic-chefs.com\/da\/wp-json\/wp\/v2\/media?parent=15191"}],"wp:term":[{"taxonomy":"product_brand","embeddable":true,"href":"https:\/\/nordic-chefs.com\/da\/wp-json\/wp\/v2\/product_brand?post=15191"},{"taxonomy":"product_cat","embeddable":true,"href":"https:\/\/nordic-chefs.com\/da\/wp-json\/wp\/v2\/product_cat?post=15191"},{"taxonomy":"product_tag","embeddable":true,"href":"https:\/\/nordic-chefs.com\/da\/wp-json\/wp\/v2\/product_tag?post=15191"}],"curies":[{"name":"wp","href":"https:\/\/api.w.org\/{rel}","templated":true}]}}