{"id":17227,"date":"2025-11-05T23:59:37","date_gmt":"2025-11-05T21:59:37","guid":{"rendered":"https:\/\/nordic-chefs.com\/?post_type=product&#038;p=17227"},"modified":"2026-02-17T23:59:09","modified_gmt":"2026-02-17T21:59:09","slug":"oval-krokantjern","status":"publish","type":"product","link":"https:\/\/nordic-chefs.com\/da\/shop\/oval-croustade-iron-mold\/","title":{"rendered":"Oval Croustadeform"},"content":{"rendered":"<p><!--StartFragment --><\/p>\n<p class=\"pf0\"><span class=\"cf0\">Vores ovale croustadeform er et professionelt k\u00f8kkenredskab fremstillet af f\u00f8rsteklasses aluminiumsst\u00e5l. Uanset om du laver gourmetkiks, <\/span><span class=\"cf0\">Bu\u00f1uelos<\/span><span class=\"cf0\"> eller andre spr\u00f8de snacks, kan du nemt g\u00f8re det med denne aluminiumsform. Den er designet til brug i Michelin-stjernek\u00f8kkener, men er ogs\u00e5 perfekt til hjemmekokke, der leder efter k\u00f8kkengrej af h\u00f8j kvalitet. Med en naturligt non-stick overflade p\u00e5 vores form og vores skridsikre h\u00e5ndtag tilbyder den komfort og pr\u00e6cision i enhver bagesession.<\/span><\/p>\n<p><span class=\"cf0\">Bem\u00e6rk: Dette produkt indeholder kun formen. H\u00e5ndtag skal k\u00f8bes separat.<\/span><\/p>\n<p><!--EndFragment --><\/p>","protected":false},"excerpt":{"rendered":"<p><!--StartFragment --><\/p>\n<p class=\"pf0\"><span class=\"cf0\">Vores ovale crostade-jern er specielt designet til at skabe spr\u00f8de snacks med fyld. Lavet til kokke <\/span><span class=\"cf1\">\u2013 letv\u00e6gts \u2013 design \u2013 specialform med over 21 forskellige muligheder! Dette g\u00f8r vores croustadejern til det bedste k\u00f8kkenredskab<\/span><\/p>\n<p><!--EndFragment --><\/p>","protected":false},"featured_media":18064,"template":"","meta":{"_acf_changed":false,"_seopress_robots_primary_cat":"none","_seopress_titles_title":"Oval Croustade Mold | Aluminium Head for Crisp Shells","_seopress_titles_desc":"Professional oval aluminium croustade mold designed for crisp, hollow shells. Ensures even heat distribution and clean release after frying.","_seopress_robots_index":"","wprm-recipe-roundup-name":"","wprm-recipe-roundup-description":""},"product_brand":[],"product_cat":[267,152,168,167],"product_tag":[],"class_list":{"0":"post-17227","1":"product","2":"type-product","3":"status-publish","4":"has-post-thumbnail","6":"product_cat-croustade-bunuelos-molds","7":"product_cat-croustade-iron-and-rosette-iron","8":"product_cat-double-iron","9":"product_cat-single-iron","10":"product-type-simple","11":"tm-no-options","13":"first","14":"instock","15":"taxable","16":"shipping-taxable","17":"purchasable"},"acf":[],"_links":{"self":[{"href":"https:\/\/nordic-chefs.com\/da\/wp-json\/wp\/v2\/product\/17227","targetHints":{"allow":["GET"]}}],"collection":[{"href":"https:\/\/nordic-chefs.com\/da\/wp-json\/wp\/v2\/product"}],"about":[{"href":"https:\/\/nordic-chefs.com\/da\/wp-json\/wp\/v2\/types\/product"}],"version-history":[{"count":0,"href":"https:\/\/nordic-chefs.com\/da\/wp-json\/wp\/v2\/product\/17227\/revisions"}],"wp:featuredmedia":[{"embeddable":true,"href":"https:\/\/nordic-chefs.com\/da\/wp-json\/wp\/v2\/media\/18064"}],"wp:attachment":[{"href":"https:\/\/nordic-chefs.com\/da\/wp-json\/wp\/v2\/media?parent=17227"}],"wp:term":[{"taxonomy":"product_brand","embeddable":true,"href":"https:\/\/nordic-chefs.com\/da\/wp-json\/wp\/v2\/product_brand?post=17227"},{"taxonomy":"product_cat","embeddable":true,"href":"https:\/\/nordic-chefs.com\/da\/wp-json\/wp\/v2\/product_cat?post=17227"},{"taxonomy":"product_tag","embeddable":true,"href":"https:\/\/nordic-chefs.com\/da\/wp-json\/wp\/v2\/product_tag?post=17227"}],"curies":[{"name":"wp","href":"https:\/\/api.w.org\/{rel}","templated":true}]}}