{"id":17393,"date":"2025-11-17T16:27:26","date_gmt":"2025-11-17T14:27:26","guid":{"rendered":"https:\/\/nordic-chefs.com\/?post_type=product&#038;p=17393"},"modified":"2026-04-20T14:34:38","modified_gmt":"2026-04-20T12:34:38","slug":"nordisk-halo-jordnaer-udgave","status":"publish","type":"product","link":"https:\/\/nordic-chefs.com\/da\/shop\/nordic-halo-jordnaer-edition\/","title":{"rendered":"Nordisk Halo \u2013 Jordn\u00e6r Udgave"},"content":{"rendered":"<p><strong>Den <em data-start=\"363\" data-end=\"394\">Nordisk Halo \u2013 Jordn\u00e6r Udgave<\/em> <\/strong><\/p>\n<p>er en pr\u00e6cisionsdesignet silikoneringform udviklet i samarbejde med ejeren og k\u00f8kkenchefen p\u00e5 Michelin-restauranten Jordn\u00e6r \u2013 Eric Vildgaard. Skabt til at forbedre moderne anretning, den giver kokke mulighed for at skabe rene mousse-, pur\u00e9- eller ringforme af gel\u00e9 med en indbygget quenelle-platform til en minimalistisk og yderst raffineret pr\u00e6sentation.<\/p>\n<p data-start=\"418\" data-end=\"683\">Produceret i <strong data-start=\"430\" data-end=\"441\">Danmark, <\/strong>hvert element inkluderer <strong data-start=\"498\" data-end=\"520\">2 individuelle forme<\/strong> lavet af <strong data-start=\"531\" data-end=\"559\">100% silikone af f\u00f8devarekvalitet<\/strong>.<\/p>\n<p data-start=\"418\" data-end=\"683\">Bygget til professionelle, h\u00e5ndterer den temperaturer fra <strong data-start=\"615\" data-end=\"634\">-50\u00b0C til +250\u00b0C<\/strong>hvilket g\u00f8r den perfekt til <strong data-start=\"658\" data-end=\"682\">brug af fryser og ovn<\/strong>.<\/p>\n<p data-start=\"685\" data-end=\"782\">Holdbar, fleksibel og let at slippe - en form, der er lavet til at opfylde kravene i fine spisek\u00f8kkener.<\/p>\n<p>&nbsp;<\/p>","protected":false},"excerpt":{"rendered":"<p>Fremstillet i samarbejde med Restaurant Jordn\u00e6r giver denne pr\u00e6cise silikoneringform kokke mulighed for at skabe fejlfri mousseringe med en integreret quenelle-platform, ideel til raffineret nordisk anretning.<\/p>","protected":false},"featured_media":17902,"template":"","meta":{"_acf_changed":false,"_seopress_robots_primary_cat":"none","_seopress_titles_title":"Nordic Halo \u2013 Jordn\u00e6r Edition | Silicone Quenelle Ring Mold","_seopress_titles_desc":"Premium silicone plating ring mold co-developed with Restaurant Jordn\u00e6r. Made for precision mousse, quenelle and modern fine dining presentation.","_seopress_robots_index":"","wprm-recipe-roundup-name":"","wprm-recipe-roundup-description":""},"product_brand":[],"product_cat":[91,104],"product_tag":[],"class_list":{"0":"post-17393","1":"product","2":"type-product","3":"status-publish","4":"has-post-thumbnail","6":"product_cat-silicone-molds","7":"product_cat-silicone-molds-3d","8":"product-type-simple","9":"tm-no-options","11":"first","12":"instock","13":"taxable","14":"shipping-taxable","15":"purchasable"},"acf":[],"_links":{"self":[{"href":"https:\/\/nordic-chefs.com\/da\/wp-json\/wp\/v2\/product\/17393","targetHints":{"allow":["GET"]}}],"collection":[{"href":"https:\/\/nordic-chefs.com\/da\/wp-json\/wp\/v2\/product"}],"about":[{"href":"https:\/\/nordic-chefs.com\/da\/wp-json\/wp\/v2\/types\/product"}],"version-history":[{"count":1,"href":"https:\/\/nordic-chefs.com\/da\/wp-json\/wp\/v2\/product\/17393\/revisions"}],"predecessor-version":[{"id":20029,"href":"https:\/\/nordic-chefs.com\/da\/wp-json\/wp\/v2\/product\/17393\/revisions\/20029"}],"wp:featuredmedia":[{"embeddable":true,"href":"https:\/\/nordic-chefs.com\/da\/wp-json\/wp\/v2\/media\/17902"}],"wp:attachment":[{"href":"https:\/\/nordic-chefs.com\/da\/wp-json\/wp\/v2\/media?parent=17393"}],"wp:term":[{"taxonomy":"product_brand","embeddable":true,"href":"https:\/\/nordic-chefs.com\/da\/wp-json\/wp\/v2\/product_brand?post=17393"},{"taxonomy":"product_cat","embeddable":true,"href":"https:\/\/nordic-chefs.com\/da\/wp-json\/wp\/v2\/product_cat?post=17393"},{"taxonomy":"product_tag","embeddable":true,"href":"https:\/\/nordic-chefs.com\/da\/wp-json\/wp\/v2\/product_tag?post=17393"}],"curies":[{"name":"wp","href":"https:\/\/api.w.org\/{rel}","templated":true}]}}