{"id":19460,"date":"2026-02-26T10:15:30","date_gmt":"2026-02-26T08:15:30","guid":{"rendered":"https:\/\/nordic-chefs.com\/?post_type=product&#038;p=19460"},"modified":"2026-02-26T10:31:39","modified_gmt":"2026-02-26T08:31:39","slug":"byg-dit-eget-croustade-saet-2","status":"publish","type":"product","link":"https:\/\/nordic-chefs.com\/da\/shop\/build-your-own-croustade-set-2\/","title":{"rendered":"Byg Din Egen \u2013 Croustade S\u00e6t"},"content":{"rendered":"<p>Skab elegante, spr\u00f8de croustader med professionelle jern og forme. Designet til pr\u00e6cision og ensartethed hj\u00e6lper disse redskaber dig med at forme sarte wienerbr\u00f8dsskaller, der holder deres form og knaser \u2013 perfekt til raffinerede forretter, desserter og servering af kanapeer.<\/p>","protected":false},"excerpt":{"rendered":"<p>Skab elegante, spr\u00f8de croustader med professionelle jern og forme. Designet til pr\u00e6cision og ensartethed hj\u00e6lper disse redskaber dig med at forme sarte wienerbr\u00f8dsskaller, der holder deres form og knaser \u2013 perfekt til raffinerede forretter, desserter og servering af kanapeer.<\/p>","protected":false},"featured_media":17461,"template":"","meta":{"_acf_changed":false,"_seopress_robots_primary_cat":"none","_seopress_titles_title":"","_seopress_titles_desc":"","_seopress_robots_index":"","wprm-recipe-roundup-name":"","wprm-recipe-roundup-description":""},"product_brand":[],"product_cat":[247,152],"product_tag":[],"class_list":{"0":"post-19460","1":"product","2":"type-product","3":"status-publish","4":"has-post-thumbnail","6":"product_cat-buildyourown","7":"product_cat-croustade-iron-and-rosette-iron","8":"product-type-easy_product_bundle","9":"tm-no-options","11":"first","12":"instock","13":"taxable","14":"shipping-taxable","15":"purchasable"},"acf":[],"_links":{"self":[{"href":"https:\/\/nordic-chefs.com\/da\/wp-json\/wp\/v2\/product\/19460","targetHints":{"allow":["GET"]}}],"collection":[{"href":"https:\/\/nordic-chefs.com\/da\/wp-json\/wp\/v2\/product"}],"about":[{"href":"https:\/\/nordic-chefs.com\/da\/wp-json\/wp\/v2\/types\/product"}],"version-history":[{"count":0,"href":"https:\/\/nordic-chefs.com\/da\/wp-json\/wp\/v2\/product\/19460\/revisions"}],"wp:featuredmedia":[{"embeddable":true,"href":"https:\/\/nordic-chefs.com\/da\/wp-json\/wp\/v2\/media\/17461"}],"wp:attachment":[{"href":"https:\/\/nordic-chefs.com\/da\/wp-json\/wp\/v2\/media?parent=19460"}],"wp:term":[{"taxonomy":"product_brand","embeddable":true,"href":"https:\/\/nordic-chefs.com\/da\/wp-json\/wp\/v2\/product_brand?post=19460"},{"taxonomy":"product_cat","embeddable":true,"href":"https:\/\/nordic-chefs.com\/da\/wp-json\/wp\/v2\/product_cat?post=19460"},{"taxonomy":"product_tag","embeddable":true,"href":"https:\/\/nordic-chefs.com\/da\/wp-json\/wp\/v2\/product_tag?post=19460"}],"curies":[{"name":"wp","href":"https:\/\/api.w.org\/{rel}","templated":true}]}}