{"id":4120,"date":"2023-08-19T22:13:23","date_gmt":"2023-08-19T20:13:23","guid":{"rendered":"https:\/\/nordic-chefs.com\/?post_type=product&#038;p=4120"},"modified":"2026-04-24T15:33:11","modified_gmt":"2026-04-24T13:33:11","slug":"nordic-chefs-fladjern","status":"publish","type":"product","link":"https:\/\/nordic-chefs.com\/da\/shop\/nordic-chefs-flat-top-iron\/","title":{"rendered":"Nordic Chefs - Single Flat Top krustadejern"},"content":{"rendered":"<p>Vores croustadejern med flad top er specielt designet til at lave spr\u00f8de snacks med fyld. Det er holdbart, nemt at reng\u00f8re og brugervenligt og sikrer perfektion ved hver brug.<\/p>\n<p>Aluminiumsh\u00e5ndtagene har et hoved, der er let at udskifte, s\u00e5 man kan fastg\u00f8re forskellige former med ubegr\u00e6nsede muligheder.<\/p>","protected":false},"excerpt":{"rendered":"<p>Vores ovale t\u00e6rtejern til croustade er specielt designet til at skabe spr\u00f8de snacks med fyld. Holdbart, nemt at reng\u00f8re og brugervenligt sikrer det perfektion ved hver brug.<\/p>\n<p>De aluminiums-h\u00e5ndtag fra Nordic Chefs tilbyder et let udskifteligt hoved til forskellige former, der kan monteres, med ubegr\u00e6nsede muligheder.<\/p>","protected":false},"featured_media":13865,"template":"","meta":{"_acf_changed":false,"_seopress_robots_primary_cat":"none","_seopress_titles_title":"Flat top croustade iron with a single handle","_seopress_titles_desc":"Explore high-quality chef tools with an aluminum head and stainless steel handle. Create stunning small tartelettes and croustade","_seopress_robots_index":"","wprm-recipe-roundup-name":"","wprm-recipe-roundup-description":""},"product_brand":[],"product_cat":[278,152,167],"product_tag":[],"class_list":{"0":"post-4120","1":"product","2":"type-product","3":"status-publish","4":"has-post-thumbnail","6":"product_cat-20-off-croustade","7":"product_cat-croustade-iron-and-rosette-iron","8":"product_cat-single-iron","9":"product-type-variable","10":"tm-no-options","12":"first","13":"instock","14":"sale","15":"taxable","16":"shipping-taxable","17":"purchasable","19":"has-default-attributes"},"acf":[],"_links":{"self":[{"href":"https:\/\/nordic-chefs.com\/da\/wp-json\/wp\/v2\/product\/4120","targetHints":{"allow":["GET"]}}],"collection":[{"href":"https:\/\/nordic-chefs.com\/da\/wp-json\/wp\/v2\/product"}],"about":[{"href":"https:\/\/nordic-chefs.com\/da\/wp-json\/wp\/v2\/types\/product"}],"version-history":[{"count":0,"href":"https:\/\/nordic-chefs.com\/da\/wp-json\/wp\/v2\/product\/4120\/revisions"}],"wp:featuredmedia":[{"embeddable":true,"href":"https:\/\/nordic-chefs.com\/da\/wp-json\/wp\/v2\/media\/13865"}],"wp:attachment":[{"href":"https:\/\/nordic-chefs.com\/da\/wp-json\/wp\/v2\/media?parent=4120"}],"wp:term":[{"taxonomy":"product_brand","embeddable":true,"href":"https:\/\/nordic-chefs.com\/da\/wp-json\/wp\/v2\/product_brand?post=4120"},{"taxonomy":"product_cat","embeddable":true,"href":"https:\/\/nordic-chefs.com\/da\/wp-json\/wp\/v2\/product_cat?post=4120"},{"taxonomy":"product_tag","embeddable":true,"href":"https:\/\/nordic-chefs.com\/da\/wp-json\/wp\/v2\/product_tag?post=4120"}],"curies":[{"name":"wp","href":"https:\/\/api.w.org\/{rel}","templated":true}]}}