{"id":4135,"date":"2023-08-20T21:27:47","date_gmt":"2023-08-20T19:27:47","guid":{"rendered":"https:\/\/nordic-chefs.com\/product\/bunuelos-hearts-head\/"},"modified":"2026-02-17T23:58:13","modified_gmt":"2026-02-17T21:58:13","slug":"hjerteform","status":"publish","type":"product","link":"https:\/\/nordic-chefs.com\/da\/shop\/heart-mold\/","title":{"rendered":"Hjerte Croustade Form"},"content":{"rendered":"<p class=\"p1\">Vores Croustade hjerteform er et professionelt k\u00f8kkenredskab fremstillet af f\u00f8rsteklasses aluminiumsst\u00e5l. Uanset om du laver mexicanske snacks som Bu\u00f1uelos eller andre spr\u00f8de snacks, giver denne aluminiumsform dig mulighed for at g\u00f8re det med lethed. Den er designet til brug i Michelin restauranter og er ogs\u00e5 perfekt til hjemmekokke, der leder efter k\u00f8kkenredskaber af h\u00f8j kvalitet. Med en naturlig non-stick overflade p\u00e5 vores formhoveder og vores skridsikre h\u00e5ndtag, tilbyder den komfort og pr\u00e6cision i enhver bagesession.<\/p>\n<p class=\"p1\">Bem\u00e6rk venligst: <i>Dette produkt omfatter kun formen. H\u00e5ndtag skal k\u00f8bes separat.<\/i><\/p>","protected":false},"excerpt":{"rendered":"<p>Vores Bu\u00f1uelos hjerteform er specielt designet til at lave spr\u00f8de snacks \u2013 holdbar, nem at reng\u00f8re og brugervenlig, den sikrer perfektion ved hver brug.<\/p>","protected":false},"featured_media":18053,"template":"","meta":{"_acf_changed":false,"_seopress_robots_primary_cat":"none","_seopress_titles_title":"Bunuelos Heart Iron : A chefs tool for various mexican snack","_seopress_titles_desc":"Bunuelos heart iron from Nordic Chefs - Made for Chef - Quality Kitchen Tool for Professional chefs","_seopress_robots_index":"","wprm-recipe-roundup-name":"","wprm-recipe-roundup-description":""},"product_brand":[],"product_cat":[267,152,168,167],"product_tag":[113],"class_list":{"0":"post-4135","1":"product","2":"type-product","3":"status-publish","4":"has-post-thumbnail","6":"product_cat-croustade-bunuelos-molds","7":"product_cat-croustade-iron-and-rosette-iron","8":"product_cat-double-iron","9":"product_cat-single-iron","10":"product_tag-head","11":"product-type-simple","12":"tm-no-options","14":"first","15":"instock","16":"taxable","17":"shipping-taxable","18":"purchasable"},"acf":[],"_links":{"self":[{"href":"https:\/\/nordic-chefs.com\/da\/wp-json\/wp\/v2\/product\/4135","targetHints":{"allow":["GET"]}}],"collection":[{"href":"https:\/\/nordic-chefs.com\/da\/wp-json\/wp\/v2\/product"}],"about":[{"href":"https:\/\/nordic-chefs.com\/da\/wp-json\/wp\/v2\/types\/product"}],"version-history":[{"count":0,"href":"https:\/\/nordic-chefs.com\/da\/wp-json\/wp\/v2\/product\/4135\/revisions"}],"wp:featuredmedia":[{"embeddable":true,"href":"https:\/\/nordic-chefs.com\/da\/wp-json\/wp\/v2\/media\/18053"}],"wp:attachment":[{"href":"https:\/\/nordic-chefs.com\/da\/wp-json\/wp\/v2\/media?parent=4135"}],"wp:term":[{"taxonomy":"product_brand","embeddable":true,"href":"https:\/\/nordic-chefs.com\/da\/wp-json\/wp\/v2\/product_brand?post=4135"},{"taxonomy":"product_cat","embeddable":true,"href":"https:\/\/nordic-chefs.com\/da\/wp-json\/wp\/v2\/product_cat?post=4135"},{"taxonomy":"product_tag","embeddable":true,"href":"https:\/\/nordic-chefs.com\/da\/wp-json\/wp\/v2\/product_tag?post=4135"}],"curies":[{"name":"wp","href":"https:\/\/api.w.org\/{rel}","templated":true}]}}