{"id":4138,"date":"2023-08-20T21:30:47","date_gmt":"2023-08-20T19:30:47","guid":{"rendered":"https:\/\/nordic-chefs.com\/product\/bunuelos-ring-head\/"},"modified":"2026-02-17T23:59:51","modified_gmt":"2026-02-17T21:59:51","slug":"ringform","status":"publish","type":"product","link":"https:\/\/nordic-chefs.com\/da\/shop\/ring-mold\/","title":{"rendered":"Ring Croustade Mold"},"content":{"rendered":"<p class=\"p1\" style=\"text-align: center\">Vores Bu\u00f1uelos-ringform er et professionelt k\u00f8kkenredskab fremstillet af f\u00f8rsteklasses aluminiumsst\u00e5l. Uanset om du laver knasende snacks, traditionelle Bu\u00f1uelos eller andre franske snacks, kan du nemt g\u00f8re det med denne aluminiumsform. Den er designet til brug i Michelin-stjernek\u00f8kkener, men er ogs\u00e5 perfekt til hjemmekokke, der er p\u00e5 udkig efter et kvalitetsv\u00e6rkt\u00f8j til kokke. Med en naturlig non-stick overflade p\u00e5 vores formhoveder og vores skridsikre h\u00e5ndtag giver den komfort og pr\u00e6cision under hver bagning.<\/p>\n<p class=\"p1\" style=\"text-align: center\">Skift nemt mellem vores forme til bunuelos, og \u00e5bn op for endnu flere muligheder med vores uundv\u00e6rlige bunuelos-v\u00e6rkt\u00f8j.<\/p>","protected":false},"excerpt":{"rendered":"<p class=\"p1\" style=\"text-align: center\">Opgrader dit rosettejern med vores bunuelosform - ideel til at lave unikke og stegte bu\u00f1uelos i nye former og stilarter.<br \/>\nBem\u00e6rk venligst: <i>Dette produkt omfatter kun formen. H\u00e5ndtag skal k\u00f8bes separat.<\/i><\/p>","protected":false},"featured_media":18067,"template":"","meta":{"_acf_changed":false,"_seopress_robots_primary_cat":"none","_seopress_titles_title":"Bunuelos Ring Iron professional chefs tool for fried snacks","_seopress_titles_desc":"fry gourmet Bunuelos with our premium bunuelos tool made for Michelin kitchens or home cooks. change your molds with ease - 21 different options","_seopress_robots_index":""},"product_brand":[],"product_cat":[267,152,168,167],"product_tag":[113],"class_list":{"0":"post-4138","1":"product","2":"type-product","3":"status-publish","4":"has-post-thumbnail","6":"product_cat-croustade-bunuelos-molds","7":"product_cat-croustade-iron-and-rosette-iron","8":"product_cat-double-iron","9":"product_cat-single-iron","10":"product_tag-head","11":"product-type-simple","12":"tm-no-options","14":"first","15":"instock","16":"taxable","17":"shipping-taxable","18":"purchasable"},"acf":[],"_links":{"self":[{"href":"https:\/\/nordic-chefs.com\/da\/wp-json\/wp\/v2\/product\/4138","targetHints":{"allow":["GET"]}}],"collection":[{"href":"https:\/\/nordic-chefs.com\/da\/wp-json\/wp\/v2\/product"}],"about":[{"href":"https:\/\/nordic-chefs.com\/da\/wp-json\/wp\/v2\/types\/product"}],"version-history":[{"count":0,"href":"https:\/\/nordic-chefs.com\/da\/wp-json\/wp\/v2\/product\/4138\/revisions"}],"wp:featuredmedia":[{"embeddable":true,"href":"https:\/\/nordic-chefs.com\/da\/wp-json\/wp\/v2\/media\/18067"}],"wp:attachment":[{"href":"https:\/\/nordic-chefs.com\/da\/wp-json\/wp\/v2\/media?parent=4138"}],"wp:term":[{"taxonomy":"product_brand","embeddable":true,"href":"https:\/\/nordic-chefs.com\/da\/wp-json\/wp\/v2\/product_brand?post=4138"},{"taxonomy":"product_cat","embeddable":true,"href":"https:\/\/nordic-chefs.com\/da\/wp-json\/wp\/v2\/product_cat?post=4138"},{"taxonomy":"product_tag","embeddable":true,"href":"https:\/\/nordic-chefs.com\/da\/wp-json\/wp\/v2\/product_tag?post=4138"}],"curies":[{"name":"wp","href":"https:\/\/api.w.org\/{rel}","templated":true}]}}