{"id":4142,"date":"2023-08-20T21:37:45","date_gmt":"2023-08-20T19:37:45","guid":{"rendered":"https:\/\/nordic-chefs.com\/product\/batman-head\/"},"modified":"2026-02-18T00:02:50","modified_gmt":"2026-02-17T22:02:50","slug":"thebatman","status":"publish","type":"product","link":"https:\/\/nordic-chefs.com\/da\/shop\/thebatman\/","title":{"rendered":"The Batman Croustade Form \u2013 Limited Edition"},"content":{"rendered":"<p><strong>Limited Edition \u2013 The Batman Croustade <\/strong>Mold \ud83e\udd87<\/p>\n<p>Inspired by the world of Batman and developed in collaboration with chef @gabrieleri1212, this mold brings cinematic flair to the professional kitchen.<\/p>\n<p>Precision-crafted from premium aluminium steel, it creates bold, crispy shells with a silhouette that commands attention. Designed for Michelin-level kitchens \u2013 but available to anyone who dares to create something different.<\/p>\n<p>F\u00e5s i <strong>begr\u00e6nsede m\u00e6ngder<\/strong>.<\/p>\n<p>It may return one day\u2026 but for now, it\u2019s a rare catch.<\/p>\n<p><em>Bem\u00e6rk: H\u00e5ndtag s\u00e6lges separat<\/em><\/p>","protected":false},"excerpt":{"rendered":"<p><strong><span style=\"font-size: 18pt\"><em>Bem\u00e6rk: H\u00e5ndtag s\u00e6lges separat<\/em><\/span><\/strong><\/p>\n<p>Vores Batman-t\u00e6rte-croustade-hoved er specielt designet til at lave spr\u00f8de snacks med fyld. Holdbart, nemt at reng\u00f8re og brugervenligt sikrer det perfektion ved hver brug.<\/p>\n<p>St\u00f8rrelse pr. stykke: 6,5 cm l\u00e6ngde x 3,3 cm bredde 1,3 cm h\u00f8jde V\u00e6gt: 0,040 kg<\/p>\n<p>Materiale: Aluminium<\/p>","protected":false},"featured_media":15254,"template":"","meta":{"_acf_changed":false,"_seopress_robots_primary_cat":"none","_seopress_titles_title":"Batman croustade - Snack for real heroes","_seopress_titles_desc":"Our batman croustade iron, is perfect for the playfull chef, who is a fan of Snacks and Superheroes","_seopress_robots_index":"","_seopress_analysis_target_kw":"","wprm-recipe-roundup-name":"","wprm-recipe-roundup-description":""},"product_brand":[],"product_cat":[267,152,168,167],"product_tag":[],"class_list":{"0":"post-4142","1":"product","2":"type-product","3":"status-publish","4":"has-post-thumbnail","6":"product_cat-croustade-bunuelos-molds","7":"product_cat-croustade-iron-and-rosette-iron","8":"product_cat-double-iron","9":"product_cat-single-iron","10":"product-type-simple","11":"tm-no-options","13":"first","14":"instock","15":"taxable","16":"shipping-taxable","17":"purchasable"},"acf":[],"_links":{"self":[{"href":"https:\/\/nordic-chefs.com\/da\/wp-json\/wp\/v2\/product\/4142","targetHints":{"allow":["GET"]}}],"collection":[{"href":"https:\/\/nordic-chefs.com\/da\/wp-json\/wp\/v2\/product"}],"about":[{"href":"https:\/\/nordic-chefs.com\/da\/wp-json\/wp\/v2\/types\/product"}],"version-history":[{"count":0,"href":"https:\/\/nordic-chefs.com\/da\/wp-json\/wp\/v2\/product\/4142\/revisions"}],"wp:featuredmedia":[{"embeddable":true,"href":"https:\/\/nordic-chefs.com\/da\/wp-json\/wp\/v2\/media\/15254"}],"wp:attachment":[{"href":"https:\/\/nordic-chefs.com\/da\/wp-json\/wp\/v2\/media?parent=4142"}],"wp:term":[{"taxonomy":"product_brand","embeddable":true,"href":"https:\/\/nordic-chefs.com\/da\/wp-json\/wp\/v2\/product_brand?post=4142"},{"taxonomy":"product_cat","embeddable":true,"href":"https:\/\/nordic-chefs.com\/da\/wp-json\/wp\/v2\/product_cat?post=4142"},{"taxonomy":"product_tag","embeddable":true,"href":"https:\/\/nordic-chefs.com\/da\/wp-json\/wp\/v2\/product_tag?post=4142"}],"curies":[{"name":"wp","href":"https:\/\/api.w.org\/{rel}","templated":true}]}}