{"id":4145,"date":"2023-08-20T21:52:35","date_gmt":"2023-08-20T19:52:35","guid":{"rendered":"https:\/\/nordic-chefs.com\/product\/croustade-head\/"},"modified":"2026-02-20T23:36:23","modified_gmt":"2026-02-20T21:36:23","slug":"croustade-jern","status":"publish","type":"product","link":"https:\/\/nordic-chefs.com\/da\/shop\/croustade-iron\/","title":{"rendered":"Croustade Mold"},"content":{"rendered":"<p class=\"p1\">Vores croustadeform er et professionelt k\u00f8kkenredskab inspireret af den asiatiske t\u00e6rteform, men fremstillet af f\u00f8rsteklasses aluminiumsst\u00e5l. Uanset om du laver s\u00f8de snacks eller salte minit\u00e6rter, er det nemt at lave med denne croustade. Den er designet til brug i Michelin-stjernek\u00f8kkener, men den er ogs\u00e5 perfekt til hjemmekokke, der er p\u00e5 udkig efter k\u00f8kkenredskaber af h\u00f8j kvalitet. Med sin lette v\u00e6gt og kvalitetsf\u00f8lelse er dette kokkev\u00e6rkt\u00f8j bygget til at holde.<\/p>","protected":false},"excerpt":{"rendered":"<p class=\"p1\" style=\"text-align: center\">Nordic Chefs Pie tee form er kendt som et professionelt k\u00f8kkenredskab til at skabe t\u00e6rtebunde. Den bruges over hele verden og er skabt med kokkene i tankerne \u2013 Den er nem at reng\u00f8re, letv\u00e6gts &amp; har et ergonomisk design med udskiftelige forme til at skabe alsidige gourmet snacks!<\/p>\n<p style=\"text-align: center\">Bem\u00e6rk venligst: <i>Dette produkt omfatter kun formen. H\u00e5ndtag skal k\u00f8bes separat.<\/i><\/p>","protected":false},"featured_media":18045,"template":"","meta":{"_acf_changed":false,"_seopress_robots_primary_cat":"none","_seopress_titles_title":"Croustade Iron ideal for mini tart shells and crunchy snacks","_seopress_titles_desc":"Recommended by Chefs - create your own gourmet snacks at home or in a professional kitchen with our chef tool!","_seopress_robots_index":"","wprm-recipe-roundup-name":"","wprm-recipe-roundup-description":""},"product_brand":[],"product_cat":[267,152,168,167],"product_tag":[113],"class_list":{"0":"post-4145","1":"product","2":"type-product","3":"status-publish","4":"has-post-thumbnail","6":"product_cat-croustade-bunuelos-molds","7":"product_cat-croustade-iron-and-rosette-iron","8":"product_cat-double-iron","9":"product_cat-single-iron","10":"product_tag-head","11":"product-type-simple","12":"tm-no-options","14":"first","15":"instock","16":"taxable","17":"shipping-taxable","18":"purchasable"},"acf":[],"_links":{"self":[{"href":"https:\/\/nordic-chefs.com\/da\/wp-json\/wp\/v2\/product\/4145","targetHints":{"allow":["GET"]}}],"collection":[{"href":"https:\/\/nordic-chefs.com\/da\/wp-json\/wp\/v2\/product"}],"about":[{"href":"https:\/\/nordic-chefs.com\/da\/wp-json\/wp\/v2\/types\/product"}],"version-history":[{"count":0,"href":"https:\/\/nordic-chefs.com\/da\/wp-json\/wp\/v2\/product\/4145\/revisions"}],"wp:featuredmedia":[{"embeddable":true,"href":"https:\/\/nordic-chefs.com\/da\/wp-json\/wp\/v2\/media\/18045"}],"wp:attachment":[{"href":"https:\/\/nordic-chefs.com\/da\/wp-json\/wp\/v2\/media?parent=4145"}],"wp:term":[{"taxonomy":"product_brand","embeddable":true,"href":"https:\/\/nordic-chefs.com\/da\/wp-json\/wp\/v2\/product_brand?post=4145"},{"taxonomy":"product_cat","embeddable":true,"href":"https:\/\/nordic-chefs.com\/da\/wp-json\/wp\/v2\/product_cat?post=4145"},{"taxonomy":"product_tag","embeddable":true,"href":"https:\/\/nordic-chefs.com\/da\/wp-json\/wp\/v2\/product_tag?post=4145"}],"curies":[{"name":"wp","href":"https:\/\/api.w.org\/{rel}","templated":true}]}}