{"id":4149,"date":"2023-08-20T21:54:28","date_gmt":"2023-08-20T19:54:28","guid":{"rendered":"https:\/\/nordic-chefs.com\/product\/flat-top-head\/"},"modified":"2026-02-17T23:57:03","modified_gmt":"2026-02-17T21:57:03","slug":"croustade-jern-med-flad-top","status":"publish","type":"product","link":"https:\/\/nordic-chefs.com\/da\/shop\/flat-top-croustade-iron\/","title":{"rendered":"Flat Top krustade"},"content":{"rendered":"<p class=\"p1\" style=\"text-align: center\">Vores Flat Top croustadeform er et professionelt k\u00f8kkenredskab fremstillet af f\u00f8rsteklasses aluminiumsst\u00e5l. Uanset om du laver gourmetsnacks eller andre spr\u00f8de snacks, kan du nemt g\u00f8re det med denne aluminiumsform. Den er designet til brug i Michelin-stjernek\u00f8kkener, men er ogs\u00e5 perfekt til hjemmekokke, der er p\u00e5 udkig efter kvalitetsk\u00f8kkengrej. Med en naturlig non-stick overflade p\u00e5 vores croustade og vores skridsikre h\u00e5ndtag giver den komfort og pr\u00e6cision som et perfekt kokkev\u00e6rkt\u00f8j.<\/p>","protected":false},"excerpt":{"rendered":"<p class=\"p1\" style=\"text-align: center\">This Flat Top Croustade Iron is specifically designed for creating small tart shells with filling. Made for Chefs &#8211; lightweight &#8211; design &#8211; custom mold with over 21 different possibilities! This makes our croustade the best chefs tool<br \/>\n<strong>Bem\u00e6rk venligst: <i>Dette produkt omfatter kun formen. H\u00e5ndtag skal k\u00f8bes separat.<\/i><\/strong><\/p>","protected":false},"featured_media":18565,"template":"","meta":{"_acf_changed":false,"_seopress_robots_primary_cat":"none","_seopress_titles_title":"Flat Top Croustade Iron improve your kitchen tools","_seopress_titles_desc":"Used by chefs worldwide and in michelin restaurants, designed for chef & home cooks. improve your gourmet snack & croustade skills - Nordic Chefs","_seopress_robots_index":""},"product_brand":[],"product_cat":[267,152,168,167],"product_tag":[113],"class_list":{"0":"post-4149","1":"product","2":"type-product","3":"status-publish","4":"has-post-thumbnail","6":"product_cat-croustade-bunuelos-molds","7":"product_cat-croustade-iron-and-rosette-iron","8":"product_cat-double-iron","9":"product_cat-single-iron","10":"product_tag-head","11":"product-type-simple","12":"tm-no-options","14":"first","15":"instock","16":"taxable","17":"shipping-taxable","18":"purchasable"},"acf":[],"_links":{"self":[{"href":"https:\/\/nordic-chefs.com\/da\/wp-json\/wp\/v2\/product\/4149","targetHints":{"allow":["GET"]}}],"collection":[{"href":"https:\/\/nordic-chefs.com\/da\/wp-json\/wp\/v2\/product"}],"about":[{"href":"https:\/\/nordic-chefs.com\/da\/wp-json\/wp\/v2\/types\/product"}],"version-history":[{"count":0,"href":"https:\/\/nordic-chefs.com\/da\/wp-json\/wp\/v2\/product\/4149\/revisions"}],"wp:featuredmedia":[{"embeddable":true,"href":"https:\/\/nordic-chefs.com\/da\/wp-json\/wp\/v2\/media\/18565"}],"wp:attachment":[{"href":"https:\/\/nordic-chefs.com\/da\/wp-json\/wp\/v2\/media?parent=4149"}],"wp:term":[{"taxonomy":"product_brand","embeddable":true,"href":"https:\/\/nordic-chefs.com\/da\/wp-json\/wp\/v2\/product_brand?post=4149"},{"taxonomy":"product_cat","embeddable":true,"href":"https:\/\/nordic-chefs.com\/da\/wp-json\/wp\/v2\/product_cat?post=4149"},{"taxonomy":"product_tag","embeddable":true,"href":"https:\/\/nordic-chefs.com\/da\/wp-json\/wp\/v2\/product_tag?post=4149"}],"curies":[{"name":"wp","href":"https:\/\/api.w.org\/{rel}","templated":true}]}}