{"id":4155,"date":"2023-08-20T21:58:46","date_gmt":"2023-08-20T19:58:46","guid":{"rendered":"https:\/\/nordic-chefs.com\/product\/bunuelos-rosette-head\/"},"modified":"2026-02-20T23:38:43","modified_gmt":"2026-02-20T21:38:43","slug":"rosette-jernform","status":"publish","type":"product","link":"https:\/\/nordic-chefs.com\/da\/shop\/rosette-iron-mold\/","title":{"rendered":"Rosette krustadejern"},"content":{"rendered":"<p style=\"text-align: center\">Improve your croustade molds setup with our changeable Rosette Iron mold attachment. Designed to fit perfectly on both our single and double handles. This croustade mold opens the door to creating shapes you know as &#8211; Fried rosette, rosettes, crispy fritters or mexican bu\u00f1uelos. Made for professional kitchens with its low weight and comfortably design.<\/p>\n<p style=\"text-align: center\">Switch easily between our molds for Croustade and open up for even more possibilities with our essential Croustade tool.<\/p>\n<p class=\"p1\" style=\"text-align: center\">Bem\u00e6rk venligst: <i>Dette produkt omfatter kun formen. H\u00e5ndtag skal k\u00f8bes separat.<\/i><\/p>\n<p style=\"text-align: center\">Har du set vores bunuelos-opskrift? Tjek den ud her! <a href=\"https:\/\/nordic-chefs.com\/da\/hvordan-man-laver-bunuelos\/\">S\u00e5dan laver du bunuelos<\/a><\/p>\n<p style=\"text-align: center\"><strong>&nbsp;<\/strong><\/p>","protected":false},"excerpt":{"rendered":"<p>Forbedr ops\u00e6tningen af dine Bunuelos-forme med vores udskiftelige rosetformtilbeh\u00f8r. Designet til at passe perfekt p\u00e5 b\u00e5de vores enkelt- og dobbelth\u00e5ndtag. Denne bu\u00f1uelo-form \u00e5bner d\u00f8ren til at skabe former, du kender som - stegt bu\u00f1uelo, rosetter, spr\u00f8de fritter eller mexicanske bu\u00f1uelos. Lavet til professionelle k\u00f8kkener med sin lave v\u00e6gt og sit komfortable design.<\/p>","protected":false},"featured_media":18069,"template":"","meta":{"_acf_changed":false,"_seopress_robots_primary_cat":"none","_seopress_titles_title":"Rosette Iron Mold \u2013 Double Handle Bunuelos Mold for Chefs","_seopress_titles_desc":"This rosette iron mold doubles as a professional bunuelos mold \u2013 made for chefs who value quality and performance.","_seopress_robots_index":""},"product_brand":[],"product_cat":[267,152,168,167],"product_tag":[113],"class_list":{"0":"post-4155","1":"product","2":"type-product","3":"status-publish","4":"has-post-thumbnail","6":"product_cat-croustade-bunuelos-molds","7":"product_cat-croustade-iron-and-rosette-iron","8":"product_cat-double-iron","9":"product_cat-single-iron","10":"product_tag-head","11":"product-type-simple","12":"tm-no-options","14":"first","15":"instock","16":"taxable","17":"shipping-taxable","18":"purchasable"},"acf":[],"_links":{"self":[{"href":"https:\/\/nordic-chefs.com\/da\/wp-json\/wp\/v2\/product\/4155","targetHints":{"allow":["GET"]}}],"collection":[{"href":"https:\/\/nordic-chefs.com\/da\/wp-json\/wp\/v2\/product"}],"about":[{"href":"https:\/\/nordic-chefs.com\/da\/wp-json\/wp\/v2\/types\/product"}],"version-history":[{"count":0,"href":"https:\/\/nordic-chefs.com\/da\/wp-json\/wp\/v2\/product\/4155\/revisions"}],"wp:featuredmedia":[{"embeddable":true,"href":"https:\/\/nordic-chefs.com\/da\/wp-json\/wp\/v2\/media\/18069"}],"wp:attachment":[{"href":"https:\/\/nordic-chefs.com\/da\/wp-json\/wp\/v2\/media?parent=4155"}],"wp:term":[{"taxonomy":"product_brand","embeddable":true,"href":"https:\/\/nordic-chefs.com\/da\/wp-json\/wp\/v2\/product_brand?post=4155"},{"taxonomy":"product_cat","embeddable":true,"href":"https:\/\/nordic-chefs.com\/da\/wp-json\/wp\/v2\/product_cat?post=4155"},{"taxonomy":"product_tag","embeddable":true,"href":"https:\/\/nordic-chefs.com\/da\/wp-json\/wp\/v2\/product_tag?post=4155"}],"curies":[{"name":"wp","href":"https:\/\/api.w.org\/{rel}","templated":true}]}}