{"id":4184,"date":"2023-08-21T20:16:04","date_gmt":"2023-08-21T18:16:04","guid":{"rendered":"https:\/\/nordic-chefs.com\/product\/full-croustade-bunuelos-kit\/"},"modified":"2026-04-24T15:28:51","modified_gmt":"2026-04-24T13:28:51","slug":"rosette-jern-bunuelo-form-6-dele","status":"publish","type":"product","link":"https:\/\/nordic-chefs.com\/da\/shop\/rosette-iron-bunuelo-mold-6-piece\/","title":{"rendered":"krustadejern med 6 forskellige krustader"},"content":{"rendered":"<p>Tag dine stegef\u00e6rdigheder til det n\u00e6ste niveau med dette 6-delte s\u00e6t med rosetjern og bunueloforme fra Nordic Chefs, en uundv\u00e6rlig samling af kokkev\u00e6rkt\u00f8jer til ethvert k\u00f8kken. Dette s\u00e6t er designet til kokke og passionerede hjemmekokke og indeholder seks udskiftelige forme, der er fremstillet af varmebestandigt aluminium for j\u00e6vn stegning og nem frigivelse.<\/p>\n<p>Det ergonomiske skridsikre h\u00e5ndtag giver et sikkert greb og g\u00f8r det nemt at tilberede mexicanske bu\u00f1uelos, franske croustader og andre spr\u00f8de l\u00e6kkerier. Uanset om det er i et professionelt k\u00f8kken eller derhjemme, garanterer dette alsidige v\u00e6rkt\u00f8j ensartede, gyldne resultater hver gang.<\/p>\n<h3><strong>Hvad er inkluderet?<\/strong><\/h3>\n<p>\u2714 <strong>Croustade Mold<\/strong><br \/>\n\u2714 Rosetjern<br \/>\n\u2714 Lille flad topform<br \/>\n\u2714 Ring Bunuelo Mold<br \/>\n\u2714 Ovalt Croustade-hoved<br \/>\n\u2714 Croustade-jern med flad top<\/p>\n<h3><strong>Vigtige fordele:<\/strong><\/h3>\n<p>\u2705 <strong>Design med flere anvendelsesmuligheder<\/strong> - Ideel til bu\u00f1uelos, rosetter og minit\u00e6rter<br \/>\n\u2705 <strong>Naturligt non-stick<\/strong> - Sikrer nem udl\u00f8sning og minimalt svineri<br \/>\n\u2705 <strong>Ergonomisk h\u00e5ndtag<\/strong> - Skridsikkert greb for pr\u00e6cis kontrol<br \/>\n\u2705 <strong>Holdbar og varmebestandig<\/strong> - Bygget til hyppig stegebrug<br \/>\n\u2705 <strong>Bonus<\/strong> - Indeholder en <strong>Michelin-inspireret opskrift<\/strong><\/p>","protected":false},"excerpt":{"rendered":"<p>Med dette 6-delte rosettejern og bunuelo-forms\u00e6t kan du lave perfekt spr\u00f8de bu\u00f1uelos, rosetter og t\u00e6rtebunde. Det er lavet af holdbart aluminium og sikrer j\u00e6vn opvarmning og en non-stick overflade. Har et skridsikkert ergonomisk h\u00e5ndtag til pr\u00e6cis kontrol.<\/p>","protected":false},"featured_media":18832,"template":"","meta":{"_acf_changed":false,"_seopress_robots_primary_cat":"none","_seopress_titles_title":"6-Piece Rosette Iron & Bunuelo Mold Set \u2013 Chef Tools","_seopress_titles_desc":"Make crispy bu\u00f1uelos, rosettes & tart shells with this 6-piece bunuelo mold set. Includes 6 molds, an ergonomic handle & a Michelin-inspired recipe.","_seopress_robots_index":"","wprm-recipe-roundup-name":"","wprm-recipe-roundup-description":""},"product_brand":[],"product_cat":[278,152,167],"product_tag":[],"class_list":{"0":"post-4184","1":"product","2":"type-product","3":"status-publish","4":"has-post-thumbnail","6":"product_cat-20-off-croustade","7":"product_cat-croustade-iron-and-rosette-iron","8":"product_cat-single-iron","9":"product-type-variable","10":"tm-no-options","12":"first","13":"instock","14":"sale","15":"taxable","16":"shipping-taxable","17":"purchasable","19":"has-default-attributes"},"acf":[],"_links":{"self":[{"href":"https:\/\/nordic-chefs.com\/da\/wp-json\/wp\/v2\/product\/4184","targetHints":{"allow":["GET"]}}],"collection":[{"href":"https:\/\/nordic-chefs.com\/da\/wp-json\/wp\/v2\/product"}],"about":[{"href":"https:\/\/nordic-chefs.com\/da\/wp-json\/wp\/v2\/types\/product"}],"version-history":[{"count":0,"href":"https:\/\/nordic-chefs.com\/da\/wp-json\/wp\/v2\/product\/4184\/revisions"}],"wp:featuredmedia":[{"embeddable":true,"href":"https:\/\/nordic-chefs.com\/da\/wp-json\/wp\/v2\/media\/18832"}],"wp:attachment":[{"href":"https:\/\/nordic-chefs.com\/da\/wp-json\/wp\/v2\/media?parent=4184"}],"wp:term":[{"taxonomy":"product_brand","embeddable":true,"href":"https:\/\/nordic-chefs.com\/da\/wp-json\/wp\/v2\/product_brand?post=4184"},{"taxonomy":"product_cat","embeddable":true,"href":"https:\/\/nordic-chefs.com\/da\/wp-json\/wp\/v2\/product_cat?post=4184"},{"taxonomy":"product_tag","embeddable":true,"href":"https:\/\/nordic-chefs.com\/da\/wp-json\/wp\/v2\/product_tag?post=4184"}],"curies":[{"name":"wp","href":"https:\/\/api.w.org\/{rel}","templated":true}]}}