{"id":4186,"date":"2023-08-21T20:19:32","date_gmt":"2023-08-21T18:19:32","guid":{"rendered":"https:\/\/nordic-chefs.com\/product\/nordic-chefs-ironhandle\/"},"modified":"2026-02-20T12:37:29","modified_gmt":"2026-02-20T10:37:29","slug":"enkelt-handtag","status":"publish","type":"product","link":"https:\/\/nordic-chefs.com\/da\/shop\/single-handle\/","title":{"rendered":"Krustadejern - Single"},"content":{"rendered":"<p class=\"p1\">Vores ovale krustadejern er et professionelt k\u00f8kkenredskab fremstillet af f\u00f8rsteklasses aluminiumsst\u00e5l. Uanset om du laver gourmetkager, Bu\u00f1uelos eller andre spr\u00f8de snacks, kan du nemt g\u00f8re det med denne aluminiumsform. Den er designet til brug i Michelin-stjernek\u00f8kkener, men er ogs\u00e5 perfekt til hjemmekokke, der er p\u00e5 udkig efter kvalitetsk\u00f8kkengrej. Med en naturlig non-stick overflade p\u00e5 vores form og vores skridsikre h\u00e5ndtag giver den komfort og pr\u00e6cision under hver bagning. Bem\u00e6rk venligst:<\/p>\n<p class=\"p2\"><b>Vigtige funktioner<\/b><\/p>\n<ul class=\"ul1\">\n<li class=\"li3\">F\u00f8rsteklasses konstruktion i rustfrit st\u00e5l til professionelle k\u00f8kkener.<\/li>\n<li class=\"li3\">Alsidigt k\u00f8kkenredskab til at lave sm\u00e5kager, snacks, bu\u00f1uelos eller gourmetbagv\u00e6rk.<\/li>\n<li class=\"li3\">Skift nemt mellem formene til forskellige kulinariske kreationer.<\/li>\n<li class=\"li3\">Non-stick overflade og ergonomisk h\u00e5ndtag for nem brug og reng\u00f8ring.<\/li>\n<li class=\"li3\">Indeholder en Michelin-opskrift til at mestre gourmet-snacks.<\/li>\n<\/ul>","protected":false},"excerpt":{"rendered":"<p>Our Single Croustade \/ Rosette Iron is a professional-grade kitchen tool crafted from premium stainless steel. Whether you\u2019re creating gourmet cookies, Bu\u00f1uelos or any other crisp snacks, , this Stainless steel cookware allows you to do so with ease. Designed for use in Michelin-star kitchens, it\u2019s also perfect for home cooks looking for quality cookware. [&hellip;]<\/p>\n","protected":false},"featured_media":9597,"template":"","meta":{"_acf_changed":false,"_seopress_robots_primary_cat":"none","_seopress_titles_title":"Single Handle for making crispy fried snacks","_seopress_titles_desc":"Try our Single handle for making Croustade - a premium stainless steel tool perfect for creating gourmet snacks. Great chef tool for professional chefs","_seopress_robots_index":""},"product_brand":[],"product_cat":[152,167],"product_tag":[112,243],"class_list":{"0":"post-4186","1":"product","2":"type-product","3":"status-publish","4":"has-post-thumbnail","6":"product_cat-croustade-iron-and-rosette-iron","7":"product_cat-single-iron","8":"product_tag-handle","9":"product_tag-handle-color-iron","10":"product-type-variable","11":"tm-no-options","13":"first","14":"instock","15":"taxable","16":"shipping-taxable","17":"purchasable","19":"has-default-attributes"},"acf":[],"_links":{"self":[{"href":"https:\/\/nordic-chefs.com\/da\/wp-json\/wp\/v2\/product\/4186","targetHints":{"allow":["GET"]}}],"collection":[{"href":"https:\/\/nordic-chefs.com\/da\/wp-json\/wp\/v2\/product"}],"about":[{"href":"https:\/\/nordic-chefs.com\/da\/wp-json\/wp\/v2\/types\/product"}],"version-history":[{"count":0,"href":"https:\/\/nordic-chefs.com\/da\/wp-json\/wp\/v2\/product\/4186\/revisions"}],"wp:featuredmedia":[{"embeddable":true,"href":"https:\/\/nordic-chefs.com\/da\/wp-json\/wp\/v2\/media\/9597"}],"wp:attachment":[{"href":"https:\/\/nordic-chefs.com\/da\/wp-json\/wp\/v2\/media?parent=4186"}],"wp:term":[{"taxonomy":"product_brand","embeddable":true,"href":"https:\/\/nordic-chefs.com\/da\/wp-json\/wp\/v2\/product_brand?post=4186"},{"taxonomy":"product_cat","embeddable":true,"href":"https:\/\/nordic-chefs.com\/da\/wp-json\/wp\/v2\/product_cat?post=4186"},{"taxonomy":"product_tag","embeddable":true,"href":"https:\/\/nordic-chefs.com\/da\/wp-json\/wp\/v2\/product_tag?post=4186"}],"curies":[{"name":"wp","href":"https:\/\/api.w.org\/{rel}","templated":true}]}}