{"id":4584,"date":"2023-10-21T15:33:53","date_gmt":"2023-10-21T13:33:53","guid":{"rendered":"https:\/\/nordic-chefs.com\/?post_type=product&#038;p=4584"},"modified":"2026-02-20T23:37:10","modified_gmt":"2026-02-20T21:37:10","slug":"croustade-jern-dobbelt-handtag","status":"publish","type":"product","link":"https:\/\/nordic-chefs.com\/da\/shop\/croustade-iron-double-handle\/","title":{"rendered":"Krustadejern - dobbelt h\u00e5ndtag"},"content":{"rendered":"<p class=\"p1\">Vores Croustade-jern er specielt designet til at skabe to spr\u00f8de minit\u00e6rte-skaller - Kan du lide fransk inspireret mad eller asiatiske snacks? M\u00e5ske har du en svaghed for s\u00f8de snacks - intet problem, vores Pie tee-form kan det hele! Dette kokkev\u00e6rkt\u00f8j er lavet af rustfrit st\u00e5l, der er holdbart, nemt at reng\u00f8re og let. Med det let udskiftelige formsystem kan du lave forskellige kueh pie tee og forvandle dine t\u00e6rteforme til en r\u00e6kke forskellige gourmetsnacks. Vi ved, at du vil nyde de ubegr\u00e6nsede muligheder for spr\u00f8de snacks p\u00e5 den halve tid - vi kan ikke vente med at se dine kreationer!<\/p>","protected":false},"excerpt":{"rendered":"<p>Vores kueh pie tee-form er perfekt til at lave minit\u00e6rter, gourmetsnacks og er skabt med kokken i tankerne - let, ergonomisk design og nem at reng\u00f8re! Bruges af Michelin-kokke over hele verden.<\/p>","protected":false},"featured_media":13878,"template":"","meta":{"_acf_changed":false,"_seopress_robots_primary_cat":"none","_seopress_titles_title":"Rosette & Croustade Iron Set For Gourmet Tart Shells","_seopress_titles_desc":"Make perfect mini tart shells with our croustade iron and rosette iron. Easy-to-clean, stainless steel mold ideal for sweet and savory gourmet snacks.","_seopress_robots_index":""},"product_brand":[],"product_cat":[152,168],"product_tag":[],"class_list":{"0":"post-4584","1":"product","2":"type-product","3":"status-publish","4":"has-post-thumbnail","6":"product_cat-croustade-iron-and-rosette-iron","7":"product_cat-double-iron","8":"product-type-variable","9":"tm-no-options","11":"first","12":"instock","13":"featured","14":"taxable","15":"shipping-taxable","16":"purchasable","18":"has-default-attributes"},"acf":[],"_links":{"self":[{"href":"https:\/\/nordic-chefs.com\/da\/wp-json\/wp\/v2\/product\/4584","targetHints":{"allow":["GET"]}}],"collection":[{"href":"https:\/\/nordic-chefs.com\/da\/wp-json\/wp\/v2\/product"}],"about":[{"href":"https:\/\/nordic-chefs.com\/da\/wp-json\/wp\/v2\/types\/product"}],"version-history":[{"count":0,"href":"https:\/\/nordic-chefs.com\/da\/wp-json\/wp\/v2\/product\/4584\/revisions"}],"wp:featuredmedia":[{"embeddable":true,"href":"https:\/\/nordic-chefs.com\/da\/wp-json\/wp\/v2\/media\/13878"}],"wp:attachment":[{"href":"https:\/\/nordic-chefs.com\/da\/wp-json\/wp\/v2\/media?parent=4584"}],"wp:term":[{"taxonomy":"product_brand","embeddable":true,"href":"https:\/\/nordic-chefs.com\/da\/wp-json\/wp\/v2\/product_brand?post=4584"},{"taxonomy":"product_cat","embeddable":true,"href":"https:\/\/nordic-chefs.com\/da\/wp-json\/wp\/v2\/product_cat?post=4584"},{"taxonomy":"product_tag","embeddable":true,"href":"https:\/\/nordic-chefs.com\/da\/wp-json\/wp\/v2\/product_tag?post=4584"}],"curies":[{"name":"wp","href":"https:\/\/api.w.org\/{rel}","templated":true}]}}