{"id":4643,"date":"2023-10-25T15:34:16","date_gmt":"2023-10-25T15:34:16","guid":{"rendered":"https:\/\/nordic-chefs.com\/product\/nordic-chefs-double-bunuelos-rosette-iron\/"},"modified":"2026-04-24T15:34:13","modified_gmt":"2026-04-24T13:34:13","slug":"rosette-jern-dobbelt-handtag","status":"publish","type":"product","link":"https:\/\/nordic-chefs.com\/da\/shop\/rosette-iron-double-handle\/","title":{"rendered":"Rosette Krustadejern - dobbelt h\u00e5ndtag"},"content":{"rendered":"<p>Vores bunuelosforme er specielt designet til at skabe to spr\u00f8de rosetter eller stegte bu\u00f1uelos - p\u00e5 \u00e9n gang. Dette bunuelo-v\u00e6rkt\u00f8j har h\u00e5ndtag i rustfrit st\u00e5l, som er holdbare, nemme at reng\u00f8re og lette. Med det let udskiftelige hovedsystem kan du s\u00e6tte forskellige forme p\u00e5, hvilket g\u00f8r dit rosettejern til en alsidig l\u00f8sning til forme til bunuelos af alle slags. Lav s\u00f8de dessertrosetter til traditionelle mexicanske snacks, du kan lave alle opskrifter med dette praktiske rosettejernss\u00e6t. Nyd de ubegr\u00e6nsede muligheder for spr\u00f8de, gyldne snacks p\u00e5 den halve tid.<\/p>\n<p>&nbsp;<\/p>","protected":false},"excerpt":{"rendered":"<p>Vores bunuelosforme er specielt designet til at skabe to spr\u00f8de rosetter eller stegte bu\u00f1uelos - p\u00e5 \u00e9n gang. Dette bunuelo-v\u00e6rkt\u00f8j har h\u00e5ndtag i rustfrit st\u00e5l, som er holdbare, nemme at reng\u00f8re og lette. Med det let udskiftelige hovedsystem kan du s\u00e6tte forskellige forme p\u00e5, hvilket g\u00f8r dit rosettejern til en alsidig l\u00f8sning til forme til bunuelos af alle slags. Lav s\u00f8de dessertrosetter til traditionelle mexicanske snacks, du kan lave alle opskrifter med dette praktiske rosettejernss\u00e6t. Nyd de ubegr\u00e6nsede muligheder for spr\u00f8de, gyldne snacks p\u00e5 den halve tid.<\/p>\n<p>&nbsp;<\/p>","protected":false},"featured_media":14045,"template":"","meta":{"_acf_changed":false,"_seopress_robots_primary_cat":"none","_seopress_titles_title":"Rosette Iron - Cook Two Perfect Bunuelos molds at once","_seopress_titles_desc":"Work smarter with our Double Rosette Iron. Fry crispy mexican snacks and more using our professional bunuelos molds- Professional baking tool","_seopress_robots_index":"","wprm-recipe-roundup-name":"","wprm-recipe-roundup-description":""},"product_brand":[],"product_cat":[278,152,168],"product_tag":[],"class_list":{"0":"post-4643","1":"product","2":"type-product","3":"status-publish","4":"has-post-thumbnail","6":"product_cat-20-off-croustade","7":"product_cat-croustade-iron-and-rosette-iron","8":"product_cat-double-iron","9":"product-type-variable","10":"tm-no-options","12":"first","13":"instock","14":"sale","15":"taxable","16":"shipping-taxable","17":"purchasable","19":"has-default-attributes"},"acf":[],"_links":{"self":[{"href":"https:\/\/nordic-chefs.com\/da\/wp-json\/wp\/v2\/product\/4643","targetHints":{"allow":["GET"]}}],"collection":[{"href":"https:\/\/nordic-chefs.com\/da\/wp-json\/wp\/v2\/product"}],"about":[{"href":"https:\/\/nordic-chefs.com\/da\/wp-json\/wp\/v2\/types\/product"}],"version-history":[{"count":0,"href":"https:\/\/nordic-chefs.com\/da\/wp-json\/wp\/v2\/product\/4643\/revisions"}],"wp:featuredmedia":[{"embeddable":true,"href":"https:\/\/nordic-chefs.com\/da\/wp-json\/wp\/v2\/media\/14045"}],"wp:attachment":[{"href":"https:\/\/nordic-chefs.com\/da\/wp-json\/wp\/v2\/media?parent=4643"}],"wp:term":[{"taxonomy":"product_brand","embeddable":true,"href":"https:\/\/nordic-chefs.com\/da\/wp-json\/wp\/v2\/product_brand?post=4643"},{"taxonomy":"product_cat","embeddable":true,"href":"https:\/\/nordic-chefs.com\/da\/wp-json\/wp\/v2\/product_cat?post=4643"},{"taxonomy":"product_tag","embeddable":true,"href":"https:\/\/nordic-chefs.com\/da\/wp-json\/wp\/v2\/product_tag?post=4643"}],"curies":[{"name":"wp","href":"https:\/\/api.w.org\/{rel}","templated":true}]}}