{"id":4657,"date":"2023-10-25T18:42:46","date_gmt":"2023-10-25T16:42:46","guid":{"rendered":"https:\/\/nordic-chefs.com\/product\/nordic-chefs-dual-flat-top-iron\/"},"modified":"2025-12-01T01:12:03","modified_gmt":"2025-11-30T23:12:03","slug":"nordic-chefs-dobbelt-fladjern","status":"publish","type":"product","link":"https:\/\/nordic-chefs.com\/da\/shop\/nordic-chefs-dual-flat-top-iron\/","title":{"rendered":"Nordic Chefs - Double Flat Top krustadejern"},"content":{"rendered":"<p>Vores fladjern er specielt designet til at skabe spr\u00f8de snacks med fyld. Det er holdbart, nemt at reng\u00f8re og brugervenligt og sikrer perfektion ved hver brug.<\/p>\n<p>H\u00e5ndtagene i rustfrit st\u00e5l har et hoved, der er nemt at udskifte, s\u00e5 man kan s\u00e6tte forskellige former p\u00e5 med ubegr\u00e6nsede muligheder.<\/p>","protected":false},"excerpt":{"rendered":"<p style=\"text-align: center;\">Vores fladjern er specielt designet til at skabe spr\u00f8de snacks med fyld. Det er holdbart, nemt at reng\u00f8re og brugervenligt og sikrer perfektion ved hver brug.<\/p>\n<p style=\"text-align: center;\">H\u00e5ndtagene i rustfrit st\u00e5l har et hoved, der er nemt at udskifte, s\u00e5 man kan s\u00e6tte forskellige former p\u00e5 med ubegr\u00e6nsede muligheder.<\/p>","protected":false},"featured_media":13872,"template":"","meta":{"_acf_changed":false,"_seopress_robots_primary_cat":"none","_seopress_titles_title":"Versatile Dual Flat Top Iron for Perfect Crispy Snacks","_seopress_titles_desc":"Create crispy snacks with ease! Durable, easy-to-clean Dual Flat Top Iron with changeable heads offers limitless possibilities. Perfect every time!","_seopress_robots_index":""},"product_brand":[],"product_cat":[152,168],"product_tag":[],"class_list":{"0":"post-4657","1":"product","2":"type-product","3":"status-publish","4":"has-post-thumbnail","6":"product_cat-croustade-iron-and-rosette-iron","7":"product_cat-double-iron","8":"product-type-variable","9":"tm-no-options","11":"first","12":"instock","13":"taxable","14":"shipping-taxable","15":"purchasable","17":"has-default-attributes"},"acf":[],"_links":{"self":[{"href":"https:\/\/nordic-chefs.com\/da\/wp-json\/wp\/v2\/product\/4657","targetHints":{"allow":["GET"]}}],"collection":[{"href":"https:\/\/nordic-chefs.com\/da\/wp-json\/wp\/v2\/product"}],"about":[{"href":"https:\/\/nordic-chefs.com\/da\/wp-json\/wp\/v2\/types\/product"}],"version-history":[{"count":0,"href":"https:\/\/nordic-chefs.com\/da\/wp-json\/wp\/v2\/product\/4657\/revisions"}],"wp:featuredmedia":[{"embeddable":true,"href":"https:\/\/nordic-chefs.com\/da\/wp-json\/wp\/v2\/media\/13872"}],"wp:attachment":[{"href":"https:\/\/nordic-chefs.com\/da\/wp-json\/wp\/v2\/media?parent=4657"}],"wp:term":[{"taxonomy":"product_brand","embeddable":true,"href":"https:\/\/nordic-chefs.com\/da\/wp-json\/wp\/v2\/product_brand?post=4657"},{"taxonomy":"product_cat","embeddable":true,"href":"https:\/\/nordic-chefs.com\/da\/wp-json\/wp\/v2\/product_cat?post=4657"},{"taxonomy":"product_tag","embeddable":true,"href":"https:\/\/nordic-chefs.com\/da\/wp-json\/wp\/v2\/product_tag?post=4657"}],"curies":[{"name":"wp","href":"https:\/\/api.w.org\/{rel}","templated":true}]}}