{"id":4865,"date":"2023-11-28T13:36:20","date_gmt":"2023-11-28T11:36:20","guid":{"rendered":"https:\/\/nordic-chefs.com\/?post_type=product&#038;p=4865"},"modified":"2025-11-28T15:53:33","modified_gmt":"2025-11-28T13:53:33","slug":"croustade-jern-enkelt-handtag-ny-stil","status":"publish","type":"product","link":"https:\/\/nordic-chefs.com\/da\/shop\/croustade-iron-single-handle-new-style\/","title":{"rendered":"krustadejern - New Style"},"content":{"rendered":"<p class=\"p1\">Lav l\u00e6kre, spr\u00f8de snacks med vores asiatisk inspirerede Pie Tee Mold. Vores croustadeform opvarmes j\u00e6vnt, hvilket sikrer ensartede resultater hver gang. Uanset om du er inspireret af umami-fyldte asiatiske snacks, traditionelle minit\u00e6rter eller bare s\u00f8de snacks i almindelighed, s\u00e5 er du d\u00e6kket ind med denne alsidige croustade. Den er skabt til kokke, er nem at reng\u00f8re og bygget til at holde, hvilket g\u00f8r den til det ideelle madlavningsv\u00e6rkt\u00f8j for b\u00e5de professionelle kokke og amat\u00f8rkokke.<\/p>","protected":false},"excerpt":{"rendered":"<p>Nordic Chefs croustade iron is known professional kitchen tool for creating mini tart shells. It is used worldwide and is created with the chefs in mind &#8211; It is easy to clean, lightweight &amp; has an ergonomic design with changeable molds for creating versatile gourmet snacks!<\/p>","protected":false},"featured_media":13864,"template":"","meta":{"_acf_changed":false,"_seopress_robots_primary_cat":"none","_seopress_titles_title":"Krustadejern - single h\u00e5ndtag til hjemmelavede krustader","_seopress_titles_desc":"Lav krustade eller rosset vafler med vores forskellige forme - Lavet til kokke og professionelle k\u00f8kkener. Lav v\u00e6gt og h\u00f8j kvalitet!","_seopress_robots_index":""},"product_brand":[],"product_cat":[152,167],"product_tag":[],"class_list":{"0":"post-4865","1":"product","2":"type-product","3":"status-publish","4":"has-post-thumbnail","6":"product_cat-croustade-iron-and-rosette-iron","7":"product_cat-single-iron","8":"product-type-variable","9":"tm-no-options","11":"first","12":"instock","13":"taxable","14":"shipping-taxable","15":"purchasable","17":"has-default-attributes"},"acf":[],"_links":{"self":[{"href":"https:\/\/nordic-chefs.com\/da\/wp-json\/wp\/v2\/product\/4865","targetHints":{"allow":["GET"]}}],"collection":[{"href":"https:\/\/nordic-chefs.com\/da\/wp-json\/wp\/v2\/product"}],"about":[{"href":"https:\/\/nordic-chefs.com\/da\/wp-json\/wp\/v2\/types\/product"}],"version-history":[{"count":0,"href":"https:\/\/nordic-chefs.com\/da\/wp-json\/wp\/v2\/product\/4865\/revisions"}],"wp:featuredmedia":[{"embeddable":true,"href":"https:\/\/nordic-chefs.com\/da\/wp-json\/wp\/v2\/media\/13864"}],"wp:attachment":[{"href":"https:\/\/nordic-chefs.com\/da\/wp-json\/wp\/v2\/media?parent=4865"}],"wp:term":[{"taxonomy":"product_brand","embeddable":true,"href":"https:\/\/nordic-chefs.com\/da\/wp-json\/wp\/v2\/product_brand?post=4865"},{"taxonomy":"product_cat","embeddable":true,"href":"https:\/\/nordic-chefs.com\/da\/wp-json\/wp\/v2\/product_cat?post=4865"},{"taxonomy":"product_tag","embeddable":true,"href":"https:\/\/nordic-chefs.com\/da\/wp-json\/wp\/v2\/product_tag?post=4865"}],"curies":[{"name":"wp","href":"https:\/\/api.w.org\/{rel}","templated":true}]}}