{"id":7753,"date":"2024-05-21T16:34:03","date_gmt":"2024-05-21T14:34:03","guid":{"rendered":"https:\/\/nordic-chefs.com\/?post_type=product&#038;p=7753"},"modified":"2025-11-28T15:53:19","modified_gmt":"2025-11-28T13:53:19","slug":"solform","status":"publish","type":"product","link":"https:\/\/nordic-chefs.com\/da\/shop\/sun-mold\/","title":{"rendered":"Solform - Saint Honore"},"content":{"rendered":"<p data-start=\"425\" data-end=\"664\">Vores Sun-silikoneform er en dristig nyfortolkning af den klassiske <em data-start=\"489\" data-end=\"503\">Saint-Honor\u00e9<\/em> Formstr\u00e5lende rene linjer og visuel effekt. Designet til kokke, der \u00f8nsker at skabe i\u00f8jnefaldende desserter p\u00e5 tallerken eller st\u00f8bte elementer med en professionel finish.<\/p>\n<p data-start=\"666\" data-end=\"865\">Formen er produceret i Danmark af 100% f\u00f8devaregodkendt silikone og er udviklet i samarbejde med Elisabeth Madsen, vinderen af Bocuse d'Or-guldmedaljen i 2023, som commis hos k\u00f8kkenchef Brian Mark Hansen.<\/p>\n<p data-start=\"867\" data-end=\"977\">Hver ordre indeholder en form, der er sikker at bruge fra -50 \u00b0C til +250 \u00b0C - perfekt til b\u00e5de ovn og fryser.<\/p>\n<p><strong>\u00a0<\/strong><\/p>","protected":false},"excerpt":{"rendered":"<p>Vores Sun-silikoneform er en dristig nyfortolkning af den klassiske <em data-start=\"489\" data-end=\"503\">Saint-Honor\u00e9<\/em> Formstr\u00e5lende rene linjer og visuel effekt. Designet til kokke, der \u00f8nsker at skabe i\u00f8jnefaldende desserter p\u00e5 tallerken eller st\u00f8bte elementer med en professionel finish.<\/p>","protected":false},"featured_media":14874,"template":"","meta":{"_acf_changed":false,"_seopress_robots_primary_cat":"none","_seopress_titles_title":"Sun Silicone Mold \u2013 Saint-Honor\u00e9 Inspired dessert mold","_seopress_titles_desc":"Make stunning desserts with our Sun Mold, developed with Elisabeth Madsen. Made in Denmark from 100% food-grade silicone. Oven & freezer safe.","_seopress_robots_index":""},"product_brand":[],"product_cat":[104],"product_tag":[103],"class_list":{"0":"post-7753","1":"product","2":"type-product","3":"status-publish","4":"has-post-thumbnail","6":"product_cat-silicone-molds-3d","7":"product_tag-with-variants","8":"product-type-simple","9":"tm-no-options","11":"first","12":"instock","13":"taxable","14":"shipping-taxable","15":"purchasable"},"acf":[],"_links":{"self":[{"href":"https:\/\/nordic-chefs.com\/da\/wp-json\/wp\/v2\/product\/7753","targetHints":{"allow":["GET"]}}],"collection":[{"href":"https:\/\/nordic-chefs.com\/da\/wp-json\/wp\/v2\/product"}],"about":[{"href":"https:\/\/nordic-chefs.com\/da\/wp-json\/wp\/v2\/types\/product"}],"version-history":[{"count":0,"href":"https:\/\/nordic-chefs.com\/da\/wp-json\/wp\/v2\/product\/7753\/revisions"}],"wp:featuredmedia":[{"embeddable":true,"href":"https:\/\/nordic-chefs.com\/da\/wp-json\/wp\/v2\/media\/14874"}],"wp:attachment":[{"href":"https:\/\/nordic-chefs.com\/da\/wp-json\/wp\/v2\/media?parent=7753"}],"wp:term":[{"taxonomy":"product_brand","embeddable":true,"href":"https:\/\/nordic-chefs.com\/da\/wp-json\/wp\/v2\/product_brand?post=7753"},{"taxonomy":"product_cat","embeddable":true,"href":"https:\/\/nordic-chefs.com\/da\/wp-json\/wp\/v2\/product_cat?post=7753"},{"taxonomy":"product_tag","embeddable":true,"href":"https:\/\/nordic-chefs.com\/da\/wp-json\/wp\/v2\/product_tag?post=7753"}],"curies":[{"name":"wp","href":"https:\/\/api.w.org\/{rel}","templated":true}]}}