{"id":8497,"date":"2024-06-28T06:38:19","date_gmt":"2024-06-28T06:38:19","guid":{"rendered":"https:\/\/nordic-chefs.com\/?post_type=product&#038;p=8497"},"modified":"2025-08-18T15:23:08","modified_gmt":"2025-08-18T13:23:08","slug":"sommerfugle-tuile","status":"publish","type":"product","link":"https:\/\/nordic-chefs.com\/da\/shop\/butterfly-tuile\/","title":{"rendered":"Sommerfugletuile"},"content":{"rendered":"<p class=\"p1\">Vores sommerfugletuile best\u00e5r af en silikoneform, der g\u00f8r det muligt at lave 7 sommerfugletuiler ad gangen. Den er designet med en 3D-effekt, s\u00e5 den er lidt tykkere i midten for at give maksimal tekstur gennem hele biddet.  Den er designet og produceret i Danmark og fremstillet af 100% f\u00f8devaregodkendt silikone og lavet i vores unikke m\u00f8rke skovgr\u00f8nne farve, som afspejler den nordiske natur. Vores silikoneforme til bagning kan t\u00e5le temperaturer fra -50 \u00b0C til +250 \u00b0C. Ideel til alle typer frysere og ovne.<\/p>","protected":false},"excerpt":{"rendered":"<p>Our Butterfly tuile, consists of one silicone mold that makes you be able to make 7 butterfly tuille at the time. It is designed with a 3D effect so it is a bit thicker in the middle, for maximal texture throughout the bite.\u00a0 It is designed and produced in Denmark and made from 100% food-grade [&hellip;]<\/p>\n","protected":false},"featured_media":14877,"template":"","meta":{"_acf_changed":false,"_seopress_robots_primary_cat":"none","_seopress_titles_title":"Butterfly Tuile Silicone Molds - Made in Denmark","_seopress_titles_desc":"Our Tuille silicone mold is made with a 3D effect making the texture both crunchy and rich - Unique silicon molds made in our unique dark forest green!","_seopress_robots_index":""},"product_brand":[],"product_cat":[91,102],"product_tag":[],"class_list":{"0":"post-8497","1":"product","2":"type-product","3":"status-publish","4":"has-post-thumbnail","6":"product_cat-silicone-molds","7":"product_cat-silicone-molds-2d","8":"product-type-simple","9":"tm-has-options","11":"first","12":"instock","13":"taxable","14":"shipping-taxable","15":"purchasable"},"acf":[],"_links":{"self":[{"href":"https:\/\/nordic-chefs.com\/da\/wp-json\/wp\/v2\/product\/8497","targetHints":{"allow":["GET"]}}],"collection":[{"href":"https:\/\/nordic-chefs.com\/da\/wp-json\/wp\/v2\/product"}],"about":[{"href":"https:\/\/nordic-chefs.com\/da\/wp-json\/wp\/v2\/types\/product"}],"version-history":[{"count":0,"href":"https:\/\/nordic-chefs.com\/da\/wp-json\/wp\/v2\/product\/8497\/revisions"}],"wp:featuredmedia":[{"embeddable":true,"href":"https:\/\/nordic-chefs.com\/da\/wp-json\/wp\/v2\/media\/14877"}],"wp:attachment":[{"href":"https:\/\/nordic-chefs.com\/da\/wp-json\/wp\/v2\/media?parent=8497"}],"wp:term":[{"taxonomy":"product_brand","embeddable":true,"href":"https:\/\/nordic-chefs.com\/da\/wp-json\/wp\/v2\/product_brand?post=8497"},{"taxonomy":"product_cat","embeddable":true,"href":"https:\/\/nordic-chefs.com\/da\/wp-json\/wp\/v2\/product_cat?post=8497"},{"taxonomy":"product_tag","embeddable":true,"href":"https:\/\/nordic-chefs.com\/da\/wp-json\/wp\/v2\/product_tag?post=8497"}],"curies":[{"name":"wp","href":"https:\/\/api.w.org\/{rel}","templated":true}]}}