{"id":8508,"date":"2024-06-28T09:09:47","date_gmt":"2024-06-28T09:09:47","guid":{"rendered":"https:\/\/nordic-chefs.com\/?post_type=product&#038;p=8508"},"modified":"2025-08-18T15:22:52","modified_gmt":"2025-08-18T13:22:52","slug":"kvistsnurr-tuile","status":"publish","type":"product","link":"https:\/\/nordic-chefs.com\/da\/shop\/kvistsnurr-tuile\/","title":{"rendered":"Kvistsnurr Tuile"},"content":{"rendered":"<p>Vores kvistsnurr-tuile best\u00e5r af en form, der er 8,9 cm i diameter. Den er designet til en minimalistisk kreation, der b\u00e5de er velegnet til en sukkertylle. Den er designet og produceret i Danmark og fremstillet af 100% f\u00f8devaregodkendt silikone og lavet i vores unikke m\u00f8rke skovgr\u00f8nne farve, der afspejler den nordiske natur. Vores silikoneforme til bagning kan t\u00e5le temperaturer fra -50 \u00b0C til +250 \u00b0C. Ideel til alle typer frysere og ovne.<\/p>","protected":false},"excerpt":{"rendered":"<p>Our kvistsnurr tuile, consists of one mold that is 8,9 cm in diameter. It is designed for a minimalistic creation both suited for a sugar tuile. It is designed and produced in Denmark and made from 100% food-grade silicone and made in our unique dark forest green &#8211; reflecting the nordic nature. Our silicone molds [&hellip;]<\/p>\n","protected":false},"featured_media":14885,"template":"","meta":{"_acf_changed":false,"_seopress_robots_primary_cat":"none","_seopress_titles_title":"Kvistsnurr Tuile silicone molds - Made in Denmark","_seopress_titles_desc":"Our Tuille silicone mold is made for chefs and works brilliant in both desserts and dishes! Unique silicon molds made in our unique dark forest green!","_seopress_robots_index":""},"product_brand":[],"product_cat":[91,102],"product_tag":[],"class_list":{"0":"post-8508","1":"product","2":"type-product","3":"status-publish","4":"has-post-thumbnail","6":"product_cat-silicone-molds","7":"product_cat-silicone-molds-2d","8":"product-type-simple","9":"tm-no-options","11":"first","12":"instock","13":"taxable","14":"shipping-taxable","15":"purchasable"},"acf":[],"_links":{"self":[{"href":"https:\/\/nordic-chefs.com\/da\/wp-json\/wp\/v2\/product\/8508","targetHints":{"allow":["GET"]}}],"collection":[{"href":"https:\/\/nordic-chefs.com\/da\/wp-json\/wp\/v2\/product"}],"about":[{"href":"https:\/\/nordic-chefs.com\/da\/wp-json\/wp\/v2\/types\/product"}],"version-history":[{"count":0,"href":"https:\/\/nordic-chefs.com\/da\/wp-json\/wp\/v2\/product\/8508\/revisions"}],"wp:featuredmedia":[{"embeddable":true,"href":"https:\/\/nordic-chefs.com\/da\/wp-json\/wp\/v2\/media\/14885"}],"wp:attachment":[{"href":"https:\/\/nordic-chefs.com\/da\/wp-json\/wp\/v2\/media?parent=8508"}],"wp:term":[{"taxonomy":"product_brand","embeddable":true,"href":"https:\/\/nordic-chefs.com\/da\/wp-json\/wp\/v2\/product_brand?post=8508"},{"taxonomy":"product_cat","embeddable":true,"href":"https:\/\/nordic-chefs.com\/da\/wp-json\/wp\/v2\/product_cat?post=8508"},{"taxonomy":"product_tag","embeddable":true,"href":"https:\/\/nordic-chefs.com\/da\/wp-json\/wp\/v2\/product_tag?post=8508"}],"curies":[{"name":"wp","href":"https:\/\/api.w.org\/{rel}","templated":true}]}}