{"id":8741,"date":"2024-07-31T22:57:07","date_gmt":"2024-07-31T20:57:07","guid":{"rendered":"https:\/\/nordic-chefs.com\/?post_type=product&#038;p=8741"},"modified":"2026-02-20T15:23:32","modified_gmt":"2026-02-20T13:23:32","slug":"rosette-jern-bunuelo-form-5-dele","status":"publish","type":"product","link":"https:\/\/nordic-chefs.com\/da\/shop\/rosette-iron-bunuelo-mold-5-piece\/","title":{"rendered":"krustadejern med 5 forskellige krustader"},"content":{"rendered":"<p>Mestre kunsten at lave spr\u00f8de bunuelo-formede snacks med dette 5-delte rosettejernss\u00e6t, en uundv\u00e6rlig samling af kokkev\u00e6rkt\u00f8jer til ethvert k\u00f8kken. S\u00e6ttet er designet til professionelle og hjemmekokke og indeholder fem udskiftelige forme, der er lavet af aluminium af h\u00f8j kvalitet for j\u00e6vn opvarmning og nem udl\u00f8sning.<\/p>\n<p>Lav nemt autentiske bu\u00f1uelos, delikate rosetter og minit\u00e6rte-skaller. Det ergonomiske, skridsikre h\u00e5ndtag giver god kontrol og g\u00f8r stegningen ubesv\u00e6ret. Uanset om du laver mexicanske snacks, franske croustader eller eksperimenterer med nye opskrifter, sikrer dette s\u00e6t ensartede resultater af h\u00f8j kvalitet.<\/p>\n<h3>Hvad er inkluderet?<\/h3>\n<p>\u2714 Rosetjern<br \/>\n\u2714 Oval Croustade<br \/>\n\u2714 Lille fladt strygejern<br \/>\n\u2714 Ring Bunuelo<br \/>\n\u2714 Croustade med flad top<\/p>\n<h3>Vigtige fordele:<\/h3>\n<p>\u2705 Design med flere anvendelsesmuligheder - perfekt til bu\u00f1uelos, rosetter og minit\u00e6rter<br \/>\n\u2705 Naturally Non-Stick - Sikrer nem frig\u00f8relse og hurtig reng\u00f8ring<br \/>\n\u2705 Ergonomisk h\u00e5ndtag - skridsikkert greb for pr\u00e6cis kontrol<br \/>\n\u2705 Holdbar og varmebestandig - bygget til hyppig stegebrug<br \/>\n\u2705 Bonus - Indeholder en Michelin-inspireret opskrift<\/p>","protected":false},"excerpt":{"rendered":"<p>Lav perfekte bunuelo-forme med dette s\u00e6t med 5 kokkev\u00e6rkt\u00f8jer. Med seks udskiftelige forme og et skridsikkert ergonomisk h\u00e5ndtag sikrer dette holdbare aluminiumss\u00e6t j\u00e6vn opvarmning og nem frig\u00f8relse. Perfekt til at lave spr\u00f8de bu\u00f1uelos, rosetter og minit\u00e6rter. Indeholder en Michelin-inspireret opskrift.<\/p>","protected":false},"featured_media":14102,"template":"","meta":{"_acf_changed":false,"_seopress_robots_primary_cat":"none","_seopress_titles_title":"5-Piece Bunuelo Mold & Rosette Iron Set Essential Chef Tools","_seopress_titles_desc":"Make Bu\u00f1uelos with this 5-piece bunuelo mold set. Includes 5 molds & Michelin-inspired recipe. A must-have chef tool for frying sweet snacks.","_seopress_robots_index":""},"product_brand":[],"product_cat":[152,167],"product_tag":[],"class_list":{"0":"post-8741","1":"product","2":"type-product","3":"status-publish","4":"has-post-thumbnail","6":"product_cat-croustade-iron-and-rosette-iron","7":"product_cat-single-iron","8":"product-type-variable","9":"tm-no-options","11":"first","12":"instock","13":"taxable","14":"shipping-taxable","15":"purchasable","17":"has-default-attributes"},"acf":[],"_links":{"self":[{"href":"https:\/\/nordic-chefs.com\/da\/wp-json\/wp\/v2\/product\/8741","targetHints":{"allow":["GET"]}}],"collection":[{"href":"https:\/\/nordic-chefs.com\/da\/wp-json\/wp\/v2\/product"}],"about":[{"href":"https:\/\/nordic-chefs.com\/da\/wp-json\/wp\/v2\/types\/product"}],"version-history":[{"count":0,"href":"https:\/\/nordic-chefs.com\/da\/wp-json\/wp\/v2\/product\/8741\/revisions"}],"wp:featuredmedia":[{"embeddable":true,"href":"https:\/\/nordic-chefs.com\/da\/wp-json\/wp\/v2\/media\/14102"}],"wp:attachment":[{"href":"https:\/\/nordic-chefs.com\/da\/wp-json\/wp\/v2\/media?parent=8741"}],"wp:term":[{"taxonomy":"product_brand","embeddable":true,"href":"https:\/\/nordic-chefs.com\/da\/wp-json\/wp\/v2\/product_brand?post=8741"},{"taxonomy":"product_cat","embeddable":true,"href":"https:\/\/nordic-chefs.com\/da\/wp-json\/wp\/v2\/product_cat?post=8741"},{"taxonomy":"product_tag","embeddable":true,"href":"https:\/\/nordic-chefs.com\/da\/wp-json\/wp\/v2\/product_tag?post=8741"}],"curies":[{"name":"wp","href":"https:\/\/api.w.org\/{rel}","templated":true}]}}