{"id":8744,"date":"2024-07-31T23:01:19","date_gmt":"2024-07-31T21:01:19","guid":{"rendered":"https:\/\/nordic-chefs.com\/shop\/uncategorized\/croustade-bunuelos-kit-4-heads\/"},"modified":"2026-04-24T15:28:09","modified_gmt":"2026-04-24T13:28:09","slug":"rosette-jern-bunuelo-form-saet-4-dele","status":"publish","type":"product","link":"https:\/\/nordic-chefs.com\/da\/shop\/rosette-iron-bunuelo-mold-set-4-piece\/","title":{"rendered":"krustadejern med 4 forskellige krustader"},"content":{"rendered":"<p>Lav spr\u00f8de bu\u00f1uelos, delikate rosetter og minit\u00e6rter med dette 4-delte s\u00e6t med rosettejern og bunuelo-forme. Dette alsidige s\u00e6t er designet til kokke og hjemmekokke og indeholder fire udskiftelige forme, der er lavet af varmebestandigt aluminium til j\u00e6vn stegning og nem frig\u00f8relse.<\/p>\n<p>Det ergonomiske skridsikre h\u00e5ndtag giver et behageligt greb og g\u00f8r stegningen ubesv\u00e6ret. Uanset om du laver mexicanske bu\u00f1uelos, franske croustader eller andet stegt bagv\u00e6rk, giver dette s\u00e6t ensartede, gyldne resultater hver gang.<\/p>\n<h3>Hvad er inkluderet?<\/h3>\n<p>\u2714 Rosetjern<br \/>\n\u2714 Lille flad topform<br \/>\n\u2714 Ring Bunuelo Mold<br \/>\n\u2714 Ovalt Croustade-hoved<\/p>\n<h3>Vigtige fordele:<\/h3>\n<p>\u2705 Design med flere anvendelsesmuligheder - Ideel til bu\u00f1uelos, rosetter og minit\u00e6rter<br \/>\n\u2705 Naturligt non-stick - sikrer nem frig\u00f8relse og minimalt svineri<br \/>\n\u2705 Ergonomisk h\u00e5ndtag - skridsikkert greb for pr\u00e6cis kontrol<br \/>\n\u2705 Holdbar og varmebestandig - bygget til hyppig stegebrug<br \/>\n\u2705 Bonus - Indeholder en Michelin-inspireret opskrift<\/p>\n<h3><\/h3>","protected":false},"excerpt":{"rendered":"<p>Dette 4-delte rosettejern og bunuelo-forms\u00e6t er perfekt til at lave spr\u00f8de bu\u00f1uelos, rosetter og minit\u00e6rter. Det er fremstillet af holdbart aluminium og sikrer j\u00e6vn opvarmning og en naturlig non-stick overflade. Har et skridsikkert ergonomisk h\u00e5ndtag til pr\u00e6cis kontrol.<\/p>","protected":false},"featured_media":14092,"template":"","meta":{"_acf_changed":false,"_seopress_robots_primary_cat":"none","_seopress_titles_title":"4-Piece Rosette Iron & Bunuelo Mold Set - Fry Mexican snacks","_seopress_titles_desc":"Create perfect bu\u00f1uelos, rosettes & mini tart shells with this 4-piece bunuelo mold set. Includes 4 molds, a non-slip handle & a Michelin-inspired recipe.","_seopress_robots_index":"","wprm-recipe-roundup-name":"","wprm-recipe-roundup-description":""},"product_brand":[],"product_cat":[278,152,167],"product_tag":[],"class_list":{"0":"post-8744","1":"product","2":"type-product","3":"status-publish","4":"has-post-thumbnail","6":"product_cat-20-off-croustade","7":"product_cat-croustade-iron-and-rosette-iron","8":"product_cat-single-iron","9":"product-type-variable","10":"tm-no-options","12":"first","13":"instock","14":"sale","15":"taxable","16":"shipping-taxable","17":"purchasable","19":"has-default-attributes"},"acf":[],"_links":{"self":[{"href":"https:\/\/nordic-chefs.com\/da\/wp-json\/wp\/v2\/product\/8744","targetHints":{"allow":["GET"]}}],"collection":[{"href":"https:\/\/nordic-chefs.com\/da\/wp-json\/wp\/v2\/product"}],"about":[{"href":"https:\/\/nordic-chefs.com\/da\/wp-json\/wp\/v2\/types\/product"}],"version-history":[{"count":0,"href":"https:\/\/nordic-chefs.com\/da\/wp-json\/wp\/v2\/product\/8744\/revisions"}],"wp:featuredmedia":[{"embeddable":true,"href":"https:\/\/nordic-chefs.com\/da\/wp-json\/wp\/v2\/media\/14092"}],"wp:attachment":[{"href":"https:\/\/nordic-chefs.com\/da\/wp-json\/wp\/v2\/media?parent=8744"}],"wp:term":[{"taxonomy":"product_brand","embeddable":true,"href":"https:\/\/nordic-chefs.com\/da\/wp-json\/wp\/v2\/product_brand?post=8744"},{"taxonomy":"product_cat","embeddable":true,"href":"https:\/\/nordic-chefs.com\/da\/wp-json\/wp\/v2\/product_cat?post=8744"},{"taxonomy":"product_tag","embeddable":true,"href":"https:\/\/nordic-chefs.com\/da\/wp-json\/wp\/v2\/product_tag?post=8744"}],"curies":[{"name":"wp","href":"https:\/\/api.w.org\/{rel}","templated":true}]}}