{"id":9575,"date":"2024-09-22T20:41:00","date_gmt":"2024-09-22T18:41:00","guid":{"rendered":"https:\/\/nordic-chefs.com\/shop\/uncategorized\/nordic-chefs-single-handle-new-style\/"},"modified":"2025-11-23T23:25:02","modified_gmt":"2025-11-23T21:25:02","slug":"nordic-chefs-enkelt-handtag-ny-stil","status":"publish","type":"product","link":"https:\/\/nordic-chefs.com\/da\/shop\/nordic-chefs-single-handle-new-style\/","title":{"rendered":"Single Krustadejern - New style"},"content":{"rendered":"<p class=\"p1\">Vores Single Handle - New Style til at lave croustade er et professionelt k\u00f8kkenredskab fremstillet af f\u00f8rsteklasses rustfrit st\u00e5l. Uanset om du laver gourmetkager, Bu\u00f1uelos eller andre spr\u00f8de snacks, kan du nemt g\u00f8re det med dette kogegrej i rustfrit st\u00e5l. Det er designet til brug i Michelin-stjernek\u00f8kkener, men er ogs\u00e5 perfekt til hjemmekokke, der er p\u00e5 udkig efter kvalitetskogegrej. Med en naturlig non-stick overflade p\u00e5 vores formhoveder og vores skridsikre h\u00e5ndtag giver det komfort og pr\u00e6cision i hver eneste bagning.<\/p>\n<p class=\"p2\"><b>Vigtige funktioner<\/b><\/p>\n<ul class=\"ul1\">\n<li class=\"li3\">F\u00f8rsteklasses konstruktion i rustfrit st\u00e5l til professionelle k\u00f8kkener.<\/li>\n<li class=\"li3\">Alsidigt k\u00f8kkenredskab til at lave sm\u00e5kager, snacks, bu\u00f1uelos eller gourmetbagv\u00e6rk.<\/li>\n<li class=\"li3\">Skift nemt mellem formene til forskellige kulinariske kreationer.<\/li>\n<li class=\"li3\">Non-stick overflade og ergonomisk h\u00e5ndtag for nem brug og reng\u00f8ring.<\/li>\n<li class=\"li3\">Indeholder en Michelin-opskrift til at mestre gourmet-snacks.<\/li>\n<\/ul>","protected":false},"excerpt":{"rendered":"<p class=\"p1\">Vores Single Handle - New Style til at lave croustade er et professionelt k\u00f8kkenredskab fremstillet af f\u00f8rsteklasses rustfrit st\u00e5l. Uanset om du laver gourmetkager, Bu\u00f1uelos eller andre spr\u00f8de snacks, kan du nemt g\u00f8re det med dette kogegrej i rustfrit st\u00e5l. Det er designet til brug i Michelin-stjernek\u00f8kkener, men er ogs\u00e5 perfekt til hjemmekokke, der er p\u00e5 udkig efter kvalitetskogegrej. Med en naturlig non-stick overflade p\u00e5 vores formhoveder og vores skridsikre h\u00e5ndtag giver det komfort og pr\u00e6cision i hver eneste bagning.<\/p>\n<p class=\"p2\"><b>Vigtige funktioner<\/b><\/p>\n<ul class=\"ul1\">\n<li class=\"li3\">F\u00f8rsteklasses konstruktion i rustfrit st\u00e5l til professionelle k\u00f8kkener.<\/li>\n<li class=\"li3\">Alsidigt k\u00f8kkenredskab til at lave sm\u00e5kager, snacks, bu\u00f1uelos eller gourmetbagv\u00e6rk.<\/li>\n<li class=\"li3\">Skift nemt mellem formene til forskellige kulinariske kreationer.<\/li>\n<li class=\"li3\">Non-stick overflade og ergonomisk h\u00e5ndtag for nem brug og reng\u00f8ring.<\/li>\n<li class=\"li3\">Indeholder en Michelin-opskrift til at mestre gourmet-snacks.<\/li>\n<\/ul>","protected":false},"featured_media":9573,"template":"","meta":{"_acf_changed":false,"_seopress_robots_primary_cat":"none","_seopress_titles_title":"New style Croustade iron","_seopress_titles_desc":"Make croustades & bu\u00f1uelos with ease using our stainless steel tool. Non-stick, ergonomic design for pro & home kitchens. Includes Michelin recipe!","_seopress_robots_index":"","wprm-recipe-roundup-name":"","wprm-recipe-roundup-description":""},"product_brand":[],"product_cat":[152,167],"product_tag":[],"class_list":{"0":"post-9575","1":"product","2":"type-product","3":"status-publish","4":"has-post-thumbnail","6":"product_cat-croustade-iron-and-rosette-iron","7":"product_cat-single-iron","8":"product-type-variable","9":"tm-no-options","11":"first","12":"instock","13":"taxable","14":"shipping-taxable","15":"purchasable","17":"has-default-attributes"},"acf":[],"_links":{"self":[{"href":"https:\/\/nordic-chefs.com\/da\/wp-json\/wp\/v2\/product\/9575","targetHints":{"allow":["GET"]}}],"collection":[{"href":"https:\/\/nordic-chefs.com\/da\/wp-json\/wp\/v2\/product"}],"about":[{"href":"https:\/\/nordic-chefs.com\/da\/wp-json\/wp\/v2\/types\/product"}],"version-history":[{"count":0,"href":"https:\/\/nordic-chefs.com\/da\/wp-json\/wp\/v2\/product\/9575\/revisions"}],"wp:featuredmedia":[{"embeddable":true,"href":"https:\/\/nordic-chefs.com\/da\/wp-json\/wp\/v2\/media\/9573"}],"wp:attachment":[{"href":"https:\/\/nordic-chefs.com\/da\/wp-json\/wp\/v2\/media?parent=9575"}],"wp:term":[{"taxonomy":"product_brand","embeddable":true,"href":"https:\/\/nordic-chefs.com\/da\/wp-json\/wp\/v2\/product_brand?post=9575"},{"taxonomy":"product_cat","embeddable":true,"href":"https:\/\/nordic-chefs.com\/da\/wp-json\/wp\/v2\/product_cat?post=9575"},{"taxonomy":"product_tag","embeddable":true,"href":"https:\/\/nordic-chefs.com\/da\/wp-json\/wp\/v2\/product_tag?post=9575"}],"curies":[{"name":"wp","href":"https:\/\/api.w.org\/{rel}","templated":true}]}}