{"id":9578,"date":"2024-09-22T20:47:41","date_gmt":"2024-09-22T18:47:41","guid":{"rendered":"https:\/\/nordic-chefs.com\/shop\/uncategorized\/nordic-chefs-double-croustade-iron-2\/"},"modified":"2026-02-26T14:24:20","modified_gmt":"2026-02-26T12:24:20","slug":"dobbelt-jernhandtag","status":"publish","type":"product","link":"https:\/\/nordic-chefs.com\/da\/shop\/double-iron-handle\/","title":{"rendered":"Dobbelt krustadejern"},"content":{"rendered":"<p class=\"p1\">Vores Double Croustade \/ Rosette Iron er et professionelt k\u00f8kkenredskab fremstillet af f\u00f8rsteklasses rustfrit st\u00e5l. Uanset om du laver gourmetkager, Bu\u00f1uelos eller andre spr\u00f8de snacks, kan du nemt g\u00f8re det med dette k\u00f8kkengrej i rustfrit st\u00e5l. Det er designet til brug i Michelin-stjernek\u00f8kkener, men er ogs\u00e5 perfekt til hjemmekokke, der er p\u00e5 udkig efter kvalitetskogegrej. Med en naturlig non-stick overflade p\u00e5 vores formhoveder og vores skridsikre h\u00e5ndtag giver det komfort og pr\u00e6cision i hver eneste bagning.<\/p>\n<p class=\"p2\"><b>Vigtige funktioner<\/b><\/p>\n<ul class=\"ul1\">\n<li class=\"li3\">F\u00f8rsteklasses konstruktion i rustfrit st\u00e5l til professionelle k\u00f8kkener.<\/li>\n<li class=\"li3\">Alsidigt k\u00f8kkenredskab til at lave sm\u00e5kager, snacks, bu\u00f1uelos eller gourmetbagv\u00e6rk.<\/li>\n<li class=\"li3\">Skift nemt mellem formene til forskellige kulinariske kreationer.<\/li>\n<li class=\"li3\">Non-stick overflade og ergonomisk h\u00e5ndtag for nem brug og reng\u00f8ring.<\/li>\n<li class=\"li3\">Indeholder en Michelin-opskrift af kokken Eric Vildgaard p\u00e5, hvordan man mestrer gourmet-croustaden.<\/li>\n<\/ul>","protected":false},"excerpt":{"rendered":"<p class=\"p1\">Vores Double Croustade \/ Rosette Iron er et professionelt k\u00f8kkenredskab fremstillet af f\u00f8rsteklasses rustfrit st\u00e5l. Uanset om du laver gourmetkager, Bu\u00f1uelos eller andre spr\u00f8de snacks, kan du nemt g\u00f8re det med dette k\u00f8kkengrej i rustfrit st\u00e5l. Det er designet til brug i Michelin-stjernek\u00f8kkener, men er ogs\u00e5 perfekt til hjemmekokke, der er p\u00e5 udkig efter kvalitetskogegrej. Med en naturlig non-stick overflade p\u00e5 vores formhoveder og vores skridsikre h\u00e5ndtag giver det komfort og pr\u00e6cision i hver eneste bagning.<\/p>\n<p class=\"p2\"><b>Vigtige funktioner<\/b><\/p>\n<ul class=\"ul1\">\n<li class=\"li3\">F\u00f8rsteklasses konstruktion i rustfrit st\u00e5l til professionelle k\u00f8kkener.<\/li>\n<li class=\"li3\">Alsidigt k\u00f8kkenredskab til at lave sm\u00e5kager, snacks, bu\u00f1uelos eller gourmetbagv\u00e6rk.<\/li>\n<li class=\"li3\">Skift nemt mellem formene til forskellige kulinariske kreationer.<\/li>\n<li class=\"li3\">Non-stick overflade og ergonomisk h\u00e5ndtag for nem brug og reng\u00f8ring.<\/li>\n<li class=\"li3\">Indeholder en Michelin-opskrift af kokken Eric Vildgaard p\u00e5, hvordan man mestrer gourmet-croustaden.<\/li>\n<\/ul>","protected":false},"featured_media":9577,"template":"","meta":{"_acf_changed":false,"_seopress_robots_primary_cat":"none","_seopress_titles_title":"Krustadejern dobbelt s\u00e5 effektivt - kokkenes foretrukne","_seopress_titles_desc":"Single, dobbelt eller FiveMount - design selv. V\u00e6lg mellem 9 krustade forme og farve p\u00e5 dit h\u00e5ndtag til samme lave pris og dansk design","_seopress_robots_index":"","wprm-recipe-roundup-name":"","wprm-recipe-roundup-description":""},"product_brand":[],"product_cat":[152,168],"product_tag":[117,119,112,118,120],"class_list":{"0":"post-9578","1":"product","2":"type-product","3":"status-publish","4":"has-post-thumbnail","6":"product_cat-croustade-iron-and-rosette-iron","7":"product_cat-double-iron","8":"product_tag-croustade","9":"product_tag-double","10":"product_tag-handle","11":"product_tag-rosette","12":"product_tag-snacks","13":"product-type-variable","14":"tm-no-options","16":"first","17":"instock","18":"taxable","19":"shipping-taxable","20":"purchasable","22":"has-default-attributes"},"acf":[],"_links":{"self":[{"href":"https:\/\/nordic-chefs.com\/da\/wp-json\/wp\/v2\/product\/9578","targetHints":{"allow":["GET"]}}],"collection":[{"href":"https:\/\/nordic-chefs.com\/da\/wp-json\/wp\/v2\/product"}],"about":[{"href":"https:\/\/nordic-chefs.com\/da\/wp-json\/wp\/v2\/types\/product"}],"version-history":[{"count":0,"href":"https:\/\/nordic-chefs.com\/da\/wp-json\/wp\/v2\/product\/9578\/revisions"}],"wp:featuredmedia":[{"embeddable":true,"href":"https:\/\/nordic-chefs.com\/da\/wp-json\/wp\/v2\/media\/9577"}],"wp:attachment":[{"href":"https:\/\/nordic-chefs.com\/da\/wp-json\/wp\/v2\/media?parent=9578"}],"wp:term":[{"taxonomy":"product_brand","embeddable":true,"href":"https:\/\/nordic-chefs.com\/da\/wp-json\/wp\/v2\/product_brand?post=9578"},{"taxonomy":"product_cat","embeddable":true,"href":"https:\/\/nordic-chefs.com\/da\/wp-json\/wp\/v2\/product_cat?post=9578"},{"taxonomy":"product_tag","embeddable":true,"href":"https:\/\/nordic-chefs.com\/da\/wp-json\/wp\/v2\/product_tag?post=9578"}],"curies":[{"name":"wp","href":"https:\/\/api.w.org\/{rel}","templated":true}]}}