{"id":9582,"date":"2024-09-22T21:00:13","date_gmt":"2024-09-22T19:00:13","guid":{"rendered":"https:\/\/nordic-chefs.com\/shop\/uncategorized\/nordic-chefs-small-flat-top-head\/"},"modified":"2026-02-18T00:00:25","modified_gmt":"2026-02-17T22:00:25","slug":"lille-croustadejern-med-flad-top","status":"publish","type":"product","link":"https:\/\/nordic-chefs.com\/da\/shop\/small-flat-top-croustade-iron\/","title":{"rendered":"Lille flad top croustadeform"},"content":{"rendered":"<p class=\"p1\" style=\"text-align: center\">Nordic Chefs Small Flat Top croustadejern er et kokkev\u00e6rkt\u00f8j lavet af premium aluminiumsst\u00e5l. Det er designet til brug i Michelin-k\u00f8kkener, og er ogs\u00e5 perfekt til hjemmekokke, der \u00f8nsker at lave en skalkvalitets-croustade. Uanset om du er inspireret af asiatiske snacks eller m\u00e5ske franske snacks, er dette den lille t\u00e6rteform, du skal stege. Med en naturligt non-stick overflade p\u00e5 vores croustader og vores skridsikre h\u00e5ndtag, tilbyder det komfort og pr\u00e6cision, som et perfekt madlavningsv\u00e6rkt\u00f8j b\u00f8r g\u00f8re.<\/p>","protected":false},"excerpt":{"rendered":"<p class=\"p1\" style=\"text-align: center\">Vores lille flade Croustade-jern er specielt designet til kokke, der specialiserer sig i finere middage og kreerer sm\u00e5 tarteletter med fyld. Den er let, har et ergonomisk design, og du kan tilpasse dit eget croustade- eller rosettejern med over 21 forskellige muligheder! Dette g\u00f8r vores croustadejern til det bedste k\u00f8kkenredskab.<\/p>\n<p style=\"text-align: center\"><strong>Bem\u00e6rk venligst:<\/strong> <i>Dette produkt omfatter kun formen. H\u00e5ndtag skal k\u00f8bes separat.<\/i><\/p>","protected":false},"featured_media":18074,"template":"","meta":{"_acf_changed":false,"_seopress_robots_primary_cat":"none","_seopress_titles_title":"Small Flat Top Croustade Iron Make your own gourmet snacks","_seopress_titles_desc":"Used by michelin chefs worldwide - get the only croustade iron you need at Nordic Chefs. 21 different possibilities for custom your own crunchy snacks","_seopress_robots_index":"","wprm-recipe-roundup-name":"","wprm-recipe-roundup-description":""},"product_brand":[],"product_cat":[267,152,168,167],"product_tag":[],"class_list":{"0":"post-9582","1":"product","2":"type-product","3":"status-publish","4":"has-post-thumbnail","6":"product_cat-croustade-bunuelos-molds","7":"product_cat-croustade-iron-and-rosette-iron","8":"product_cat-double-iron","9":"product_cat-single-iron","10":"product-type-simple","11":"tm-no-options","13":"first","14":"instock","15":"taxable","16":"shipping-taxable","17":"purchasable"},"acf":[],"_links":{"self":[{"href":"https:\/\/nordic-chefs.com\/da\/wp-json\/wp\/v2\/product\/9582","targetHints":{"allow":["GET"]}}],"collection":[{"href":"https:\/\/nordic-chefs.com\/da\/wp-json\/wp\/v2\/product"}],"about":[{"href":"https:\/\/nordic-chefs.com\/da\/wp-json\/wp\/v2\/types\/product"}],"version-history":[{"count":0,"href":"https:\/\/nordic-chefs.com\/da\/wp-json\/wp\/v2\/product\/9582\/revisions"}],"wp:featuredmedia":[{"embeddable":true,"href":"https:\/\/nordic-chefs.com\/da\/wp-json\/wp\/v2\/media\/18074"}],"wp:attachment":[{"href":"https:\/\/nordic-chefs.com\/da\/wp-json\/wp\/v2\/media?parent=9582"}],"wp:term":[{"taxonomy":"product_brand","embeddable":true,"href":"https:\/\/nordic-chefs.com\/da\/wp-json\/wp\/v2\/product_brand?post=9582"},{"taxonomy":"product_cat","embeddable":true,"href":"https:\/\/nordic-chefs.com\/da\/wp-json\/wp\/v2\/product_cat?post=9582"},{"taxonomy":"product_tag","embeddable":true,"href":"https:\/\/nordic-chefs.com\/da\/wp-json\/wp\/v2\/product_tag?post=9582"}],"curies":[{"name":"wp","href":"https:\/\/api.w.org\/{rel}","templated":true}]}}