{"id":9628,"date":"2024-09-24T14:20:33","date_gmt":"2024-09-24T12:20:33","guid":{"rendered":"https:\/\/nordic-chefs.com\/?post_type=product&#038;p=9628"},"modified":"2026-04-10T11:04:54","modified_gmt":"2026-04-10T09:04:54","slug":"skaerepressesaet","status":"publish","type":"product","link":"https:\/\/nordic-chefs.com\/da\/shop\/cutter-press-set\/","title":{"rendered":"Teleskop udstikker s\u00e6t (8 stk.)"},"content":{"rendered":"<p style=\"text-align: center\">Vores unikke Cutter Press Set er specielt udviklet til kokke, der \u00f8nsker at perfektionere deres anretningsteknikker. Med justerbare pr\u00e6cisionsringe giver dette v\u00e6rkt\u00f8j mulighed for omhyggelig kontrol over portionsst\u00f8rrelser, hvilket g\u00f8r det ideelt til at skabe ensartede kulinariske pr\u00e6sentationer. Uanset om du forbereder indviklede forretter eller elegante desserter, vil dette sk\u00e6res\u00e6t hj\u00e6lpe dig med at opn\u00e5 smukke resultater med lethed. Brug den medf\u00f8lgende presse til at forme din valgte ret - f.eks. kaviar, tuntatar eller en l\u00e6kker dessert! Ringene er lavet uden synlig svejsning, hvilket g\u00f8r udsk\u00e6ringerne perfekt runde!<\/p>\n<p style=\"text-align: center\">Lavet og designet af nordiske kokke<\/p>","protected":false},"excerpt":{"rendered":"<p>Vores udstikker er specielt udviklet til kokke, der \u00f8nsker at perfektionere deres anretningsteknikker. Med justerbare pr\u00e6cisionsringe giver dette v\u00e6rkt\u00f8j mulighed for omhyggelig kontrol over portionsst\u00f8rrelser, hvilket g\u00f8r det ideelt til at skabe ensartede kulinariske pr\u00e6sentationer.<\/p>","protected":false},"featured_media":13025,"template":"","meta":{"_acf_changed":false,"_seopress_robots_primary_cat":"none","_seopress_titles_title":"Cutter Press Set for Precision Plating by Nordic Chefs","_seopress_titles_desc":"Perfect the art of plating with our cutters with a press to mold your food perfectly, designed for chefs who value precision and quality chef tools","_seopress_robots_index":""},"product_brand":[],"product_cat":[116],"product_tag":[25],"class_list":{"0":"post-9628","1":"product","2":"type-product","3":"status-publish","4":"has-post-thumbnail","6":"product_cat-cutter","7":"product_tag-engraving","8":"product-type-simple","9":"tm-has-options","11":"first","12":"onbackorder","13":"featured","14":"taxable","15":"shipping-taxable","16":"purchasable"},"acf":[],"_links":{"self":[{"href":"https:\/\/nordic-chefs.com\/da\/wp-json\/wp\/v2\/product\/9628","targetHints":{"allow":["GET"]}}],"collection":[{"href":"https:\/\/nordic-chefs.com\/da\/wp-json\/wp\/v2\/product"}],"about":[{"href":"https:\/\/nordic-chefs.com\/da\/wp-json\/wp\/v2\/types\/product"}],"version-history":[{"count":1,"href":"https:\/\/nordic-chefs.com\/da\/wp-json\/wp\/v2\/product\/9628\/revisions"}],"predecessor-version":[{"id":19530,"href":"https:\/\/nordic-chefs.com\/da\/wp-json\/wp\/v2\/product\/9628\/revisions\/19530"}],"wp:featuredmedia":[{"embeddable":true,"href":"https:\/\/nordic-chefs.com\/da\/wp-json\/wp\/v2\/media\/13025"}],"wp:attachment":[{"href":"https:\/\/nordic-chefs.com\/da\/wp-json\/wp\/v2\/media?parent=9628"}],"wp:term":[{"taxonomy":"product_brand","embeddable":true,"href":"https:\/\/nordic-chefs.com\/da\/wp-json\/wp\/v2\/product_brand?post=9628"},{"taxonomy":"product_cat","embeddable":true,"href":"https:\/\/nordic-chefs.com\/da\/wp-json\/wp\/v2\/product_cat?post=9628"},{"taxonomy":"product_tag","embeddable":true,"href":"https:\/\/nordic-chefs.com\/da\/wp-json\/wp\/v2\/product_tag?post=9628"}],"curies":[{"name":"wp","href":"https:\/\/api.w.org\/{rel}","templated":true}]}}