{"id":9664,"date":"2024-09-24T20:56:15","date_gmt":"2024-09-24T18:56:15","guid":{"rendered":"https:\/\/nordic-chefs.com\/?post_type=product&#038;p=9664"},"modified":"2025-08-18T15:17:00","modified_gmt":"2025-08-18T13:17:00","slug":"lille-cutter-addon-kit-5stk","status":"publish","type":"product","link":"https:\/\/nordic-chefs.com\/da\/shop\/small-cutter-addon-kit-5pcs\/","title":{"rendered":"Lille sk\u00e6res\u00e6t (5 stk. - ekstra s\u00e6t)"},"content":{"rendered":"<p style=\"text-align: left;\">Vores Small Cutter Add-On Kit er fremstillet af holdbart rustfrit st\u00e5l og er designet til kokke, der kr\u00e6ver pr\u00e6cision. De kompakte og perfekt runde ringe er b\u00e5de robuste og nemme at reng\u00f8re, hvilket g\u00f8r dem til det ideelle udsk\u00e6ringsv\u00e6rkt\u00f8j! Ringene er lavet uden synlig svejsning, hvilket g\u00f8r udsk\u00e6ringerne perfekt runde - Cuttere til enhver lejlighed, kokke eller amat\u00f8rer!<\/p>\n<p class=\"p1\">Lavet og designet af nordiske kokke<\/p>\n<p style=\"text-align: left;\">","protected":false},"excerpt":{"rendered":"<p>Our Small Cutter Add-On Kit is crafted from durable stainless steel, is designed for chefs who demand precision. The compact and perfectly round rings is both robust and easy to clean, this makes this the ideal cutter tool! The rings are made with no visible welding, making the cuts perfectly round &#8211; Cutters for every [&hellip;]<\/p>\n","protected":false},"featured_media":9665,"template":"","meta":{"_acf_changed":false,"_seopress_robots_primary_cat":"none","_seopress_titles_title":"Small Cutter add on kit by Nordic Chefs - Made for chefs","_seopress_titles_desc":"Seamless stainless steel cutters. Perfect for uniform slices, featuring a durable jet black finish - the perfect cookie cutters if your a professional chef","_seopress_robots_index":""},"product_brand":[],"product_cat":[116],"product_tag":[25],"class_list":{"0":"post-9664","1":"product","2":"type-product","3":"status-publish","4":"has-post-thumbnail","6":"product_cat-cutter","7":"product_tag-engraving","8":"product-type-simple","9":"tm-has-options","11":"first","12":"instock","13":"taxable","14":"shipping-taxable","15":"purchasable"},"acf":[],"_links":{"self":[{"href":"https:\/\/nordic-chefs.com\/da\/wp-json\/wp\/v2\/product\/9664","targetHints":{"allow":["GET"]}}],"collection":[{"href":"https:\/\/nordic-chefs.com\/da\/wp-json\/wp\/v2\/product"}],"about":[{"href":"https:\/\/nordic-chefs.com\/da\/wp-json\/wp\/v2\/types\/product"}],"version-history":[{"count":0,"href":"https:\/\/nordic-chefs.com\/da\/wp-json\/wp\/v2\/product\/9664\/revisions"}],"wp:featuredmedia":[{"embeddable":true,"href":"https:\/\/nordic-chefs.com\/da\/wp-json\/wp\/v2\/media\/9665"}],"wp:attachment":[{"href":"https:\/\/nordic-chefs.com\/da\/wp-json\/wp\/v2\/media?parent=9664"}],"wp:term":[{"taxonomy":"product_brand","embeddable":true,"href":"https:\/\/nordic-chefs.com\/da\/wp-json\/wp\/v2\/product_brand?post=9664"},{"taxonomy":"product_cat","embeddable":true,"href":"https:\/\/nordic-chefs.com\/da\/wp-json\/wp\/v2\/product_cat?post=9664"},{"taxonomy":"product_tag","embeddable":true,"href":"https:\/\/nordic-chefs.com\/da\/wp-json\/wp\/v2\/product_tag?post=9664"}],"curies":[{"name":"wp","href":"https:\/\/api.w.org\/{rel}","templated":true}]}}