{"id":9871,"date":"2024-10-04T15:06:04","date_gmt":"2024-10-04T13:06:04","guid":{"rendered":"https:\/\/nordic-chefs.com\/?post_type=product&#038;p=9871"},"modified":"2025-10-01T16:58:36","modified_gmt":"2025-10-01T14:58:36","slug":"nordiske-kokketaenger-lige-30cm-jet-sort-uden-taender","status":"publish","type":"product","link":"https:\/\/nordic-chefs.com\/da\/shop\/nordic-chefs-straight-tweezers-30cm-jet-black-without-teeth\/","title":{"rendered":"Nordic Chefs Lige Pincet \u2013 30cm"},"content":{"rendered":"<p>G\u00f8r dig klar til at l\u00f8fte dit madlavningsspil med disse lige pincetter.<\/p>\n<p>Fremstillet og f\u00e6rdiggjort efter h\u00f8jeste standarder er denne pincet et must-have i ethvert k\u00f8kken. Den perfekte klemsp\u00e6nding og p\u00e5lidelige savtakkede kant g\u00f8r dem uundv\u00e6rlige til pr\u00e6cis madlavning, hvad enten det er p\u00e5 komfuret, grillen eller ved anretningen.<\/p>\n<p>Built to last a lifetime, these tweezers are great for cooking delicate items like prawns, scallops, and small fillets, and are preferred by top chefs for their precision and ease of use.<\/p>\n<p>Don&#8217;t miss out on this opportunity to impress your guests and take your cooking to the next level. Get yours today!<\/p>\n<p>&nbsp;<\/p>","protected":false},"excerpt":{"rendered":"<p>G\u00f8r dig klar til at l\u00f8fte dit madlavningsspil med disse lige pincetter.<\/p>\n<p>Fremstillet og f\u00e6rdiggjort efter h\u00f8jeste standarder er denne pincet et must-have i ethvert k\u00f8kken. Den perfekte klemsp\u00e6nding og p\u00e5lidelige savtakkede kant g\u00f8r dem uundv\u00e6rlige til pr\u00e6cis madlavning, hvad enten det er p\u00e5 komfuret, grillen eller ved anretningen.<\/p>","protected":false},"featured_media":10064,"template":"","meta":{"_acf_changed":false,"_seopress_robots_primary_cat":"none","_seopress_titles_title":"Master Precision Cooking with Nordic Chefs Tweezers","_seopress_titles_desc":"Enhance your culinary skills with Nordic Chefs Tweezers. Perfect pincer tension ensures precision on the stove or grill. Ideal for delicate dishes. Get yours now!","_seopress_robots_index":"","wprm-recipe-roundup-name":"","wprm-recipe-roundup-description":""},"product_brand":[],"product_cat":[125,26,126],"product_tag":[],"class_list":{"0":"post-9871","1":"product","2":"type-product","3":"status-publish","4":"has-post-thumbnail","6":"product_cat-chef-tweezers","7":"product_cat-tweezers","8":"product_cat-without-teeth-single-tweezers","9":"product-type-variable","10":"tm-no-options","12":"first","13":"instock","14":"taxable","15":"shipping-taxable","16":"purchasable","18":"has-default-attributes"},"acf":[],"_links":{"self":[{"href":"https:\/\/nordic-chefs.com\/da\/wp-json\/wp\/v2\/product\/9871","targetHints":{"allow":["GET"]}}],"collection":[{"href":"https:\/\/nordic-chefs.com\/da\/wp-json\/wp\/v2\/product"}],"about":[{"href":"https:\/\/nordic-chefs.com\/da\/wp-json\/wp\/v2\/types\/product"}],"version-history":[{"count":0,"href":"https:\/\/nordic-chefs.com\/da\/wp-json\/wp\/v2\/product\/9871\/revisions"}],"wp:featuredmedia":[{"embeddable":true,"href":"https:\/\/nordic-chefs.com\/da\/wp-json\/wp\/v2\/media\/10064"}],"wp:attachment":[{"href":"https:\/\/nordic-chefs.com\/da\/wp-json\/wp\/v2\/media?parent=9871"}],"wp:term":[{"taxonomy":"product_brand","embeddable":true,"href":"https:\/\/nordic-chefs.com\/da\/wp-json\/wp\/v2\/product_brand?post=9871"},{"taxonomy":"product_cat","embeddable":true,"href":"https:\/\/nordic-chefs.com\/da\/wp-json\/wp\/v2\/product_cat?post=9871"},{"taxonomy":"product_tag","embeddable":true,"href":"https:\/\/nordic-chefs.com\/da\/wp-json\/wp\/v2\/product_tag?post=9871"}],"curies":[{"name":"wp","href":"https:\/\/api.w.org\/{rel}","templated":true}]}}