{"id":9877,"date":"2024-10-04T15:09:33","date_gmt":"2024-10-04T13:09:33","guid":{"rendered":"https:\/\/nordic-chefs.com\/?post_type=product&#038;p=9877"},"modified":"2025-10-26T22:27:09","modified_gmt":"2025-10-26T20:27:09","slug":"nordic-chefs-lige-kokkepincet-15-cm-uden-taender","status":"publish","type":"product","link":"https:\/\/nordic-chefs.com\/da\/shop\/nordic-chefs-straight-chefs-tweezers-15-5cm-without-teeth\/","title":{"rendered":"Nordic Chefs - Lige kokkepincet"},"content":{"rendered":"<p>Vi pr\u00e6senterer vores Straight Chef's Tweezers. Det ultimative v\u00e6rkt\u00f8j til at opn\u00e5 pr\u00e6cision og perfektion, n\u00e5r du anretter mad. Denne pincet er en fast bestanddel i professionelle k\u00f8kkener, og nu kan du bringe dette niveau af pr\u00e6cision til dit hjemmek\u00f8kken.<\/p>\n<p>Denne pladepincet er udformet med mere sk\u00e5nsomme spidser end almindelige pincetter og er designet til at h\u00e5ndtere selv de mest sarte ting, som f.eks. miniatureurter og blomsterblade, uden at knuse eller beskadige dem.<\/p>\n<p>Deres fine spidser giver enest\u00e5ende kontrol og n\u00f8jagtighed, n\u00e5r man anretter, og sikrer, at hver eneste ret pr\u00e6senteres smukt.<\/p>\n<p>Pincetten er fremstillet af rustfrit st\u00e5l af h\u00f8j kvalitet og er holdbar og nem at reng\u00f8re, hvilket g\u00f8r den til en p\u00e5lidelig tilf\u00f8jelse til dit k\u00f8kken. Uanset om du er en professionel kok eller en hjemmekok, der \u00f8nsker at forbedre dine kulinariske kreationer, er vores Nordic Chefs Straight Chef's Tweezers et must-have-v\u00e6rkt\u00f8j til pr\u00e6cision og opm\u00e6rksomhed p\u00e5 detaljer.<\/p>\n<p>Lad dig ikke n\u00f8jes med mindre end perfektion i din madpr\u00e6sentation. Opgrader din k\u00f8kkenv\u00e6rkt\u00f8jskasse med vores tallerkenpincet i dag.<\/p>","protected":false},"excerpt":{"rendered":"<p>Vi pr\u00e6senterer vores Straight Chef's Tweezers. Det ultimative v\u00e6rkt\u00f8j til at opn\u00e5 pr\u00e6cision og perfektion, n\u00e5r du anretter mad. Denne pincet er en fast bestanddel i professionelle k\u00f8kkener, og nu kan du bringe dette niveau af pr\u00e6cision til dit hjemmek\u00f8kken.<\/p>","protected":false},"featured_media":10052,"template":"","meta":{"_acf_changed":false,"_seopress_robots_primary_cat":"none","_seopress_titles_title":"Achieve Precision with Nordic Chefs Plating Tweezers","_seopress_titles_desc":"Achieve perfection with Nordic Chefs Tweezers. Designed for precision, these stainless steel tools handle delicate items with ease. Upgrade today!","_seopress_robots_index":""},"product_brand":[],"product_cat":[125,26,126],"product_tag":[],"class_list":{"0":"post-9877","1":"product","2":"type-product","3":"status-publish","4":"has-post-thumbnail","6":"product_cat-chef-tweezers","7":"product_cat-tweezers","8":"product_cat-without-teeth-single-tweezers","9":"product-type-variable","10":"tm-no-options","12":"first","13":"instock","14":"taxable","15":"shipping-taxable","16":"purchasable","18":"has-default-attributes"},"acf":[],"_links":{"self":[{"href":"https:\/\/nordic-chefs.com\/da\/wp-json\/wp\/v2\/product\/9877","targetHints":{"allow":["GET"]}}],"collection":[{"href":"https:\/\/nordic-chefs.com\/da\/wp-json\/wp\/v2\/product"}],"about":[{"href":"https:\/\/nordic-chefs.com\/da\/wp-json\/wp\/v2\/types\/product"}],"version-history":[{"count":0,"href":"https:\/\/nordic-chefs.com\/da\/wp-json\/wp\/v2\/product\/9877\/revisions"}],"wp:featuredmedia":[{"embeddable":true,"href":"https:\/\/nordic-chefs.com\/da\/wp-json\/wp\/v2\/media\/10052"}],"wp:attachment":[{"href":"https:\/\/nordic-chefs.com\/da\/wp-json\/wp\/v2\/media?parent=9877"}],"wp:term":[{"taxonomy":"product_brand","embeddable":true,"href":"https:\/\/nordic-chefs.com\/da\/wp-json\/wp\/v2\/product_brand?post=9877"},{"taxonomy":"product_cat","embeddable":true,"href":"https:\/\/nordic-chefs.com\/da\/wp-json\/wp\/v2\/product_cat?post=9877"},{"taxonomy":"product_tag","embeddable":true,"href":"https:\/\/nordic-chefs.com\/da\/wp-json\/wp\/v2\/product_tag?post=9877"}],"curies":[{"name":"wp","href":"https:\/\/api.w.org\/{rel}","templated":true}]}}