{"id":9884,"date":"2024-10-04T15:12:13","date_gmt":"2024-10-04T13:12:13","guid":{"rendered":"https:\/\/nordic-chefs.com\/?post_type=product&#038;p=9884"},"modified":"2025-10-23T00:20:13","modified_gmt":"2025-10-22T22:20:13","slug":"nordic-chefs-hojpraecisions-offset-kokkepincet-14-cm-uden-taender","status":"publish","type":"product","link":"https:\/\/nordic-chefs.com\/da\/shop\/nordic-chefs-high-precision-offset-chefs-tweezers-14cm-without-teeth\/","title":{"rendered":"Offset kokkepincet med h\u00f8j pr\u00e6cision"},"content":{"rendered":"<p>High Precision Offset Chef's Tweezers er designet til pr\u00e6cisionsarbejde og kan h\u00e5ndtere selv de mindste detaljer.<\/p>\n<p>Denne pincet er is\u00e6r nyttig til at samle sarte blomster eller mikrogr\u00f8nt op og l\u00e6gge sidste h\u00e5nd p\u00e5 en ret for at f\u00e5 en fantastisk pr\u00e6sentation.<\/p>\n<p>Denne pincet er fremstillet af rustfrit st\u00e5l i topkvalitet og er ikke kun holdbar, men ogs\u00e5 sikker at bruge sammen med f\u00f8devarer takket v\u00e6re den ugiftige farve.<\/p>\n<p>Enhver kok eller hjemmekok, der er p\u00e5 udkig efter et p\u00e5lideligt v\u00e6rkt\u00f8j af h\u00f8j kvalitet til pr\u00e6cisionstilberedning, b\u00f8r overveje at tilf\u00f8je denne pincet til deres samling.<\/p>","protected":false},"excerpt":{"rendered":"<p style=\"text-align: center;\">The High Precision Offset Chef\u2019s Tweezers are designed for precision work and can handle even the smallest of details.<\/p>\n<p style=\"text-align: center;\">Denne pincet er is\u00e6r nyttig til at samle sarte blomster eller mikrogr\u00f8nt op og l\u00e6gge sidste h\u00e5nd p\u00e5 en ret for at f\u00e5 en fantastisk pr\u00e6sentation.<\/p>","protected":false},"featured_media":10051,"template":"","meta":{"_acf_changed":false,"_seopress_robots_primary_cat":"none","_seopress_titles_title":"High-Precision Chef's Tweezers for Perfect Presentation","_seopress_titles_desc":"Create stunning presentations with Nordic Chefs kitchen tweezers perfect for plating. it is durable, non-toxic stainless steel for precision cooking.","_seopress_robots_index":""},"product_brand":[],"product_cat":[125,26,127,126],"product_tag":[],"class_list":{"0":"post-9884","1":"product","2":"type-product","3":"status-publish","4":"has-post-thumbnail","6":"product_cat-chef-tweezers","7":"product_cat-tweezers","8":"product_cat-with-teeth-single-tweezers","9":"product_cat-without-teeth-single-tweezers","10":"product-type-variable","11":"tm-no-options","13":"first","14":"instock","15":"taxable","16":"shipping-taxable","17":"purchasable","19":"has-default-attributes"},"acf":[],"_links":{"self":[{"href":"https:\/\/nordic-chefs.com\/da\/wp-json\/wp\/v2\/product\/9884","targetHints":{"allow":["GET"]}}],"collection":[{"href":"https:\/\/nordic-chefs.com\/da\/wp-json\/wp\/v2\/product"}],"about":[{"href":"https:\/\/nordic-chefs.com\/da\/wp-json\/wp\/v2\/types\/product"}],"version-history":[{"count":0,"href":"https:\/\/nordic-chefs.com\/da\/wp-json\/wp\/v2\/product\/9884\/revisions"}],"wp:featuredmedia":[{"embeddable":true,"href":"https:\/\/nordic-chefs.com\/da\/wp-json\/wp\/v2\/media\/10051"}],"wp:attachment":[{"href":"https:\/\/nordic-chefs.com\/da\/wp-json\/wp\/v2\/media?parent=9884"}],"wp:term":[{"taxonomy":"product_brand","embeddable":true,"href":"https:\/\/nordic-chefs.com\/da\/wp-json\/wp\/v2\/product_brand?post=9884"},{"taxonomy":"product_cat","embeddable":true,"href":"https:\/\/nordic-chefs.com\/da\/wp-json\/wp\/v2\/product_cat?post=9884"},{"taxonomy":"product_tag","embeddable":true,"href":"https:\/\/nordic-chefs.com\/da\/wp-json\/wp\/v2\/product_tag?post=9884"}],"curies":[{"name":"wp","href":"https:\/\/api.w.org\/{rel}","templated":true}]}}