{"id":9960,"date":"2024-10-08T12:31:38","date_gmt":"2024-10-08T10:31:38","guid":{"rendered":"https:\/\/nordic-chefs.com\/?post_type=product&#038;p=9960"},"modified":"2025-10-06T10:44:35","modified_gmt":"2025-10-06T08:44:35","slug":"diamantskiveform","status":"publish","type":"product","link":"https:\/\/nordic-chefs.com\/da\/shop\/diamond-disk-mold\/","title":{"rendered":"Diamantskiveform"},"content":{"rendered":"<p data-start=\"305\" data-end=\"595\">Vores Diamond Disk-form er udformet med pr\u00e6cision og elegance og er designet til kokke, der kr\u00e6ver perfektion i b\u00e5de form og funktion. F\u00e5s i <strong data-start=\"448\" data-end=\"461\">to st\u00f8rrelser<\/strong> (lille eller stor) er denne form perfekt til at skabe markante desserter, pynt eller salte elementer med en raffineret geometrisk finish.<\/p>\n<p data-start=\"597\" data-end=\"839\">Hver vare indeholder <strong data-start=\"616\" data-end=\"638\">2 individuelle forme<\/strong> og er <strong data-start=\"646\" data-end=\"682\">designet og produceret i Danmark<\/strong> ved hj\u00e6lp af <strong data-start=\"689\" data-end=\"717\">100% silikone af f\u00f8devarekvalitet<\/strong>. Formen modst\u00e5r ekstreme temperaturer, fra <strong data-start=\"766\" data-end=\"785\">-50\u00b0C til +250\u00b0C<\/strong>hvilket g\u00f8r den velegnet til b\u00e5de <strong data-start=\"815\" data-end=\"838\">nedfrysning og bagning<\/strong>.<\/p>\n<p data-start=\"841\" data-end=\"973\">Holdbar, fleksibel og nem at frig\u00f8re - professionelle stoler p\u00e5 Diamond Disk-formen p\u00e5 grund af dens p\u00e5lidelighed og fejlfri resultater.<\/p>","protected":false},"excerpt":{"rendered":"<p style=\"text-align: center;\">Vores Diamond Disk-form er udformet med pr\u00e6cision og elegance og er designet til kokke, der kr\u00e6ver perfektion i b\u00e5de form og funktion. F\u00e5s i <strong data-start=\"448\" data-end=\"461\">to st\u00f8rrelser<\/strong> (lille eller stor) er denne form perfekt til at skabe markante desserter, pynt eller salte elementer med en raffineret geometrisk finish.<\/p>","protected":false},"featured_media":14892,"template":"","meta":{"_acf_changed":false,"_seopress_robots_primary_cat":"none","_seopress_titles_title":"Diamond Disk Silicone Mold \u2013 Small & Large | Nordic Chefs","_seopress_titles_desc":"Diamond Disk mold in small or large. Made in Denmark from 100% food-safe silicone. Oven & freezer safe. Includes 2 molds per item.","_seopress_robots_index":""},"product_brand":[],"product_cat":[104],"product_tag":[],"class_list":{"0":"post-9960","1":"product","2":"type-product","3":"status-publish","4":"has-post-thumbnail","6":"product_cat-silicone-molds-3d","7":"product-type-variable","8":"tm-no-options","10":"first","11":"instock","12":"taxable","13":"shipping-taxable","14":"purchasable","16":"has-default-attributes"},"acf":[],"_links":{"self":[{"href":"https:\/\/nordic-chefs.com\/da\/wp-json\/wp\/v2\/product\/9960","targetHints":{"allow":["GET"]}}],"collection":[{"href":"https:\/\/nordic-chefs.com\/da\/wp-json\/wp\/v2\/product"}],"about":[{"href":"https:\/\/nordic-chefs.com\/da\/wp-json\/wp\/v2\/types\/product"}],"version-history":[{"count":0,"href":"https:\/\/nordic-chefs.com\/da\/wp-json\/wp\/v2\/product\/9960\/revisions"}],"wp:featuredmedia":[{"embeddable":true,"href":"https:\/\/nordic-chefs.com\/da\/wp-json\/wp\/v2\/media\/14892"}],"wp:attachment":[{"href":"https:\/\/nordic-chefs.com\/da\/wp-json\/wp\/v2\/media?parent=9960"}],"wp:term":[{"taxonomy":"product_brand","embeddable":true,"href":"https:\/\/nordic-chefs.com\/da\/wp-json\/wp\/v2\/product_brand?post=9960"},{"taxonomy":"product_cat","embeddable":true,"href":"https:\/\/nordic-chefs.com\/da\/wp-json\/wp\/v2\/product_cat?post=9960"},{"taxonomy":"product_tag","embeddable":true,"href":"https:\/\/nordic-chefs.com\/da\/wp-json\/wp\/v2\/product_tag?post=9960"}],"curies":[{"name":"wp","href":"https:\/\/api.w.org\/{rel}","templated":true}]}}